{"id":248959,"date":"2026-01-10T17:57:13","date_gmt":"2026-01-10T14:57:13","guid":{"rendered":"https:\/\/baldumarket.lt\/product\/bed-concept-bc-12-polkotapczan-pionowy-160-bialy\/"},"modified":"2026-02-11T18:32:16","modified_gmt":"2026-02-11T15:32:16","slug":"bed-concept-bc-12-polkotapczan-pionowy-160-bialy","status":"publish","type":"product","link":"https:\/\/baldumarket.lt\/lt\/produktas\/bed-concept-bc-12-polkotapczan-pionowy-160-bialy\/","title":{"rendered":"Lovos koncepcija BC-12 \u2013 vertikali prie sienos montuojama lova 160 \u2013 balta"},"content":{"rendered":"<p>Modelis: BC-12<br \/>\nSpalva: balta<br \/>\nMatmenys: Kaip parodyta paveiksl\u0117lyje<br \/>\nMed\u017eiaga: Korpusas ir priekin\u0117 dalis pagaminti i\u0161 auk\u0161tos kokyb\u0117s laminuotos ir MDF plok\u0161t\u0117s, atsparios pa\u017eeidimams, dr\u0117gmei ir auk\u0161tai temperat\u016brai<br \/>\nABS kra\u0161tai didesniam patvarumui<br \/>\nTvirtas metalinis lovos r\u0117mas<br \/>\nPneumatiniai keltuvai lengvam atidarymui ir u\u017edarymui<br \/>\n\u0160velnaus u\u017edarymo sistema tyliam ir skland\u017eiam veikimui<br \/>\nMedinis groteli\u0173 r\u0117mas patogiam miegui<br \/>\nPrakti\u0161ki dir\u017eeliai patalyn\u0117s tvirtinimui<br \/>\nPriekyje \u012fmontuota odin\u0117 rankena<br \/>\nNaujas produktas, gamykloje supakuotas, skirtas savaranki\u0161kam surinkimui<\/p>\n<p>\u201eLenart BED CONCEPT BC-12\u201c \u2013 tai 160 cm plo\u010dio vertikali sienin\u0117 lova, sukurta atsi\u017evelgiant \u012f modern\u0173 interjer\u0105 ir maksimal\u0173 erdv\u0117s i\u0161naudojim\u0105. \u0160is modelis i\u0161siskiria eleganti\u0161ka balta priekine dalimi ir funkcionalumu, leid\u017eian\u010diu lengvai paversti svetain\u0119 patogiu miegamuoju. \u201eLenart\u201c u\u017etikrino, kad \u201eBED CONCEPT BC-12\u201c derina komfort\u0105, saugum\u0105 ir tvirt\u0105 konstrukcij\u0105, k\u0105 patvirtina presti\u017einis MTP 2019 aukso medalio apdovanojimas. BC-12 sienin\u0117 lova turi prakti\u0161kas vidines lentynas, puikiai tinkan\u010dias knygoms, dekoracijoms ar kasdieniams daiktams. Lova sukurta taip, kad u\u017etikrint\u0173 patog\u0173 mieg\u0105, prilygstant\u012f tradicin\u0117ms lovoms \u2013 d\u0117l groteli\u0173 r\u0117mo, stabilaus r\u0117mo ir \u010diu\u017einio stabilizavimo sistemos. Atidarymas ir u\u017edarymas yra itin lengvas ir saugus d\u0117l pneumatini\u0173 keltuv\u0173 ir \u0161velnaus u\u017edarymo sistemos, kuri u\u017etikrina skland\u0173 ir tyl\u0173 veikim\u0105. \u0160is sprendimas idealiai tinka butams su ribota erdve \u2013 studijos tipo apartamentams, jaunimo kambariams, biurams ar sve\u010di\u0173 kambariams. Turint galimyb\u0119 prid\u0117ti lentynas ir LED ap\u0161vietim\u0105, \u201eLenart BC-12\u201c sienin\u0119 lov\u0105 galima dar labiau pritaikyti pagal j\u016bs\u0173 poreikius ir interjero dizain\u0105.<\/p>","protected":false},"excerpt":{"rendered":"<p>Modelis: BC-12 Spalva: Balta Matmenys: Kaip parodyta paveiksl\u0117lyje Med\u017eiaga: Korpusas ir priekin\u0117 dalis pagaminti i\u0161 auk\u0161tos kokyb\u0117s laminuotos ir MDF plok\u0161t\u0117s, atsparios pa\u017eeidimams, dr\u0117gmei ir auk\u0161tai temperat\u016brai ABS kra\u0161tai didesniam patvarumui Tvirtas metalinis lovos r\u0117mas Pneumatiniai keltuvai lengvam atidarymui ir u\u017edarymui \u0160velnaus u\u017edarymo sistema tyliam ir skland\u017eiam veikimui Medinis groteli\u0173 r\u0117mas patogiam miegui [\u2026]<\/p>","protected":false},"featured_media":248960,"comment_status":"open","ping_status":"open","template":"","meta":[],"product_brand":[],"product_cat":[9251],"product_tag":[],"class_list":{"0":"post-248959","1":"product","2":"type-product","3":"status-publish","4":"has-post-thumbnail","6":"product_cat-musor","8":"first","9":"instock","10":"purchasable","11":"product-type-simple"},"_links":{"self":[{"href":"https:\/\/baldumarket.lt\/lt\/wp-json\/wp\/v2\/product\/248959","targetHints":{"allow":["GET"]}}],"collection":[{"href":"https:\/\/baldumarket.lt\/lt\/wp-json\/wp\/v2\/product"}],"about":[{"href":"https:\/\/baldumarket.lt\/lt\/wp-json\/wp\/v2\/types\/product"}],"replies":[{"embeddable":true,"href":"https:\/\/baldumarket.lt\/lt\/wp-json\/wp\/v2\/comments?post=248959"}],"wp:featuredmedia":[{"embeddable":true,"href":"https:\/\/baldumarket.lt\/lt\/wp-json\/wp\/v2\/media\/248960"}],"wp:attachment":[{"href":"https:\/\/baldumarket.lt\/lt\/wp-json\/wp\/v2\/media?parent=248959"}],"wp:term":[{"taxonomy":"product_brand","embeddable":true,"href":"https:\/\/baldumarket.lt\/lt\/wp-json\/wp\/v2\/product_brand?post=248959"},{"taxonomy":"product_cat","embeddable":true,"href":"https:\/\/baldumarket.lt\/lt\/wp-json\/wp\/v2\/product_cat?post=248959"},{"taxonomy":"product_tag","embeddable":true,"href":"https:\/\/baldumarket.lt\/lt\/wp-json\/wp\/v2\/product_tag?post=248959"}],"curies":[{"name":"wp","href":"https:\/\/api.w.org\/{rel}","templated":true}]}}