{"id":248943,"date":"2026-01-10T17:57:07","date_gmt":"2026-01-10T14:57:07","guid":{"rendered":"https:\/\/baldumarket.lt\/product\/bed-concept-bc-02-polkotapczan-pionowy-120-bialy\/"},"modified":"2026-02-11T18:32:16","modified_gmt":"2026-02-11T15:32:16","slug":"bed-concept-bc-02-polkotapczan-pionowy-120-bialy","status":"publish","type":"product","link":"https:\/\/baldumarket.lt\/lt\/produktas\/bed-concept-bc-02-polkotapczan-pionowy-120-bialy\/","title":{"rendered":"Lovos koncepcija BC-02 \u2013 vertikali prie sienos montuojama lova 120 \u2013 balta"},"content":{"rendered":"<p>Modelis: BC-02<br \/>\nSpalva: balta<br \/>\nMatmenys: Kaip parodyta paveiksl\u0117lyje<br \/>\nGamintojas: \u201eLenart\u201c prek\u0117s \u017eenklo produktas i\u0161 \u201eBED CONCEPT\u201c serijos<br \/>\nModelis BC-02 \u2013 vertikali prie sienos tvirtinama lova 200 \u00d7 120 cm \u010diu\u017einiui<br \/>\nPriekin\u0117 dalis eleganti\u0161ka balta apdaila<br \/>\nStabilus prie sienos tvirtinamas korpusas ir metalinis lovos r\u0117mas<br \/>\nMedinis groteli\u0173 r\u0117mas su \u010diu\u017einio stabilizatoriumi<br \/>\nPneumatiniai keltuvai lengvam ir saugiam atidarymui<br \/>\n\u0160velnaus u\u017edarymo sistema tyliam lovos u\u017edarymui<br \/>\nTvirtinimo dir\u017eeliai patalynei laikyti su lova<br \/>\nVidin\u0117s lentynos knygoms ir kasdieniams daiktams<br \/>\nGalima papildomai \u012frengti BC-07, BC-08 knyg\u0173 lentynas ir LED ap\u0161vietim\u0105<br \/>\nDidelis atsparumas pa\u017eeidimams d\u0117l laminuot\u0173 plok\u0161\u010di\u0173, MDF ir ABS kra\u0161t\u0173<br \/>\nNaujas produktas, gamykloje supakuotas, skirtas savaranki\u0161kam surinkimui<\/p>\n<p>\u201eLenart BED CONCEPT BC-02\u201c vertikali sienin\u0117 lova, 120 cm, balta \u2013 tai baldas, kuriame derinamas modernus dizainas ir prakti\u0161kas po\u017ei\u016bris \u012f interjero dizain\u0105. Jis net ir ma\u017e\u0105 kambar\u012f per kelias akimirkas paver\u010dia patogiu miegamuoju, i\u0161laikant erdv\u0119 kasdieniam gyvenimui. \u201eLenart\u201c suk\u016br\u0117 \u0161\u012f model\u012f taip, kad jis b\u016bt\u0173 funkcionalus, patogus ir saugus, tuo pa\u010diu skland\u017eiai der\u0117t\u0173 prie \u012fvairi\u0173 interjer\u0173. Lova turi prakti\u0161kas vidines lentynas, puikiai tinkan\u010dias knygoms, dekoracijoms ar kasdieniams daiktams laikyti. Tvirtas, prie sienos tvirtinamas r\u0117mas, metalinis r\u0117mas ir medin\u0117s grotel\u0117s u\u017etikrina patvarum\u0105 ir miego komfort\u0105, prilygstant\u012f tradicinei lovai. Pneumatiniai keltuvai leid\u017eia atidaryti ir u\u017edaryti lengvai ir saugiai, o \u0161velnaus u\u017edarymo sistema leid\u017eia mechanizmui veikti prakti\u0161kai tyliai. BC-02 sienin\u0117 lova 2019 m. Poznan\u0117s tarptautin\u0117je parodoje buvo apdovanota aukso medaliu, patvirtinan\u010diu jos kokyb\u0119 ir inovatyvum\u0105.<\/p>","protected":false},"excerpt":{"rendered":"<p>Modelis: BC-02 Spalva: Balta Matmenys: Kaip parodyta paveiksl\u0117lyje Gamintojas: \u201eLenart\u201c prek\u0117s \u017eenklo produktas i\u0161 \u201eBED CONCEPT\u201c serijos Modelis BC-02 \u2013 vertikali sienin\u0117 lova 200 \u00d7 120 cm \u010diu\u017einiui Priekin\u0117 dalis eleganti\u0161kos baltos spalvos Stabilus prie sienos tvirtinamas korpusas ir metalinis lovos r\u0117mas Medinis groteli\u0173 r\u0117mas su \u010diu\u017einio stabilizatoriumi Pneumatiniai keltuvai lengvam ir saugiam atidarymui Mink\u0161tas [\u2026]<\/p>","protected":false},"featured_media":248944,"comment_status":"open","ping_status":"open","template":"","meta":[],"product_brand":[],"product_cat":[505,2454,9196],"product_tag":[],"class_list":{"0":"post-248943","1":"product","2":"type-product","3":"status-publish","4":"has-post-thumbnail","6":"product_cat-bedroom-beds","7":"product_cat-lenart","8":"product_cat-furniture-system-bed-concept-lenart","10":"first","11":"instock","12":"purchasable","13":"product-type-simple"},"_links":{"self":[{"href":"https:\/\/baldumarket.lt\/lt\/wp-json\/wp\/v2\/product\/248943","targetHints":{"allow":["GET"]}}],"collection":[{"href":"https:\/\/baldumarket.lt\/lt\/wp-json\/wp\/v2\/product"}],"about":[{"href":"https:\/\/baldumarket.lt\/lt\/wp-json\/wp\/v2\/types\/product"}],"replies":[{"embeddable":true,"href":"https:\/\/baldumarket.lt\/lt\/wp-json\/wp\/v2\/comments?post=248943"}],"wp:featuredmedia":[{"embeddable":true,"href":"https:\/\/baldumarket.lt\/lt\/wp-json\/wp\/v2\/media\/248944"}],"wp:attachment":[{"href":"https:\/\/baldumarket.lt\/lt\/wp-json\/wp\/v2\/media?parent=248943"}],"wp:term":[{"taxonomy":"product_brand","embeddable":true,"href":"https:\/\/baldumarket.lt\/lt\/wp-json\/wp\/v2\/product_brand?post=248943"},{"taxonomy":"product_cat","embeddable":true,"href":"https:\/\/baldumarket.lt\/lt\/wp-json\/wp\/v2\/product_cat?post=248943"},{"taxonomy":"product_tag","embeddable":true,"href":"https:\/\/baldumarket.lt\/lt\/wp-json\/wp\/v2\/product_tag?post=248943"}],"curies":[{"name":"wp","href":"https:\/\/api.w.org\/{rel}","templated":true}]}}