{"id":248935,"date":"2026-01-10T17:57:04","date_gmt":"2026-01-10T14:57:04","guid":{"rendered":"https:\/\/baldumarket.lt\/product\/bed-concept-bc-02-polkotapczan-pionowy-120-dab-artisan\/"},"modified":"2026-02-11T18:32:16","modified_gmt":"2026-02-11T15:32:16","slug":"bed-concept-bc-02-polkotapczan-pionowy-120-dab-artisan","status":"publish","type":"product","link":"https:\/\/baldumarket.lt\/lt\/produktas\/bed-concept-bc-02-polkotapczan-pionowy-120-dab-artisan\/","title":{"rendered":"Lovos koncepcija BC-02 \u2013 vertikali sienin\u0117 lova 120 cm \u2013 \u0105\u017euolo imitacija"},"content":{"rendered":"<p>Modelis: BC-02<br \/>\nSpalva: Artisan Oak<br \/>\nMatmenys: Kaip parodyta paveiksl\u0117lyje<br \/>\nGamintojas: Lenart i\u0161 BED CONCEPT serijos<br \/>\nModelis BC-02 \u2013 vertikali prie sienos tvirtinama lova 200 x 120 cm \u010diu\u017einiui<br \/>\nPriekin\u0117 dalis su nat\u016braliai atrodan\u010dia \u201eArtisan Oak\u201c apdaila<br \/>\nStabilus, prie sienos tvirtinamas r\u0117mas ir tvirtas metalinis r\u0117mas<br \/>\nMedinis groteli\u0173 r\u0117mas su \u010diu\u017einio stabilizatoriumi<br \/>\nPneumatiniai keltuvai lengvam ir saugiam naudojimui<br \/>\n\u0160velnaus u\u017edarymo sistema tyliam u\u017edarymui<br \/>\nPrakti\u0161kos vidin\u0117s lentynos knygoms, dekoracijoms ir smulkiems daiktams<br \/>\nTvirtinimo dir\u017eeliai leid\u017eia laikyti patalyn\u0119 kartu su lova<br \/>\nPagaminta i\u0161 laminuot\u0173 ir MDF plok\u0161\u010di\u0173 su atspariu pa\u017eeidimams ABS briaunomis<br \/>\nGalima modifikuoti su BC-07 ir BC-08 lentyn\u0173 sistemomis bei LED ap\u0161vietimu<br \/>\nNaujas, gamykloje supakuotas produktas, skirtas savaranki\u0161kam surinkimui<\/p>\n<p>\u201eLenart\u201c LOVOS KONCEPCIJA BC-02. 120 cm plo\u010dio vertikali sienin\u0117 lova i\u0161 \u201eArtisan Oak\u201c spalvos \u2013 tai moderni ir prakti\u0161ka lova, leid\u017eianti pilnai i\u0161naudoti erdv\u0119 j\u016bs\u0173 bute. Ji per kelias sekundes gali paversti svetain\u0119, paauglio kambar\u012f ar studijos tipo but\u0105 patogiu miegamuoju. \u201eLenart\u201c suk\u016br\u0117 \u0161\u012f model\u012f, siekdama suderinti funkcionalum\u0105, komfort\u0105 ir saugum\u0105 su eleganti\u0161ka i\u0161vaizda, kuri papildo \u012fvairius interjero dizainus. BC-02 sienin\u0117 lova idealiai tinka kaip plati lova vienam asmeniui, vyresniam vaikui ar paaugliui. Ji turi prakti\u0161kas vidines lentynas, puikiai tinkan\u010dias knygoms, dekoracijoms ar kasdieniams daiktams laikyti. Tvirtas metalinis r\u0117mas, medinis groteli\u0173 r\u0117mas ir \u010diu\u017einio stabilizatorius garantuoja miego komfort\u0105, prilygstant\u012f tradicinei lovai. Pneumatiniai keltuvai leid\u017eia atidaryti ir u\u017edaryti saugiai ir lengvai, o \u0161velnaus u\u017edarymo sistema leid\u017eia visam procesui atlikti prakti\u0161kai tyliai. BC-02 modelis laim\u0117jo aukso medal\u012f 2019 m. Poznan\u0117s tarptautin\u0117je parodoje, patvirtindamas auk\u0161t\u0105 jo kokyb\u0119 ir novatori\u0161kum\u0105.<\/p>","protected":false},"excerpt":{"rendered":"<p>Modelis: BC-02 Spalva: \u201eArtisan Oak\u201c Matmenys: Kaip parodyta paveiksl\u0117lyje Gamintojas: Lenart i\u0161 BED CONCEPT serijos Modelis BC-02 \u2013 vertikali sienin\u0117 lova 200 x 120 cm \u010diu\u017einiui Priekin\u0117 dalis nat\u016braliai atrodan\u010dios \u201eArtisan Oak\u201c apdailos Stabilus, prie sienos tvirtinamas r\u0117mas ir tvirtas metalinis r\u0117mas Medinis groteli\u0173 r\u0117mas su \u010diu\u017einio stabilizatoriumi Pneumatiniai keltuvai lengvam ir saugiam [\u2026]<\/p>","protected":false},"featured_media":248936,"comment_status":"open","ping_status":"open","template":"","meta":[],"product_brand":[],"product_cat":[505,2454,9196],"product_tag":[],"class_list":{"0":"post-248935","1":"product","2":"type-product","3":"status-publish","4":"has-post-thumbnail","6":"product_cat-bedroom-beds","7":"product_cat-lenart","8":"product_cat-furniture-system-bed-concept-lenart","10":"first","11":"instock","12":"purchasable","13":"product-type-simple"},"_links":{"self":[{"href":"https:\/\/baldumarket.lt\/lt\/wp-json\/wp\/v2\/product\/248935","targetHints":{"allow":["GET"]}}],"collection":[{"href":"https:\/\/baldumarket.lt\/lt\/wp-json\/wp\/v2\/product"}],"about":[{"href":"https:\/\/baldumarket.lt\/lt\/wp-json\/wp\/v2\/types\/product"}],"replies":[{"embeddable":true,"href":"https:\/\/baldumarket.lt\/lt\/wp-json\/wp\/v2\/comments?post=248935"}],"wp:featuredmedia":[{"embeddable":true,"href":"https:\/\/baldumarket.lt\/lt\/wp-json\/wp\/v2\/media\/248936"}],"wp:attachment":[{"href":"https:\/\/baldumarket.lt\/lt\/wp-json\/wp\/v2\/media?parent=248935"}],"wp:term":[{"taxonomy":"product_brand","embeddable":true,"href":"https:\/\/baldumarket.lt\/lt\/wp-json\/wp\/v2\/product_brand?post=248935"},{"taxonomy":"product_cat","embeddable":true,"href":"https:\/\/baldumarket.lt\/lt\/wp-json\/wp\/v2\/product_cat?post=248935"},{"taxonomy":"product_tag","embeddable":true,"href":"https:\/\/baldumarket.lt\/lt\/wp-json\/wp\/v2\/product_tag?post=248935"}],"curies":[{"name":"wp","href":"https:\/\/api.w.org\/{rel}","templated":true}]}}