{"id":248927,"date":"2026-01-10T17:57:01","date_gmt":"2026-01-10T14:57:01","guid":{"rendered":"https:\/\/baldumarket.lt\/product\/bed-concept-bc-02-polkotapczan-pionowy-120-kaszmir\/"},"modified":"2026-02-11T18:32:16","modified_gmt":"2026-02-11T15:32:16","slug":"bed-concept-bc-02-polkotapczan-pionowy-120-kaszmir","status":"publish","type":"product","link":"https:\/\/baldumarket.lt\/lt\/produktas\/bed-concept-bc-02-polkotapczan-pionowy-120-kaszmir\/","title":{"rendered":"LOVOS KONCEPCIJA BC-02 \u2013 vertikali sienin\u0117 lova 120 \u2013 ka\u0161myras"},"content":{"rendered":"<p>Modelis: BC-02<br \/>\nSpalva: Ka\u0161myras<br \/>\nMatmenys: Kaip parodyta paveiksl\u0117lyje<br \/>\nPagaminta: \u201eLenart\u201c prek\u0117s \u017eenklo produktas i\u0161 \u201eBED CONCEPT\u201c kolekcijos<br \/>\nModelis BC-02 \u2013 vertikali prie sienos tvirtinama lova 200 \u00d7 120 cm \u010diu\u017einiui<br \/>\nPriekin\u0117 dalis subtilios ka\u0161myro spalvos<br \/>\nStabilus prie sienos tvirtinamas korpusas ir metalinis lovos r\u0117mas<br \/>\nMedinis groteli\u0173 r\u0117mas su \u010diu\u017einio stabilizatoriumi<br \/>\nPneumatiniai keltuvai lengvam ir saugiam naudojimui<br \/>\n\u0160velnaus u\u017edarymo sistema tyliam lovos u\u017edarymui<br \/>\nTvirtinimo dir\u017eeliai patalyn\u0117s laikymui lovoje<br \/>\nVidin\u0117s lentynos knygoms, dekoracijoms ir kasdieniams aksesuarams<br \/>\nDidelis atsparumas pa\u017eeidimams d\u0117l laminuotos plok\u0161t\u0117s, MDF ir ABS kra\u0161t\u0173<br \/>\nGalima modifikuoti su BC-07, BC-08 lentynomis ir LED ap\u0161vietimu<br \/>\nNaujas produktas, gamykloje supakuotas, skirtas savaranki\u0161kam surinkimui<\/p>\n<p>\u201eLenart BED CONCEPT BC-02\u201c vertikali sienin\u0117 lova, 120 cm, ka\u0161myro spalvos, yra modernus ir prakti\u0161kas sprendimas. Tai sprendimas, leid\u017eiantis maksimaliai i\u0161naudoti erdv\u0119 j\u016bs\u0173 bute. Jis per kelias sekundes pavers j\u016bs\u0173 svetain\u0119 ar paauglio kambar\u012f patogiu miegamuoju. \u201eLenart\u201c suk\u016br\u0117 \u0161\u012f model\u012f taip, kad jis b\u016bt\u0173 patogus, saugus ir esteti\u0161kai patrauklus, tuo pa\u010diu skland\u017eiai der\u0117t\u0173 prie \u012fvairi\u0173 interjero dizaino stili\u0173. Ka\u0161myro spalvos BC-02 modelis puikiai tinka kaip plati lova vienam asmeniui, vyresniam vaikui ar paaugliui. Jame yra prakti\u0161kos vidin\u0117s lentynos knygoms, dekoracijoms ar kasdieniams daiktams laikyti. Tvirta konstrukcija, paremta metaliniu r\u0117mu, mediniu groteli\u0173 r\u0117mu ir \u010diu\u017einio stabilizatoriumi, garantuoja visi\u0161k\u0105 miego komfort\u0105. Pneumatiniai keltuvai u\u017etikrina lengv\u0105 ir saug\u0173 atidarym\u0105 ir u\u017edarym\u0105, o \u0161velnaus u\u017edarymo sistema leid\u017eia lovai sulankstyti beveik tyliai. \u0160is sprendimas 2019 m. Poznan\u0117s tarptautin\u0117je parodoje laim\u0117jo aukso medal\u012f, patvirtindamas jo kokyb\u0119 ir inovatyvum\u0105.<\/p>","protected":false},"excerpt":{"rendered":"<p>Modelis: BC-02 Spalva: Ka\u0161myras Matmenys: Kaip parodyta paveiksl\u0117lyje Gamintojas: \u201eLenart\u201c prek\u0117s \u017eenklo produktas i\u0161 BED CONCEPT kolekcijos Modelis BC-02 \u2013 vertikali sienin\u0117 lova 200 \u00d7 120 cm \u010diu\u017einiui Priekin\u0117 dalis subtilios ka\u0161myro spalvos Stabilus prie sienos tvirtinamas korpusas ir metalinis lovos r\u0117mas Medinis groteli\u0173 r\u0117mas su \u010diu\u017einio stabilizatoriumi Pneumatiniai keltuvai lengvam ir saugiam naudojimui Mink\u0161tas [\u2026]<\/p>","protected":false},"featured_media":248928,"comment_status":"open","ping_status":"open","template":"","meta":[],"product_brand":[],"product_cat":[505,2454,9196],"product_tag":[],"class_list":{"0":"post-248927","1":"product","2":"type-product","3":"status-publish","4":"has-post-thumbnail","6":"product_cat-bedroom-beds","7":"product_cat-lenart","8":"product_cat-furniture-system-bed-concept-lenart","10":"first","11":"instock","12":"purchasable","13":"product-type-simple"},"_links":{"self":[{"href":"https:\/\/baldumarket.lt\/lt\/wp-json\/wp\/v2\/product\/248927","targetHints":{"allow":["GET"]}}],"collection":[{"href":"https:\/\/baldumarket.lt\/lt\/wp-json\/wp\/v2\/product"}],"about":[{"href":"https:\/\/baldumarket.lt\/lt\/wp-json\/wp\/v2\/types\/product"}],"replies":[{"embeddable":true,"href":"https:\/\/baldumarket.lt\/lt\/wp-json\/wp\/v2\/comments?post=248927"}],"wp:featuredmedia":[{"embeddable":true,"href":"https:\/\/baldumarket.lt\/lt\/wp-json\/wp\/v2\/media\/248928"}],"wp:attachment":[{"href":"https:\/\/baldumarket.lt\/lt\/wp-json\/wp\/v2\/media?parent=248927"}],"wp:term":[{"taxonomy":"product_brand","embeddable":true,"href":"https:\/\/baldumarket.lt\/lt\/wp-json\/wp\/v2\/product_brand?post=248927"},{"taxonomy":"product_cat","embeddable":true,"href":"https:\/\/baldumarket.lt\/lt\/wp-json\/wp\/v2\/product_cat?post=248927"},{"taxonomy":"product_tag","embeddable":true,"href":"https:\/\/baldumarket.lt\/lt\/wp-json\/wp\/v2\/product_tag?post=248927"}],"curies":[{"name":"wp","href":"https:\/\/api.w.org\/{rel}","templated":true}]}}