{"id":248922,"date":"2026-01-10T17:56:59","date_gmt":"2026-01-10T14:56:59","guid":{"rendered":"https:\/\/baldumarket.lt\/product\/bed-concept-bc-16-zaglowek-tapicerowany-140-do-bc-01-bezowy-art-82610\/"},"modified":"2026-02-11T18:32:17","modified_gmt":"2026-02-11T15:32:17","slug":"bed-concept-bc-16-zaglowek-tapicerowany-140-do-bc-01-bezowy-art-82610","status":"publish","type":"product","link":"https:\/\/baldumarket.lt\/lt\/produktas\/bed-concept-bc-16-zaglowek-tapicerowany-140-do-bc-01-bezowy-art-82610\/","title":{"rendered":"Lovos koncepcija BC-16 \u2013 mink\u0161ta galvos atrama 140, skirta BC-01 \u2013 sm\u0117lio spalvos ART 82610"},"content":{"rendered":"<p>Modelis: BC-16<br \/>\nSpalva: sm\u0117lio spalvos<br \/>\nMatmenys: Kaip parodyta paveiksl\u0117lyje<br \/>\nDizainas: apmu\u0161tas galv\u016bgalis BC-01 sieninei lovai<br \/>\nTinka 140 cm plo\u010dio \u010diu\u017einiui<br \/>\nUniversalus sm\u0117lio spalvos audinys<br \/>\nMink\u0161tas ir patogus apmu\u0161tas pavir\u0161ius<br \/>\nPagerina kasdienio lovos naudojimo komfort\u0105<br \/>\nEleganti\u0161kas ir paprastas dizainas<br \/>\nNaujas produktas, gamykloje supakuotas, skirtas savaranki\u0161kam surinkimui<\/p>\n<p>\u201eLenart BED CONCEPT BC-16\u201c \u2013 tai apmu\u0161tas galv\u016bgalis, skirtas BC-01 sieninei lovai, tinkan\u010diai 140 cm \u010diu\u017einiui. \u201eLenart\u201c suk\u016br\u0117 \u0161\u012f gamin\u012f, siekdamas padidinti kasdienio lovos naudojimo komfort\u0105 ir suteikti jam eleganti\u0161k\u0105 i\u0161vaizd\u0105. Sm\u0117lio spalvos audinys suteikia j\u016bs\u0173 interjerui jaukumo ir \u0161ilumos, skland\u017eiai der\u0117damas prie \u012fvairi\u0173 dekoro stili\u0173. BC-16 galv\u016bgalis ne tik atlieka dekoratyvinio elemento funkcij\u0105, bet ir, svarbiausia, padidina komfort\u0105. D\u0117l mink\u0161to, apmu\u0161to pavir\u0161iaus galite patogiai atsilo\u0161ti skaitydami, dirbdami ne\u0161iojamuoju kompiuteriu ar ils\u0117damiesi. Paprastas, modernus dizainas puikiai dera su BC-01 sienine lova, sukurdamas darni\u0105 visum\u0105. Kruop\u0161\u010diai pagaminta konstrukcija ir auk\u0161tos kokyb\u0117s audinys garantuoja patvarum\u0105 ir estetin\u012f patrauklum\u0105 ateinantiems metams. \u0160is priedas padidina lovos komfort\u0105 ir suteikia interjerui stiliaus.<\/p>","protected":false},"excerpt":{"rendered":"<p>Modelis: BC-16 Spalva: Sm\u0117lio spalvos Matmenys: Kaip parodyta paveiksl\u0117lyje Dizainas: Apmu\u0161tas galv\u016bgalis BC-01 sieninei lovai Tinka 140 cm plo\u010dio \u010diu\u017einiui Universalus sm\u0117lio spalvos audinys Mink\u0161tas ir patogus apmu\u0161tas pavir\u0161ius Pagerina kasdienio lovos naudojimo komfort\u0105 Eleganti\u0161kas ir paprastas dizainas Naujas produktas, gamykloje supakuotas, skirtas savaranki\u0161kam surinkimui \u201eLenart BED CONCEPT BC-16\u201c yra apmu\u0161tas galv\u016bgalis [\u2026]<\/p>","protected":false},"featured_media":248923,"comment_status":"open","ping_status":"open","template":"","meta":[],"product_brand":[],"product_cat":[2454,9196],"product_tag":[],"class_list":{"0":"post-248922","1":"product","2":"type-product","3":"status-publish","4":"has-post-thumbnail","6":"product_cat-lenart","7":"product_cat-furniture-system-bed-concept-lenart","9":"first","10":"instock","11":"purchasable","12":"product-type-simple"},"_links":{"self":[{"href":"https:\/\/baldumarket.lt\/lt\/wp-json\/wp\/v2\/product\/248922","targetHints":{"allow":["GET"]}}],"collection":[{"href":"https:\/\/baldumarket.lt\/lt\/wp-json\/wp\/v2\/product"}],"about":[{"href":"https:\/\/baldumarket.lt\/lt\/wp-json\/wp\/v2\/types\/product"}],"replies":[{"embeddable":true,"href":"https:\/\/baldumarket.lt\/lt\/wp-json\/wp\/v2\/comments?post=248922"}],"wp:featuredmedia":[{"embeddable":true,"href":"https:\/\/baldumarket.lt\/lt\/wp-json\/wp\/v2\/media\/248923"}],"wp:attachment":[{"href":"https:\/\/baldumarket.lt\/lt\/wp-json\/wp\/v2\/media?parent=248922"}],"wp:term":[{"taxonomy":"product_brand","embeddable":true,"href":"https:\/\/baldumarket.lt\/lt\/wp-json\/wp\/v2\/product_brand?post=248922"},{"taxonomy":"product_cat","embeddable":true,"href":"https:\/\/baldumarket.lt\/lt\/wp-json\/wp\/v2\/product_cat?post=248922"},{"taxonomy":"product_tag","embeddable":true,"href":"https:\/\/baldumarket.lt\/lt\/wp-json\/wp\/v2\/product_tag?post=248922"}],"curies":[{"name":"wp","href":"https:\/\/api.w.org\/{rel}","templated":true}]}}