{"id":248915,"date":"2026-01-10T17:56:56","date_gmt":"2026-01-10T14:56:56","guid":{"rendered":"https:\/\/baldumarket.lt\/product\/bed-concept-bc-32-zaglowek-tapicerowany-120-do-bc-02-grafit\/"},"modified":"2026-02-11T18:32:17","modified_gmt":"2026-02-11T15:32:17","slug":"bed-concept-bc-32-zaglowek-tapicerowany-120-do-bc-02-grafit","status":"publish","type":"product","link":"https:\/\/baldumarket.lt\/lt\/product\/bed-concept-bc-32-zaglowek-tapicerowany-120-do-bc-02-grafit\/","title":{"rendered":"BED CONCEPT BC-32 \u2013 mink\u0161ta galvos atrama 120, skirta BC-02 \u2013 grafito spalvos"},"content":{"rendered":"<p>Modelis: BC-32<br \/>\nSpalva: grafito<br \/>\nDizainas: grafito spalvos apmu\u0161alas<br \/>\nAuk\u0161tos kokyb\u0117s med\u017eiagos garantuoja ilgaam\u017ei\u0161kum\u0105 ir estetik\u0105<br \/>\nTvirta konstrukcija u\u017etikrina stabilum\u0105 naudojimo metu<br \/>\nMink\u0161tas pavir\u0161ius padidina atlo\u0161o patogum\u0105<br \/>\nKlasikinis dizainas su moderniu prisilietimu<br \/>\nUniversalus dizainas, tinkantis \u012fvairiems interjero stiliams<br \/>\nNaujas produktas, gamykloje supakuotas, skirtas savaranki\u0161kam surinkimui<\/p>\n<p>\u201eLenart BED CONCEPT BC-32\u201c \u2013 tai 120 cm ilgio grafito spalvos apmu\u0161tas lovos galv\u016bgalis, skirtas BC-02 modeliui. Tai eleganti\u0161kas papildymas, kuris pagerina lovos i\u0161vaizd\u0105 ir suteikia interjerui jaukumo bei komforto. \u201eLenart\u201c suk\u016br\u0117 BC-32 model\u012f vartotojams, kurie nori derinti estetik\u0105 su funkcionalumu, kartu vertindami lengv\u0105 surinkim\u0105 ir tvirt\u0105 meistri\u0161kum\u0105. Galv\u016bgalis puikiai tinka kaip patogi atrama vakare skaitant, dirbant ne\u0161iojamuoju kompiuteriu ar atsipalaiduojant. Apmu\u0161tas pavir\u0161ius padidina komfort\u0105 ir suteikia miegamajam eleganti\u0161k\u0105 akcent\u0105. Klasikin\u0117 forma su modernumo prieskoniu leid\u017eia jam tinka tiek minimalistiniam, tiek tradici\u0161kesniam interjerui. Surinkimas yra intuityvus ir greitas, tod\u0117l galite lengvai suteikti savo lovai visi\u0161kai nauj\u0105 i\u0161vaizd\u0105 ir pagerinti jos funkcionalum\u0105.<\/p>","protected":false},"excerpt":{"rendered":"<p>Modelis: BC-32 Spalva: Grafito spalvos Dizainas: Apmu\u0161tas grafito spalvos pavir\u0161ius Auk\u0161tos kokyb\u0117s med\u017eiagos garantuoja ilgaam\u017ei\u0161kum\u0105 ir estetik\u0105 Tvirta konstrukcija u\u017etikrina stabilum\u0105 naudojimo metu Mink\u0161tas pavir\u0161ius padidina atlo\u0161o komfort\u0105 Klasikinis dizainas su moderniu prisilietimu Universalus dizainas, tinkantis \u012fvairiems interjero stiliams Naujas produktas, gamykloje supakuotas, skirtas savaranki\u0161kam surinkimui \u201eLenart BED CONCEPT BC-32\u201c yra apmu\u0161tas 120 cm galv\u016bgalis [\u2026]<\/p>","protected":false},"featured_media":248916,"comment_status":"open","ping_status":"open","template":"","meta":[],"product_brand":[],"product_cat":[2454,9196],"product_tag":[],"class_list":{"0":"post-248915","1":"product","2":"type-product","3":"status-publish","4":"has-post-thumbnail","6":"product_cat-lenart","7":"product_cat-furniture-system-bed-concept-lenart","9":"first","10":"instock","11":"purchasable","12":"product-type-simple"},"_links":{"self":[{"href":"https:\/\/baldumarket.lt\/lt\/wp-json\/wp\/v2\/product\/248915","targetHints":{"allow":["GET"]}}],"collection":[{"href":"https:\/\/baldumarket.lt\/lt\/wp-json\/wp\/v2\/product"}],"about":[{"href":"https:\/\/baldumarket.lt\/lt\/wp-json\/wp\/v2\/types\/product"}],"replies":[{"embeddable":true,"href":"https:\/\/baldumarket.lt\/lt\/wp-json\/wp\/v2\/comments?post=248915"}],"wp:featuredmedia":[{"embeddable":true,"href":"https:\/\/baldumarket.lt\/lt\/wp-json\/wp\/v2\/media\/248916"}],"wp:attachment":[{"href":"https:\/\/baldumarket.lt\/lt\/wp-json\/wp\/v2\/media?parent=248915"}],"wp:term":[{"taxonomy":"product_brand","embeddable":true,"href":"https:\/\/baldumarket.lt\/lt\/wp-json\/wp\/v2\/product_brand?post=248915"},{"taxonomy":"product_cat","embeddable":true,"href":"https:\/\/baldumarket.lt\/lt\/wp-json\/wp\/v2\/product_cat?post=248915"},{"taxonomy":"product_tag","embeddable":true,"href":"https:\/\/baldumarket.lt\/lt\/wp-json\/wp\/v2\/product_tag?post=248915"}],"curies":[{"name":"wp","href":"https:\/\/api.w.org\/{rel}","templated":true}]}}