{"id":248907,"date":"2026-01-10T17:56:51","date_gmt":"2026-01-10T14:56:51","guid":{"rendered":"https:\/\/baldumarket.lt\/product\/bed-concept-bc-15-nadstawka-do-bc-14-szary\/"},"modified":"2026-02-11T18:32:17","modified_gmt":"2026-02-11T15:32:17","slug":"bed-concept-bc-15-nadstawka-do-bc-14-szary","status":"publish","type":"product","link":"https:\/\/baldumarket.lt\/lt\/product\/bed-concept-bc-15-nadstawka-do-bc-14-szary\/","title":{"rendered":"LOVO KONCEPCIJA BC-15 \u2013 prailginimas BC-14 \u2013 pilka"},"content":{"rendered":"<p>Modelis: BC-15<br \/>\nSpalva: pilka<br \/>\nMatmenys: Kaip parodyta paveiksl\u0117lyje<br \/>\nKonstrukcija: Dviej\u0173 dur\u0173 prailginimas BC-14 sieninei lovai,<br \/>\nModernus pilkos spalvos dizainas,<br \/>\nErdvios spintel\u0117s drabu\u017eiams, tekstilei ir aksesuarams,<br \/>\nPagaminta i\u0161 laminuotos plok\u0161t\u0117s su ABS apvadais,<br \/>\nGalima skland\u017eiai integruoti su sienine lova,<br \/>\nPatvari ir prakti\u0161ka konstrukcija.<br \/>\nNaujas produktas, gamykloje supakuotas, skirtas savaranki\u0161kam surinkimui.<\/p>\n<p>\u201eLenart BED CONCEPT BC-15\u201c \u2013 tai priestatas, sukurtas BC-14 sieninei lovai. \u201eLenart\u201c j\u012f suk\u016br\u0117 taip, kad kartu su lova sukurt\u0173 darn\u0173 ir modern\u0173 priestat\u0105, maksimaliai i\u0161naudot\u0173 sien\u0173 erdv\u0119 ir pad\u0117t\u0173 palaikyti tvark\u0105 kambaryje. Pilka versija puikiai tinka moderniu, minimalistiniu stiliumi dekoruotam interjerui. BC-15 priestatas turi dvi duris, kuriose slepiasi erdv\u016bs daiktad\u0117\u017e\u0117s skyriai. Tai prakti\u0161ka vieta tekstilei, drabu\u017eiams, dokumentams ir kasdieniams aksesuarams. Paprastas i\u0161planavimas ir modernus dizainas leid\u017eia j\u012f naudoti miegamajame, jaunimo kambaryje, studijos tipo bute ar sve\u010di\u0173 kambaryje. Konstrukcija pagaminta i\u0161 patvarios laminuotos plok\u0161t\u0117s ir apdailinta patvariu ABS kra\u0161tu, u\u017etikrinan\u010diu atsparum\u0105 pa\u017eeidimams ir ilgaam\u017ei\u0161kum\u0105. Neutrali pilka spalva suteikia elegancijos bet kokiam interjerui ir leid\u017eia baldui lengvai der\u0117ti su kitais baldais.<\/p>","protected":false},"excerpt":{"rendered":"<p>Modelis: BC-15 Spalva: Pilka Matmenys: Kaip parodyta paveiksl\u0117lyje Dizainas: Dviduris BC-14 pakabinamos lovos prailginimas, Modernus pilkas dizainas, Erdvios spintel\u0117s drabu\u017eiams, tekstilei ir aksesuarams, Pagaminta i\u0161 laminuotos plok\u0161t\u0117s su ABS kra\u0161tais, Galima skland\u017eiai integruoti \u012f pakabinam\u0105 lov\u0105, Patvari ir prakti\u0161ka konstrukcija. Naujas produktas, gamykloje supakuotas, skirtas savaranki\u0161kam surinkimui. \u201eLenart BED CONCEPT BC-15\u201c yra [\u2026]<\/p>","protected":false},"featured_media":248908,"comment_status":"open","ping_status":"open","template":"","meta":[],"product_brand":[],"product_cat":[2454,9196],"product_tag":[],"class_list":{"0":"post-248907","1":"product","2":"type-product","3":"status-publish","4":"has-post-thumbnail","6":"product_cat-lenart","7":"product_cat-furniture-system-bed-concept-lenart","9":"first","10":"instock","11":"purchasable","12":"product-type-simple"},"_links":{"self":[{"href":"https:\/\/baldumarket.lt\/lt\/wp-json\/wp\/v2\/product\/248907","targetHints":{"allow":["GET"]}}],"collection":[{"href":"https:\/\/baldumarket.lt\/lt\/wp-json\/wp\/v2\/product"}],"about":[{"href":"https:\/\/baldumarket.lt\/lt\/wp-json\/wp\/v2\/types\/product"}],"replies":[{"embeddable":true,"href":"https:\/\/baldumarket.lt\/lt\/wp-json\/wp\/v2\/comments?post=248907"}],"wp:featuredmedia":[{"embeddable":true,"href":"https:\/\/baldumarket.lt\/lt\/wp-json\/wp\/v2\/media\/248908"}],"wp:attachment":[{"href":"https:\/\/baldumarket.lt\/lt\/wp-json\/wp\/v2\/media?parent=248907"}],"wp:term":[{"taxonomy":"product_brand","embeddable":true,"href":"https:\/\/baldumarket.lt\/lt\/wp-json\/wp\/v2\/product_brand?post=248907"},{"taxonomy":"product_cat","embeddable":true,"href":"https:\/\/baldumarket.lt\/lt\/wp-json\/wp\/v2\/product_cat?post=248907"},{"taxonomy":"product_tag","embeddable":true,"href":"https:\/\/baldumarket.lt\/lt\/wp-json\/wp\/v2\/product_tag?post=248907"}],"curies":[{"name":"wp","href":"https:\/\/api.w.org\/{rel}","templated":true}]}}