{"id":248897,"date":"2026-01-10T17:56:46","date_gmt":"2026-01-10T14:56:46","guid":{"rendered":"https:\/\/baldumarket.lt\/product\/bed-concept-bc-16-zaglowek-tapicerowany-140-do-bc-01-szary-art-82626\/"},"modified":"2026-02-11T18:32:17","modified_gmt":"2026-02-11T15:32:17","slug":"bed-concept-bc-16-zaglowek-tapicerowany-140-do-bc-01-szary-art-82626","status":"publish","type":"product","link":"https:\/\/baldumarket.lt\/lt\/produktas\/bed-concept-bc-16-zaglowek-tapicerowany-140-do-bc-01-szary-art-82626\/","title":{"rendered":"Lovos koncepcija BC-16 \u2013 mink\u0161ta galvos atrama 140, skirta BC-01 \u2013 pilka ART 82626"},"content":{"rendered":"<p>Modelis: BC-16<br \/>\nSpalva: pilka<br \/>\nMatmenys: Kaip parodyta paveiksl\u0117lyje<br \/>\nDizainas: apmu\u0161tas galv\u016bgalis BC-01 sieninei lovai<br \/>\nTinka 140 cm plo\u010dio \u010diu\u017einiui<br \/>\nApdaila pilku ART 82626 audiniu<br \/>\nMink\u0161tas ir patogus pavir\u0161ius<br \/>\nPagerina lovos komfort\u0105 ir estetik\u0105<br \/>\nPaprastas, modernus dizainas, tinkantis daugeliui i\u0161d\u0117stym\u0173<br \/>\nProduktas naujas, gamykloje supakuotas, skirtas savaranki\u0161kam surinkimui<\/p>\n<p>\u201eLenart BED CONCEPT BC-16\u201c \u2013 tai apmu\u0161tas lovos galv\u016bgalis, skirtas BC-01 sieninei lovai, tinkantis 140 cm plo\u010dio \u010diu\u017einiui. \u201eLenart\u201c j\u012f suk\u016br\u0117 siekdamas padidinti kasdienio naudojimo komfort\u0105 ir suteikti lovai modern\u0173 vaizd\u0105. Pilkas ART 82626 audinio variantas yra universalus ir tinka daugeliui i\u0161d\u0117stym\u0173 \u2013 tiek moderni\u0173, tiek klasikini\u0173. BC-16 galv\u016bgalis pasi\u017eymi mink\u0161tu, apmu\u0161tu pavir\u0161iumi, leid\u017eian\u010diu patogiai atsilo\u0161ti skaitant, \u017ei\u016brint televizori\u0173 ar naudojantis ne\u0161iojamuoju kompiuteriu. D\u0117l paprasto ir eleganti\u0161ko dizaino jis puikiai papildo BC-01 sienin\u0119 lov\u0105, sukurdamas darni\u0105 ir esteti\u0161kai patraukli\u0105 visum\u0105. Tvirta konstrukcija ir auk\u0161tos kokyb\u0117s audinys garantuoja patvarum\u0105 ir estetin\u012f patrauklum\u0105 ilgus metus. \u0160is elementas padidina komfort\u0105 ir suteikia jaukumo bet kokiam interjerui, be to, j\u012f lengva derinti su kitais baldais.<\/p>","protected":false},"excerpt":{"rendered":"<p>Modelis: BC-16 Spalva: Pilka Matmenys: Kaip parodyta paveiksl\u0117lyje Dizainas: Apmu\u0161tas galv\u016bgalis BC-01 sieninei lovai Tinka 140 cm plo\u010dio \u010diu\u017einiui Apdaila pilka ART 82626 audiniu Mink\u0161tas ir patogus pavir\u0161ius Pagerina lovos komfort\u0105 ir estetik\u0105 Paprastas, modernus dizainas, tinkantis daugeliui i\u0161d\u0117stym\u0173 Produktas naujas, gamykloje supakuotas, skirtas savaranki\u0161kam surinkimui \u201eLenart\u201c LOVA [\u2026]<\/p>","protected":false},"featured_media":248898,"comment_status":"open","ping_status":"open","template":"","meta":[],"product_brand":[],"product_cat":[2454,9196],"product_tag":[],"class_list":{"0":"post-248897","1":"product","2":"type-product","3":"status-publish","4":"has-post-thumbnail","6":"product_cat-lenart","7":"product_cat-furniture-system-bed-concept-lenart","9":"first","10":"instock","11":"purchasable","12":"product-type-simple"},"_links":{"self":[{"href":"https:\/\/baldumarket.lt\/lt\/wp-json\/wp\/v2\/product\/248897","targetHints":{"allow":["GET"]}}],"collection":[{"href":"https:\/\/baldumarket.lt\/lt\/wp-json\/wp\/v2\/product"}],"about":[{"href":"https:\/\/baldumarket.lt\/lt\/wp-json\/wp\/v2\/types\/product"}],"replies":[{"embeddable":true,"href":"https:\/\/baldumarket.lt\/lt\/wp-json\/wp\/v2\/comments?post=248897"}],"wp:featuredmedia":[{"embeddable":true,"href":"https:\/\/baldumarket.lt\/lt\/wp-json\/wp\/v2\/media\/248898"}],"wp:attachment":[{"href":"https:\/\/baldumarket.lt\/lt\/wp-json\/wp\/v2\/media?parent=248897"}],"wp:term":[{"taxonomy":"product_brand","embeddable":true,"href":"https:\/\/baldumarket.lt\/lt\/wp-json\/wp\/v2\/product_brand?post=248897"},{"taxonomy":"product_cat","embeddable":true,"href":"https:\/\/baldumarket.lt\/lt\/wp-json\/wp\/v2\/product_cat?post=248897"},{"taxonomy":"product_tag","embeddable":true,"href":"https:\/\/baldumarket.lt\/lt\/wp-json\/wp\/v2\/product_tag?post=248897"}],"curies":[{"name":"wp","href":"https:\/\/api.w.org\/{rel}","templated":true}]}}