{"id":248892,"date":"2026-01-10T17:56:44","date_gmt":"2026-01-10T14:56:44","guid":{"rendered":"https:\/\/baldumarket.lt\/product\/bed-concept-bc-17-zaglowek-tapicerowany-160-do-bc-12-bezowy-art-82610\/"},"modified":"2026-02-11T18:32:17","modified_gmt":"2026-02-11T15:32:17","slug":"bed-concept-bc-17-zaglowek-tapicerowany-160-do-bc-12-bezowy-art-82610","status":"publish","type":"product","link":"https:\/\/baldumarket.lt\/lt\/produktas\/bed-concept-bc-17-zaglowek-tapicerowany-160-do-bc-12-bezowy-art-82610\/","title":{"rendered":"Lovos koncepcija BC-17 \u2013 mink\u0161ta galvos atrama 160, skirta BC-12 \u2013 sm\u0117lio spalvos ART 82610"},"content":{"rendered":"<p>Modelis: BC-17<br \/>\nSpalva: ART sm\u0117lio spalvos<br \/>\nMatmenys: Kaip parodyta paveiksl\u0117lyje<br \/>\nDizainas: apmu\u0161tas galv\u016bgalis BC-12 sieninei lovai<br \/>\nTinka 160 cm plo\u010dio \u010diu\u017einiui<br \/>\nPagaminta i\u0161 sm\u0117lio spalvos ART 82610 audinio<br \/>\nMink\u0161tas ir patogus pavir\u0161ius<br \/>\nPadidina lovos komfort\u0105 ir estetik\u0105<br \/>\nEleganti\u0161kas, nesenstantis dizainas<br \/>\nProduktas naujas, gamykloje supakuotas, skirtas savaranki\u0161kam surinkimui<\/p>\n<p>\u201eLenart BED CONCEPT BC-17\u201c \u2013 tai apmu\u0161tas galv\u016bgalis, skirtas BC-12 sieninei lovai, tinkan\u010diai 160 cm plo\u010dio \u010diu\u017einiui. \u201eLenart\u201c suk\u016br\u0117 \u0161\u012f gamin\u012f, siekdamas padidinti kasdienio naudojimo komfort\u0105 ir kartu suteikti eleganti\u0161k\u0105 i\u0161vaizd\u0105. Sm\u0117lio spalvos ART 82610 audinio versija suteikia kambariui \u0161ilt\u0105 ir jauki\u0105 atmosfer\u0105, tod\u0117l puikiai tinka miegamajam ar sve\u010di\u0173 kambariui. BC-17 galvos atrama pasi\u017eymi mink\u0161tu, apmu\u0161tu pavir\u0161iumi, kuris suteikia patogi\u0105 atram\u0105 skaitant vakare, dirbant ne\u0161iojamuoju kompiuteriu ar \u017ei\u016brint filmus. Paprastas ir esteti\u0161kas dizainas daro j\u0105 harmoningai papildan\u010di\u0105 BC-12 sienin\u0119 lov\u0105, sukurdamas darni\u0105, funkcionali\u0105 visum\u0105. Pagaminta i\u0161 auk\u0161tos kokyb\u0117s med\u017eiag\u0173, ji garantuoja patvarum\u0105 ir eleganti\u0161k\u0105 i\u0161vaizd\u0105 ilgus metus. Sm\u0117lio spalvos audinys yra universalus ir lengvai prisitaiko prie \u012fvairi\u0173 interjer\u0173 \u2013 tiek moderni\u0173, tiek klasikini\u0173.<\/p>","protected":false},"excerpt":{"rendered":"<p>Modelis: BC-17 Spalva: ART sm\u0117lio spalvos Matmenys: Kaip parodyta paveiksl\u0117lyje Dizainas: Apmu\u0161tas galv\u016bgalis sieninei lovai BC-12 Tinka 160 cm plo\u010dio \u010diu\u017einiui Pagaminta i\u0161 sm\u0117lio spalvos ART 82610 audinio Mink\u0161tas ir patogus pavir\u0161ius Padidina lovos komfort\u0105 ir estetik\u0105 Eleganti\u0161kas, nesenstantis dizainas Produktas naujas, gamykloje supakuotas, skirtas savaranki\u0161kam surinkimui \u201eLenart BED CONCEPT BC-17\u201c yra [\u2026]<\/p>","protected":false},"featured_media":248893,"comment_status":"open","ping_status":"open","template":"","meta":[],"product_brand":[],"product_cat":[2454,9196],"product_tag":[],"class_list":{"0":"post-248892","1":"product","2":"type-product","3":"status-publish","4":"has-post-thumbnail","6":"product_cat-lenart","7":"product_cat-furniture-system-bed-concept-lenart","9":"first","10":"instock","11":"purchasable","12":"product-type-simple"},"_links":{"self":[{"href":"https:\/\/baldumarket.lt\/lt\/wp-json\/wp\/v2\/product\/248892","targetHints":{"allow":["GET"]}}],"collection":[{"href":"https:\/\/baldumarket.lt\/lt\/wp-json\/wp\/v2\/product"}],"about":[{"href":"https:\/\/baldumarket.lt\/lt\/wp-json\/wp\/v2\/types\/product"}],"replies":[{"embeddable":true,"href":"https:\/\/baldumarket.lt\/lt\/wp-json\/wp\/v2\/comments?post=248892"}],"wp:featuredmedia":[{"embeddable":true,"href":"https:\/\/baldumarket.lt\/lt\/wp-json\/wp\/v2\/media\/248893"}],"wp:attachment":[{"href":"https:\/\/baldumarket.lt\/lt\/wp-json\/wp\/v2\/media?parent=248892"}],"wp:term":[{"taxonomy":"product_brand","embeddable":true,"href":"https:\/\/baldumarket.lt\/lt\/wp-json\/wp\/v2\/product_brand?post=248892"},{"taxonomy":"product_cat","embeddable":true,"href":"https:\/\/baldumarket.lt\/lt\/wp-json\/wp\/v2\/product_cat?post=248892"},{"taxonomy":"product_tag","embeddable":true,"href":"https:\/\/baldumarket.lt\/lt\/wp-json\/wp\/v2\/product_tag?post=248892"}],"curies":[{"name":"wp","href":"https:\/\/api.w.org\/{rel}","templated":true}]}}