{"id":248887,"date":"2026-01-10T17:56:42","date_gmt":"2026-01-10T14:56:42","guid":{"rendered":"https:\/\/baldumarket.lt\/product\/bed-concept-bc-17-zaglowek-tapicerowany-160-do-bc-12-grafit-art-82630\/"},"modified":"2026-02-11T18:32:17","modified_gmt":"2026-02-11T15:32:17","slug":"bed-concept-bc-17-zaglowek-tapicerowany-160-do-bc-12-grafit-art-82630","status":"publish","type":"product","link":"https:\/\/baldumarket.lt\/lt\/produktas\/bed-concept-bc-17-zaglowek-tapicerowany-160-do-bc-12-grafit-art-82630\/","title":{"rendered":"LOVOS KONCEPCIJA BC-17 \u2013 mink\u0161ta galvos atrama 160, skirta BC-12 \u2013 grafito spalvos ART 82630"},"content":{"rendered":"<p>Modelis: BC-17<br \/>\nSpalva: grafito ART 82630<br \/>\nMatmenys: Kaip parodyta paveiksl\u0117lyje<br \/>\nDizainas: apmu\u0161tas galv\u016bgalis BC-12 sieninei lovai<br \/>\nTinka 160 cm plo\u010dio \u010diu\u017einiui<br \/>\nPagaminta i\u0161 grafito spalvos ART 82630 audinio<br \/>\nMink\u0161tas ir patogus apmu\u0161tas pavir\u0161ius<br \/>\nPagerina lovos komfort\u0105 ir estetik\u0105<br \/>\nModernus, eleganti\u0161kas dizainas. Visi\u0161kai naujas, gamykloje supakuotas, reikalingas savaranki\u0161kas surinkimas.<\/p>\n<p>\u201eLenart BED CONCEPT BC-17\u201c \u2013 tai apmu\u0161tas galv\u016bgalis, skirtas BC-12 sieninei lovai, skirtai 160 cm plo\u010dio \u010diu\u017einiui. \u201eLenart\u201c j\u012f suk\u016br\u0117 siekdamas padidinti kasdienio naudojimo komfort\u0105 ir suteikti lovai eleganti\u0161k\u0105 i\u0161vaizd\u0105. Grafito spalvos ART 82630 audinio versija suteikia interjerui modernumo ir dera tiek su \u0161viesiu, tiek su tamsiu dekoru. BC-17 galvos atrama pasi\u017eymi mink\u0161tu, apmu\u0161tu pavir\u0161iumi, kuris suteikia patogi\u0105 atram\u0105 skaitant knyg\u0105, \u017ei\u016brint film\u0105 ar dirbant ne\u0161iojamuoju kompiuteriu. Paprasta ir esteti\u0161ka apdaila puikiai papildo BC-12 sienin\u0119 lov\u0105, sukurdama darn\u0173 ir funkcional\u0173 komplekt\u0105. Auk\u0161tos kokyb\u0117s med\u017eiagos, naudojamos galvos atramai gaminti, garantuoja jos patvarum\u0105 ir eleganti\u0161k\u0105 i\u0161vaizd\u0105 ilgus metus. Grafito spalva suteikia visam baldui modernumo ir universalumo, tod\u0117l j\u012f lengva pritaikyti \u012fvairiuose interjeruose \u2013 nuo minimalistinio iki klasikinio.<\/p>","protected":false},"excerpt":{"rendered":"<p>Modelis: BC-17 Spalva: Grafito ART 82630 Matmenys: Kaip parodyta paveiksl\u0117lyje Dizainas: Apmu\u0161tas galv\u016bgalis BC-12 sieninei lovai Tinka 160 cm plo\u010dio \u010diu\u017einiui Pagaminta i\u0161 grafito ART 82630 audinio Mink\u0161tas ir patogus apmu\u0161tas pavir\u0161ius Pagerina lovos komfort\u0105 ir estetik\u0105 Modernus, eleganti\u0161kas dizainas. Visi\u0161kai nauja, gamykloje supakuota, reikalingas savaranki\u0161kas surinkimas. \u201eLenart BED CONCEPT BC-17\u201c yra [\u2026]<\/p>","protected":false},"featured_media":248888,"comment_status":"open","ping_status":"open","template":"","meta":[],"product_brand":[],"product_cat":[2454,9196],"product_tag":[],"class_list":{"0":"post-248887","1":"product","2":"type-product","3":"status-publish","4":"has-post-thumbnail","6":"product_cat-lenart","7":"product_cat-furniture-system-bed-concept-lenart","9":"first","10":"instock","11":"purchasable","12":"product-type-simple"},"_links":{"self":[{"href":"https:\/\/baldumarket.lt\/lt\/wp-json\/wp\/v2\/product\/248887","targetHints":{"allow":["GET"]}}],"collection":[{"href":"https:\/\/baldumarket.lt\/lt\/wp-json\/wp\/v2\/product"}],"about":[{"href":"https:\/\/baldumarket.lt\/lt\/wp-json\/wp\/v2\/types\/product"}],"replies":[{"embeddable":true,"href":"https:\/\/baldumarket.lt\/lt\/wp-json\/wp\/v2\/comments?post=248887"}],"wp:featuredmedia":[{"embeddable":true,"href":"https:\/\/baldumarket.lt\/lt\/wp-json\/wp\/v2\/media\/248888"}],"wp:attachment":[{"href":"https:\/\/baldumarket.lt\/lt\/wp-json\/wp\/v2\/media?parent=248887"}],"wp:term":[{"taxonomy":"product_brand","embeddable":true,"href":"https:\/\/baldumarket.lt\/lt\/wp-json\/wp\/v2\/product_brand?post=248887"},{"taxonomy":"product_cat","embeddable":true,"href":"https:\/\/baldumarket.lt\/lt\/wp-json\/wp\/v2\/product_cat?post=248887"},{"taxonomy":"product_tag","embeddable":true,"href":"https:\/\/baldumarket.lt\/lt\/wp-json\/wp\/v2\/product_tag?post=248887"}],"curies":[{"name":"wp","href":"https:\/\/api.w.org\/{rel}","templated":true}]}}