{"id":248874,"date":"2026-01-10T17:56:36","date_gmt":"2026-01-10T14:56:36","guid":{"rendered":"https:\/\/baldumarket.lt\/product\/bed-concept-bc-11p-nadstawka-do-bc-06-bialy-polysk\/"},"modified":"2026-02-11T18:32:17","modified_gmt":"2026-02-11T15:32:17","slug":"bed-concept-bc-11p-nadstawka-do-bc-06-bialy-polysk","status":"publish","type":"product","link":"https:\/\/baldumarket.lt\/lt\/product\/bed-concept-bc-11p-nadstawka-do-bc-06-bialy-polysk\/","title":{"rendered":"BED CONCEPT BC-11p \u2013 prailginimas BC-06 \u2013 baltas blizgus"},"content":{"rendered":"<p>Modelis: BC-11p<br \/>\nSpalva: Blizgi balta<br \/>\nMatmenys: Kaip parodyta paveiksl\u0117lyje<br \/>\nDizainas: Keturi\u0173 dur\u0173 prailginimo blokas BC-06 sieninei lovai<br \/>\nPrakti\u0161kos spintel\u0117s su lentynomis drabu\u017eiams, patalynei ir aksesuarams<br \/>\nEleganti\u0161ki balti blizg\u016bs fasadai<br \/>\nTvirta laminuotos plok\u0161t\u0117s konstrukcija su ABS kra\u0161tais<br \/>\nGalima integruoti su sienine lova<br \/>\nNaujas produktas, gamykloje supakuotas, skirtas savaranki\u0161kam surinkimui<\/p>\n<p>\u201eLenart BED CONCEPT BC-11p\u201c \u2013 tai eleganti\u0161kas prailginimo blokas, skirtas BC-06 sieninei lovai. Tai puikus sprendimas norint gauti papildomos vietos daiktams susid\u0117ti ir kartu sukurti darn\u0173, modern\u0173 i\u0161planavim\u0105. \u201eLenart\u201c u\u017etikrino, kad funkcionalumas ir estetika b\u016bt\u0173 suderinti, tod\u0117l \u0161is baldas puikiai tinka moderniam miegamojo, svetain\u0117s ar jaunimo kambario i\u0161d\u0117stymui. Prailginimo blokas turi keturias duris, po kuriomis slepiasi erdvios lentynos. Tai patogi vieta laikyti drabu\u017eius, patalyn\u0119, d\u0117\u017ees ir kitus kasdienius aksesuarus. Kartu su BC-06 sienine spintele jis sukuria prakti\u0161k\u0105 ir eleganti\u0161k\u0105 komplekt\u0105, leid\u017eiant\u012f i\u0161naudoti sien\u0173 erdv\u0119 ir palaikyti tvark\u0105 kambaryje. Spintel\u0117 pagaminta i\u0161 laminuotos plok\u0161t\u0117s ir apdailinta patvariais ABS kra\u0161tais. Blizg\u016bs fasadai suteikia modernumo, pa\u0161viesina erdv\u0119 ir suteikia lengvumo. Spintel\u0117s plotis \u2013 211 cm, auk\u0161tis \u2013 110 cm, o gylis \u2013 46 cm, tod\u0117l joje yra daug vietos daiktams susid\u0117ti, ta\u010diau ji neperkrauta.<\/p>","protected":false},"excerpt":{"rendered":"<p>Modelis: BC-11p Spalva: Blizgi balta Matmenys: Kaip parodyta paveiksl\u0117lyje Dizainas: Keturi\u0173 dur\u0173 prailginimo blokas BC-06 pakabinamai lovai Prakti\u0161kos spintel\u0117s su lentynomis drabu\u017eiams, patalynei ir aksesuarams Eleganti\u0161ki balti blizg\u016bs fasadai Tvirta laminuota plok\u0161t\u0117 su ABS kra\u0161tais Galima integruoti su pakabinama lova Naujas produktas, gamykloje supakuotas, skirtas savaranki\u0161kam surinkimui \u201eLenart BED CONCEPT BC-11p\u201c yra [\u2026]<\/p>","protected":false},"featured_media":248875,"comment_status":"open","ping_status":"open","template":"","meta":[],"product_brand":[],"product_cat":[2454,9196],"product_tag":[],"class_list":{"0":"post-248874","1":"product","2":"type-product","3":"status-publish","4":"has-post-thumbnail","6":"product_cat-lenart","7":"product_cat-furniture-system-bed-concept-lenart","9":"first","10":"instock","11":"purchasable","12":"product-type-simple"},"_links":{"self":[{"href":"https:\/\/baldumarket.lt\/lt\/wp-json\/wp\/v2\/product\/248874","targetHints":{"allow":["GET"]}}],"collection":[{"href":"https:\/\/baldumarket.lt\/lt\/wp-json\/wp\/v2\/product"}],"about":[{"href":"https:\/\/baldumarket.lt\/lt\/wp-json\/wp\/v2\/types\/product"}],"replies":[{"embeddable":true,"href":"https:\/\/baldumarket.lt\/lt\/wp-json\/wp\/v2\/comments?post=248874"}],"wp:featuredmedia":[{"embeddable":true,"href":"https:\/\/baldumarket.lt\/lt\/wp-json\/wp\/v2\/media\/248875"}],"wp:attachment":[{"href":"https:\/\/baldumarket.lt\/lt\/wp-json\/wp\/v2\/media?parent=248874"}],"wp:term":[{"taxonomy":"product_brand","embeddable":true,"href":"https:\/\/baldumarket.lt\/lt\/wp-json\/wp\/v2\/product_brand?post=248874"},{"taxonomy":"product_cat","embeddable":true,"href":"https:\/\/baldumarket.lt\/lt\/wp-json\/wp\/v2\/product_cat?post=248874"},{"taxonomy":"product_tag","embeddable":true,"href":"https:\/\/baldumarket.lt\/lt\/wp-json\/wp\/v2\/product_tag?post=248874"}],"curies":[{"name":"wp","href":"https:\/\/api.w.org\/{rel}","templated":true}]}}