{"id":248856,"date":"2026-01-10T17:56:29","date_gmt":"2026-01-10T14:56:29","guid":{"rendered":"https:\/\/baldumarket.lt\/product\/bc-12-oswietlenie-led-3x-l-1600-bialy\/"},"modified":"2026-02-11T18:32:17","modified_gmt":"2026-02-11T15:32:17","slug":"bc-12-oswietlenie-led-3x-l-1600-bialy","status":"publish","type":"product","link":"https:\/\/baldumarket.lt\/lt\/product\/bc-12-oswietlenie-led-3x-l-1600-bialy\/","title":{"rendered":"BC-12 LED ap\u0161vietimas 3x L-1600 \u2013 baltas"},"content":{"rendered":"<p>Modelis: BC-12<br \/>\nDizainas: LED ap\u0161vietimo komplektas BC-12 sieninei lovai<br \/>\nTrys 1600 mm LED juostel\u0117s<br \/>\nEnergij\u0105 taupantys ir patvar\u016bs \u0161viesos diodai<br \/>\nLengvas montavimas, suderinamas su BED CONCEPT sistema<br \/>\nLengva ir tvirta konstrukcija<br \/>\nPraktin\u0117s ir dekoratyvin\u0117s funkcijos vienoje<br \/>\nBalta apdaila<br \/>\nSukuria maloni\u0105, atmosferin\u0119 atmosfer\u0105<br \/>\nSpecialus BED CONCEPT kolekcijos papildymas<br \/>\nNaujas produktas, gamykloje supakuotas, skirtas savaranki\u0161kam surinkimui<\/p>\n<p>\u201eLenart BED CONCEPT BC-12 LEDBC12\u201c \u2013 tai LED ap\u0161vietimo komplektas sieninei lovai i\u0161 \u201eBED CONCEPT\u201c kolekcijos. Tai funkcionalus ir esteti\u0161kas priedas, padidinantis kasdienio naudojimo komfort\u0105 ir pabr\u0117\u017eiantis modern\u0173 jos charakter\u012f. \u201eLenart BED CONCEPT BC-12 LEDBC12\u201c buvo sukurtas specialiai sienin\u0117ms lovoms, sukuriant darni\u0105 ir eleganti\u0161k\u0105 visum\u0105. Komplekt\u0105 sudaro trys 1600 mm ilgio LED juostel\u0117s, kurios u\u017etikrina tolyg\u0173, malon\u0173 ap\u0161vietim\u0105. Tai leid\u017eia patogiau naudotis lova vakarais ir nakt\u012f, o kambariui suteikia jauki\u0105 ir atmosferin\u0119 atmosfer\u0105. \u0160is sprendimas derina prakti\u0161kum\u0105 ir dekoratyvum\u0105. LED ap\u0161vietimas pagamintas i\u0161 tvirt\u0173 med\u017eiag\u0173, u\u017etikrinan\u010di\u0173 patvarum\u0105 ir energij\u0105 taupant\u012f veikim\u0105. Montavimas paprastas ir prisitaiko prie sienin\u0117s lovos konstrukcijos, tod\u0117l baldams galite greitai ir lengvai prid\u0117ti papildom\u0173 funkcij\u0173.<\/p>","protected":false},"excerpt":{"rendered":"<p>Modelis: BC-12 Dizainas: LED ap\u0161vietimo komplektas BC-12 sieninei lovai Trys 1600 mm LED juostos Energij\u0105 taupantys ir patvar\u016bs \u0161viesos diodai Lengvas montavimas, suderinama su BED CONCEPT sistema Lengva ir tvirta konstrukcija Prakti\u0161kos ir dekoratyvin\u0117s funkcijos viename Balta apdaila Sukuria maloni\u0105, atmosferin\u0119 atmosfer\u0105 Specialus BED CONCEPT kolekcijos papildymas Naujas produktas, gamykloje supakuotas, [\u2026]<\/p>","protected":false},"featured_media":248857,"comment_status":"open","ping_status":"open","template":"","meta":[],"product_brand":[],"product_cat":[2454,9196],"product_tag":[],"class_list":{"0":"post-248856","1":"product","2":"type-product","3":"status-publish","4":"has-post-thumbnail","6":"product_cat-lenart","7":"product_cat-furniture-system-bed-concept-lenart","9":"first","10":"instock","11":"purchasable","12":"product-type-simple"},"_links":{"self":[{"href":"https:\/\/baldumarket.lt\/lt\/wp-json\/wp\/v2\/product\/248856","targetHints":{"allow":["GET"]}}],"collection":[{"href":"https:\/\/baldumarket.lt\/lt\/wp-json\/wp\/v2\/product"}],"about":[{"href":"https:\/\/baldumarket.lt\/lt\/wp-json\/wp\/v2\/types\/product"}],"replies":[{"embeddable":true,"href":"https:\/\/baldumarket.lt\/lt\/wp-json\/wp\/v2\/comments?post=248856"}],"wp:featuredmedia":[{"embeddable":true,"href":"https:\/\/baldumarket.lt\/lt\/wp-json\/wp\/v2\/media\/248857"}],"wp:attachment":[{"href":"https:\/\/baldumarket.lt\/lt\/wp-json\/wp\/v2\/media?parent=248856"}],"wp:term":[{"taxonomy":"product_brand","embeddable":true,"href":"https:\/\/baldumarket.lt\/lt\/wp-json\/wp\/v2\/product_brand?post=248856"},{"taxonomy":"product_cat","embeddable":true,"href":"https:\/\/baldumarket.lt\/lt\/wp-json\/wp\/v2\/product_cat?post=248856"},{"taxonomy":"product_tag","embeddable":true,"href":"https:\/\/baldumarket.lt\/lt\/wp-json\/wp\/v2\/product_tag?post=248856"}],"curies":[{"name":"wp","href":"https:\/\/api.w.org\/{rel}","templated":true}]}}