{"id":248852,"date":"2026-01-10T17:56:27","date_gmt":"2026-01-10T14:56:27","guid":{"rendered":"https:\/\/baldumarket.lt\/product\/bc-13-oswietlenie-led-3x-l-1800-bialy\/"},"modified":"2026-02-11T18:32:17","modified_gmt":"2026-02-11T15:32:17","slug":"bc-13-oswietlenie-led-3x-l-1800-bialy","status":"publish","type":"product","link":"https:\/\/baldumarket.lt\/lt\/product\/bc-13-oswietlenie-led-3x-l-1800-bialy\/","title":{"rendered":"BC-13 LED ap\u0161vietimas 3x L-1800 \u2013 baltas"},"content":{"rendered":"<p>Modelis: BC-13<br \/>\nDizainas: LED ap\u0161vietimo komplektas BC-13 sieninei lovai<br \/>\nTrys 1800 mm ilgio LED juostel\u0117s<br \/>\nEnergij\u0105 taupantys, ilgaam\u017eiai \u0161viesos diodai<br \/>\nLengvas surinkimas, atitinka BED CONCEPT kolekcij\u0105<br \/>\nLengva ir tvirta konstrukcija<br \/>\nBalta apdaila<br \/>\nNaudingumas ir dekoratyvin\u0117 funkcija viename<br \/>\nSukuria malon\u0173, tolyg\u0173 vidaus ap\u0161vietim\u0105<br \/>\nSpecialus BED CONCEPT rinkinio komponentas<br \/>\nNaujas produktas, gamykloje supakuotas, skirtas savaranki\u0161kam surinkimui<\/p>\n<p>\u201eLenart BED CONCEPT BC-13 LEDBC13\u201c \u2013 tai LED ap\u0161vietimo komplektas, skirtas BC-13 pakabinamai lovai i\u0161 \u201eBED CONCEPT\u201c kolekcijos. Tai prakti\u0161kas ir esteti\u0161kas priedas, padidinantis lovos komfort\u0105 ir pabr\u0117\u017eiantis jos modern\u0173 charakter\u012f. \u201eLenart BED CONCEPT BC-13 LEDBC13\u201c sukurtas taip, kad puikiai papildyt\u0173 baldus ir sukurt\u0173 darni\u0105 visum\u0105. Komplekt\u0105 sudaro trys 1800 mm LED juostos, kurios skleid\u017eia galing\u0105, bet malon\u0173 akiai ap\u0161vietim\u0105. Ap\u0161vietimas ne tik palengvina kasdien\u012f pakabinamos lovos naudojim\u0105 vakarais ir nakt\u012f, bet ir atlieka dekoratyvin\u0119 funkcij\u0105, suteikdamas interjerui jauki\u0105 ir moderni\u0105 atmosfer\u0105. Pagamintas i\u0161 patvari\u0173 med\u017eiag\u0173 ir apr\u016bpintas energij\u0105 taupan\u010diais diodais, LED ap\u0161vietimas pasi\u017eymi ilgu tarnavimo laiku ir ma\u017eomis energijos s\u0105naudomis. Montavimas yra paprastas ir pritaikytas BC-13 pakabinamos lovos dizainui, tod\u0117l montavimas yra greitas ir nesud\u0117tingas.<\/p>","protected":false},"excerpt":{"rendered":"<p>Modelis: BC-13 Dizainas: LED ap\u0161vietimo komplektas BC-13 sieninei lovai Trys 1800 mm ilgio LED juostel\u0117s Energij\u0105 taupantys, ilgaam\u017eiai \u0161viesos diodai Lengvas surinkimas, dera prie BED CONCEPT kolekcijos Lengva ir tvirta konstrukcija Balta apdaila Naudingumas ir dekoratyvin\u0117 funkcija viename Sukuria malon\u0173, tolyg\u0173 vidaus ap\u0161vietim\u0105 Speciali BED CONCEPT rinkinio dalis Naujas produktas, gamykloje supakuotas, skirtas [\u2026]<\/p>","protected":false},"featured_media":248853,"comment_status":"open","ping_status":"open","template":"","meta":[],"product_brand":[],"product_cat":[1043,2454,9196],"product_tag":[],"class_list":{"0":"post-248852","1":"product","2":"type-product","3":"status-publish","4":"has-post-thumbnail","6":"product_cat-extras","7":"product_cat-lenart","8":"product_cat-furniture-system-bed-concept-lenart","10":"first","11":"instock","12":"purchasable","13":"product-type-simple"},"_links":{"self":[{"href":"https:\/\/baldumarket.lt\/lt\/wp-json\/wp\/v2\/product\/248852","targetHints":{"allow":["GET"]}}],"collection":[{"href":"https:\/\/baldumarket.lt\/lt\/wp-json\/wp\/v2\/product"}],"about":[{"href":"https:\/\/baldumarket.lt\/lt\/wp-json\/wp\/v2\/types\/product"}],"replies":[{"embeddable":true,"href":"https:\/\/baldumarket.lt\/lt\/wp-json\/wp\/v2\/comments?post=248852"}],"wp:featuredmedia":[{"embeddable":true,"href":"https:\/\/baldumarket.lt\/lt\/wp-json\/wp\/v2\/media\/248853"}],"wp:attachment":[{"href":"https:\/\/baldumarket.lt\/lt\/wp-json\/wp\/v2\/media?parent=248852"}],"wp:term":[{"taxonomy":"product_brand","embeddable":true,"href":"https:\/\/baldumarket.lt\/lt\/wp-json\/wp\/v2\/product_brand?post=248852"},{"taxonomy":"product_cat","embeddable":true,"href":"https:\/\/baldumarket.lt\/lt\/wp-json\/wp\/v2\/product_cat?post=248852"},{"taxonomy":"product_tag","embeddable":true,"href":"https:\/\/baldumarket.lt\/lt\/wp-json\/wp\/v2\/product_tag?post=248852"}],"curies":[{"name":"wp","href":"https:\/\/api.w.org\/{rel}","templated":true}]}}