{"id":248835,"date":"2026-01-10T17:56:18","date_gmt":"2026-01-10T14:56:18","guid":{"rendered":"https:\/\/baldumarket.lt\/product\/bed-concept-bc-07-szafka-1d1s-kaszmir\/"},"modified":"2026-02-11T18:32:17","modified_gmt":"2026-02-11T15:32:17","slug":"bed-concept-bc-07-szafka-1d1s-kaszmir","status":"publish","type":"product","link":"https:\/\/baldumarket.lt\/lt\/produktas\/bed-concept-bc-07-szafka-1d1s-kaszmir\/","title":{"rendered":"LOVOS KONCEPCIJA BC-07 \u2013 1d1s spintel\u0117 \u2013 ka\u0161myras"},"content":{"rendered":"<p>Modelis: BC-07<br \/>\nSpalva: Ka\u0161myras<br \/>\nMatmenys: Kaip parodyta paveiksl\u0117lyje<br \/>\nMed\u017eiaga: Korpusas ir priekin\u0117 dalis pagaminti i\u0161 auk\u0161tos kokyb\u0117s laminuotos plok\u0161t\u0117s<br \/>\n\u012ebr\u0117\u017eimams ir pa\u017eeidimams atsparus pavir\u0161ius<br \/>\nABS kra\u0161tai didesniam patvarumui<br \/>\nAuk\u0161ta konstrukcija su durel\u0117mis ir vidin\u0117mis lentynomis<br \/>\nAtvira erdv\u0117 knygoms ir dekoracijoms eksponuoti<br \/>\nPrakti\u0161kas stal\u010dius smulkiems daiktams<br \/>\nUniversalus dizainas i\u0161 ka\u0161myro<br \/>\nSukurta taip, kad der\u0117t\u0173 prie BED CONCEPT lovos<br \/>\nProduktas naujas, gamykloje supakuotas, skirtas savaranki\u0161kam surinkimui<\/p>\n<p>\u201eLenart BED CONCEPT BC-07\u201c \u2013 tai ka\u0161myro spalvos vertikali lova, sukurta papildyti vertikalias \u201eBED CONCEPT\u201c kolekcijos lovas. \u0160i auk\u0161ta lentyn\u0173 sistema su durel\u0117mis, atviromis ni\u0161omis ir prakti\u0161ku stal\u010diumi idealiai tinka tiek daiktams laikyti, tiek dekoratyviai papildyti bet kok\u012f interjer\u0105. \u201eLenart\u201c u\u017etikrino, kad BC-07 derina funkcionalum\u0105, moderni\u0105 i\u0161vaizd\u0105 ir tvirt\u0105 meistri\u0161kum\u0105. Ergonomi\u0161kas lentyn\u0173 sistemos vidus leid\u017eia patogiai laikyti drabu\u017eius, aksesuarus ir nam\u0173 apyvokos daiktus. Atvira erdv\u0117 puikiai tinka knygoms ir papuo\u0161alams, o ma\u017eas stal\u010dius \u2013 ideali vieta papuo\u0161alams, dokumentams ar kitiems smulkiems daiktams. D\u0117l universalaus dizaino ir eleganti\u0161kos ka\u0161myro apdailos BC-07 spintel\u0117 papildo \u012fvairius interjerus ir suteikia jam harmonijos.<\/p>","protected":false},"excerpt":{"rendered":"<p>Modelis: BC-07 Spalva: Ka\u0161myras Matmenys: Kaip pavaizduota Med\u017eiaga: Korpusas ir priekin\u0117 dalis pagaminti i\u0161 auk\u0161tos kokyb\u0117s laminuotos plok\u0161t\u0117s \u012ebr\u0117\u017eimams ir pa\u017eeidimams atsparus pavir\u0161ius ABS kra\u0161tai didesniam patvarumui Auk\u0161ta konstrukcija su durel\u0117mis ir vidin\u0117mis lentynomis Atvira erdv\u0117 knygoms ir dekoracijoms laikyti Prakti\u0161kas stal\u010dius smulkiems daiktams Universalus dizainas i\u0161 ka\u0161myro Sukurtas der\u0117ti prie BED CONCEPT lovos [\u2026]<\/p>","protected":false},"featured_media":248836,"comment_status":"open","ping_status":"open","template":"","meta":[],"product_brand":[],"product_cat":[2454,9196,1177],"product_tag":[],"class_list":{"0":"post-248835","1":"product","2":"type-product","3":"status-publish","4":"has-post-thumbnail","6":"product_cat-lenart","7":"product_cat-furniture-system-bed-concept-lenart","8":"product_cat-wardrobes","10":"first","11":"instock","12":"purchasable","13":"product-type-simple"},"_links":{"self":[{"href":"https:\/\/baldumarket.lt\/lt\/wp-json\/wp\/v2\/product\/248835","targetHints":{"allow":["GET"]}}],"collection":[{"href":"https:\/\/baldumarket.lt\/lt\/wp-json\/wp\/v2\/product"}],"about":[{"href":"https:\/\/baldumarket.lt\/lt\/wp-json\/wp\/v2\/types\/product"}],"replies":[{"embeddable":true,"href":"https:\/\/baldumarket.lt\/lt\/wp-json\/wp\/v2\/comments?post=248835"}],"wp:featuredmedia":[{"embeddable":true,"href":"https:\/\/baldumarket.lt\/lt\/wp-json\/wp\/v2\/media\/248836"}],"wp:attachment":[{"href":"https:\/\/baldumarket.lt\/lt\/wp-json\/wp\/v2\/media?parent=248835"}],"wp:term":[{"taxonomy":"product_brand","embeddable":true,"href":"https:\/\/baldumarket.lt\/lt\/wp-json\/wp\/v2\/product_brand?post=248835"},{"taxonomy":"product_cat","embeddable":true,"href":"https:\/\/baldumarket.lt\/lt\/wp-json\/wp\/v2\/product_cat?post=248835"},{"taxonomy":"product_tag","embeddable":true,"href":"https:\/\/baldumarket.lt\/lt\/wp-json\/wp\/v2\/product_tag?post=248835"}],"curies":[{"name":"wp","href":"https:\/\/api.w.org\/{rel}","templated":true}]}}