{"id":248821,"date":"2026-01-10T17:56:13","date_gmt":"2026-01-10T14:56:13","guid":{"rendered":"https:\/\/baldumarket.lt\/product\/bed-concept-bc-15-nadstawka-do-bc-14-bialy\/"},"modified":"2026-02-11T18:32:17","modified_gmt":"2026-02-11T15:32:17","slug":"bed-concept-bc-15-nadstawka-do-bc-14-bialy","status":"publish","type":"product","link":"https:\/\/baldumarket.lt\/lt\/product\/bed-concept-bc-15-nadstawka-do-bc-14-bialy\/","title":{"rendered":"LOVO KONCEPCIJA BC-15 \u2013 prailginimas BC-14 \u2013 balta"},"content":{"rendered":"<p>Modelis: BC-15<br \/>\nSpalva: balta<br \/>\nMatmenys: Kaip parodyta paveiksl\u0117lyje<br \/>\nKonstrukcija: Dviej\u0173 dur\u0173 prailginimas BC-14 sieninei lovai,<br \/>\nEleganti\u0161ka balta apdaila,<br \/>\nErdvios spintel\u0117s drabu\u017eiams, patalynei ir aksesuarams,<br \/>\nGalima integruoti su lova,<br \/>\nPagaminta i\u0161 laminuotos plok\u0161t\u0117s su patvariu ABS kra\u0161tu,<br \/>\nModernus ir universalus dizainas.<br \/>\nNaujas produktas, gamykloje supakuotas, skirtas savaranki\u0161kam surinkimui.<\/p>\n<p>\u201eLenart BED CONCEPT BC-15\u201c \u2013 tai specialiai BC-14 sieninei lovai sukurtas priedas. \u201eLenart\u201c j\u012f suk\u016br\u0117 siekdamas sukurti darn\u0173 ir modern\u0173 pried\u0105 su lova, taupydamas erdv\u0119 ir i\u0161naudodamas vis\u0105 sienos pavir\u0161i\u0173. Balta versija pagyvina interjer\u0105 ir suteikia jam lengvumo. BC-15 priedas turi dvejas duris, po kuriomis slepiasi erdvios spintel\u0117s. Tai prakti\u0161ka vieta drabu\u017eiams, patalynei, d\u0117\u017e\u0117ms ar kitiems daiktams, kuriuos norite laikyti po ranka, bet pasl\u0117pti. Paprastas ir modernus dizainas puikiai tinka \u012fvairiems interjerams, o kartu su BC-14 sienine lova sukuria esteti\u0161kai patraukli\u0105 ir funkcionali\u0105 visum\u0105. Visas baldas pagamintas i\u0161 patvarios laminuotos plok\u0161t\u0117s ir apvadintas ABS kra\u0161tais, kurie apsaugo kra\u0161tus ir u\u017etikrina patvarum\u0105 nuo kasdienio d\u0117v\u0117jimosi. Tvirta, ta\u010diau lengva konstrukcija u\u017etikrina, kad \u0161is baldas tarnaus ilgus metus neprarandant savo modernaus charakterio.<\/p>","protected":false},"excerpt":{"rendered":"<p>Modelis: BC-15 Spalva: Balta Matmenys: Kaip parodyta paveiksl\u0117lyje Dizainas: Dviduris BC-14 sienin\u0117s lovos prailginimas, Eleganti\u0161ka balta apdaila, Erdvios spintel\u0117s drabu\u017eiams, patalynei ir aksesuarams, Galima integruoti \u012f lov\u0105, Pagaminta i\u0161 laminuotos plok\u0161t\u0117s su patvariu ABS kra\u0161tu, Modernus ir universalus dizainas. Naujas produktas, gamykloje supakuotas, skirtas savaranki\u0161kam surinkimui. Lenart BED CONCEPT BC-15 yra prailginimas [\u2026]<\/p>","protected":false},"featured_media":248822,"comment_status":"open","ping_status":"open","template":"","meta":[],"product_brand":[],"product_cat":[2454,9196],"product_tag":[],"class_list":{"0":"post-248821","1":"product","2":"type-product","3":"status-publish","4":"has-post-thumbnail","6":"product_cat-lenart","7":"product_cat-furniture-system-bed-concept-lenart","9":"first","10":"instock","11":"purchasable","12":"product-type-simple"},"_links":{"self":[{"href":"https:\/\/baldumarket.lt\/lt\/wp-json\/wp\/v2\/product\/248821","targetHints":{"allow":["GET"]}}],"collection":[{"href":"https:\/\/baldumarket.lt\/lt\/wp-json\/wp\/v2\/product"}],"about":[{"href":"https:\/\/baldumarket.lt\/lt\/wp-json\/wp\/v2\/types\/product"}],"replies":[{"embeddable":true,"href":"https:\/\/baldumarket.lt\/lt\/wp-json\/wp\/v2\/comments?post=248821"}],"wp:featuredmedia":[{"embeddable":true,"href":"https:\/\/baldumarket.lt\/lt\/wp-json\/wp\/v2\/media\/248822"}],"wp:attachment":[{"href":"https:\/\/baldumarket.lt\/lt\/wp-json\/wp\/v2\/media?parent=248821"}],"wp:term":[{"taxonomy":"product_brand","embeddable":true,"href":"https:\/\/baldumarket.lt\/lt\/wp-json\/wp\/v2\/product_brand?post=248821"},{"taxonomy":"product_cat","embeddable":true,"href":"https:\/\/baldumarket.lt\/lt\/wp-json\/wp\/v2\/product_cat?post=248821"},{"taxonomy":"product_tag","embeddable":true,"href":"https:\/\/baldumarket.lt\/lt\/wp-json\/wp\/v2\/product_tag?post=248821"}],"curies":[{"name":"wp","href":"https:\/\/api.w.org\/{rel}","templated":true}]}}