{"id":248813,"date":"2026-01-10T17:56:10","date_gmt":"2026-01-10T14:56:10","guid":{"rendered":"https:\/\/baldumarket.lt\/product\/bed-concept-bc-15-nadstawka-do-bc-14-dab-artisan\/"},"modified":"2026-02-11T18:32:17","modified_gmt":"2026-02-11T15:32:17","slug":"bed-concept-bc-15-nadstawka-do-bc-14-dab-artisan","status":"publish","type":"product","link":"https:\/\/baldumarket.lt\/lt\/produktas\/bed-concept-bc-15-nadstawka-do-bc-14-dab-artisan\/","title":{"rendered":"LOVOS KONCEPCIJA BC-15 \u2013 BC-14 prailginimas \u2013 \u0105\u017euolas i\u0161 dirbtinio med\u017eio"},"content":{"rendered":"<p>Modelis: BC-15<br \/>\nSpalva: Artisan Oak<br \/>\nMatmenys: Kaip parodyta paveiksl\u0117lyje<br \/>\nKonstrukcija: Dviej\u0173 dur\u0173 prailginimas BC-14 sieninei lovai,<br \/>\nEleganti\u0161ka balta apdaila,<br \/>\nErdvios spintel\u0117s drabu\u017eiams, patalynei ir aksesuarams,<br \/>\nGalima integruoti su lova,<br \/>\nPagaminta i\u0161 laminuotos plok\u0161t\u0117s su patvariu ABS kra\u0161tu,<br \/>\nModernus ir universalus dizainas.<br \/>\nNaujas produktas, gamykloje supakuotas, skirtas savaranki\u0161kam surinkimui.<\/p>\n<p>\u201eLenart BED CONCEPT BC-15p\u201c \u2013 tai dviej\u0173 dur\u0173 prailginimas, skirtas BC-14 sieninei lovai. \u201eLenart\u201c j\u012f suk\u016br\u0117 siekdamas sukurti darni\u0105 ir moderni\u0105 instaliacij\u0105, kuri maksimaliai i\u0161naudot\u0173 sien\u0173 erdv\u0119 ir kartu i\u0161laikyt\u0173 tvark\u0105 kambaryje. Blizgi balta versija suteikia elegancijos ir vizualiai ap\u0161vie\u010dia interjer\u0105. BC-15p prailginimas turi dvi duris, u\u017e kuri\u0173 yra erdvios spintel\u0117s. Tai prakti\u0161ka vieta laikyti patalyn\u0119, drabu\u017eius ar aksesuar\u0173 d\u0117\u017ees, kurias norite tur\u0117ti po ranka, ta\u010diau diskreti\u0161kai pasl\u0117ptas. Kartu su BC-14 sienine lova jis sukuria i\u0161baigt\u0105, esteti\u0161kai patraukl\u0173 ir funkcional\u0173 bald\u0105, puikiai tinkant\u012f miegamajam, jaunimo kambariui ar studijos tipo butui. Baldas pagamintas i\u0161 tvirtos laminuotos plok\u0161t\u0117s ir apdailintas ABS kra\u0161tais, tod\u0117l yra atsparus pa\u017eeidimams ir u\u017etikrina, kad jo i\u0161vaizda i\u0161liks ilgus metus. Blizg\u016bs fasadai suteikia baldui modern\u0173 charakter\u012f ir puikiai dera prie dabartini\u0173 interjero dizaino tendencij\u0173.<\/p>","protected":false},"excerpt":{"rendered":"<p>Modelis: BC-15 Spalva: Artisan Oak Matmenys: Kaip parodyta paveiksl\u0117lyje Dizainas: Dviduris BC-14 sienin\u0117s lovos prailginimas, Eleganti\u0161ka balta apdaila, Erdvios spintel\u0117s drabu\u017eiams, patalynei ir aksesuarams, Galima integruoti \u012f lov\u0105, Pagaminta i\u0161 laminuotos plok\u0161t\u0117s su patvariu ABS kra\u0161tu, Modernus ir universalus dizainas. Naujas produktas, gamykloje supakuotas, skirtas savaranki\u0161kam surinkimui. \u201eLenart BED CONCEPT BC-15p\u201c yra [\u2026]<\/p>","protected":false},"featured_media":248814,"comment_status":"open","ping_status":"open","template":"","meta":[],"product_brand":[],"product_cat":[2454,9196],"product_tag":[],"class_list":{"0":"post-248813","1":"product","2":"type-product","3":"status-publish","4":"has-post-thumbnail","6":"product_cat-lenart","7":"product_cat-furniture-system-bed-concept-lenart","9":"first","10":"instock","11":"purchasable","12":"product-type-simple"},"_links":{"self":[{"href":"https:\/\/baldumarket.lt\/lt\/wp-json\/wp\/v2\/product\/248813","targetHints":{"allow":["GET"]}}],"collection":[{"href":"https:\/\/baldumarket.lt\/lt\/wp-json\/wp\/v2\/product"}],"about":[{"href":"https:\/\/baldumarket.lt\/lt\/wp-json\/wp\/v2\/types\/product"}],"replies":[{"embeddable":true,"href":"https:\/\/baldumarket.lt\/lt\/wp-json\/wp\/v2\/comments?post=248813"}],"wp:featuredmedia":[{"embeddable":true,"href":"https:\/\/baldumarket.lt\/lt\/wp-json\/wp\/v2\/media\/248814"}],"wp:attachment":[{"href":"https:\/\/baldumarket.lt\/lt\/wp-json\/wp\/v2\/media?parent=248813"}],"wp:term":[{"taxonomy":"product_brand","embeddable":true,"href":"https:\/\/baldumarket.lt\/lt\/wp-json\/wp\/v2\/product_brand?post=248813"},{"taxonomy":"product_cat","embeddable":true,"href":"https:\/\/baldumarket.lt\/lt\/wp-json\/wp\/v2\/product_cat?post=248813"},{"taxonomy":"product_tag","embeddable":true,"href":"https:\/\/baldumarket.lt\/lt\/wp-json\/wp\/v2\/product_tag?post=248813"}],"curies":[{"name":"wp","href":"https:\/\/api.w.org\/{rel}","templated":true}]}}