{"id":248805,"date":"2026-01-10T17:56:07","date_gmt":"2026-01-10T14:56:07","guid":{"rendered":"https:\/\/baldumarket.lt\/product\/bed-concept-bc-15-nadstawka-do-bc-14-kaszmir\/"},"modified":"2026-02-11T18:32:17","modified_gmt":"2026-02-11T15:32:17","slug":"bed-concept-bc-15-nadstawka-do-bc-14-kaszmir","status":"publish","type":"product","link":"https:\/\/baldumarket.lt\/lt\/product\/bed-concept-bc-15-nadstawka-do-bc-14-kaszmir\/","title":{"rendered":"LOVO KONCEPCIJA BC-15 \u2013 prailginimas BC-14 \u2013 ka\u0161myras"},"content":{"rendered":"<p>Modelis: BC-15<br \/>\nSpalva: Ka\u0161myras<br \/>\nMatmenys: Kaip parodyta paveiksl\u0117lyje<br \/>\nKonstrukcija: Dviej\u0173 atvart\u0173 prailginimas BC-14 sieninei lovai,<br \/>\neleganti\u0161ka ka\u0161myro spalva,<br \/>\nerdvios ni\u0161os dokumentams, tekstilei ir smulkiems daiktams,<br \/>\ntvirta konstrukcija, pagaminta i\u0161 laminuotos plok\u0161t\u0117s + patvar\u016bs ABS kra\u0161tai,<br \/>\ngalima skland\u017eiai integruoti su lova,<br \/>\nmodernus ir funkcionalus dizainas.<br \/>\nNaujas produktas, gamykloje supakuotas, skirtas savaranki\u0161kam surinkimui.<\/p>\n<p>\u201eLenart BED CONCEPT BC-15\u201c \u2013 tai priestatas, sukurtas BC-14 sieninei lovai. \u201eLenart\u201c suk\u016br\u0117 \u0161\u012f element\u0105, kad b\u016bt\u0173 galima lengvai sukurti darn\u0173 ir modern\u0173 priestat\u0105, kuris sutaupys vietos ir sutvarkys j\u016bs\u0173 erdv\u0119. Ka\u0161myro versija pasi\u017eymi subtilia, eleganti\u0161ka i\u0161vaizda, kuri dera prie daugelio interjero stili\u0173. BC-15 priestatas turi du atvartus, u\u017e kuri\u0173 yra erdvios ni\u0161os. Tai prakti\u0161ka vieta tekstilei, dokumentams, drabu\u017eiams ir kasdieniams daiktams. Kartu su BC-14 sienine lova jis sukuria funkcional\u0173 komplekt\u0105, kuris puikiai tinka tiek miegamajame, tiek jaunimo kambaryje, tiek studijos tipo bute. Paprastas ir modernus dizainas ne tik padeda sutvarkyti daiktus, bet ir suteikia interjerui estetinio charakterio. Konstrukcija pagaminta i\u0161 patvarios laminuotos plok\u0161t\u0117s ir apklijuota ABS kra\u0161tais, u\u017etikrinan\u010diais patvarum\u0105 ir atsparum\u0105 kasdieniam naudojimui. Ka\u0161myro spalva pabr\u0117\u017eia modern\u0173 stili\u0173 ir suteikia kambariui \u0161ilt\u0105 bei jauki\u0105 atmosfer\u0105.<\/p>","protected":false},"excerpt":{"rendered":"<p>Modelis: BC-15 Spalva: Ka\u0161myras Matmenys: Kaip parodyta paveiksl\u0117lyje Dizainas: Dviej\u0173 atvart\u0173 prailginimas BC-14 sieninei lovai, eleganti\u0161ka ka\u0161myro spalva, erdvios ni\u0161os dokumentams, tekstilei ir smulkiems daiktams, tvirta konstrukcija i\u0161 laminuotos plok\u0161t\u0117s + patvar\u016bs ABS kra\u0161tai, gali b\u016bti skland\u017eiai integruojama \u012f lov\u0105, modernus ir funkcionalus dizainas. Naujas produktas, gamykloje supakuotas, savaranki\u0161kam surinkimui. Lenart LOVOS KONCEPCIJA [\u2026]<\/p>","protected":false},"featured_media":248806,"comment_status":"open","ping_status":"open","template":"","meta":[],"product_brand":[],"product_cat":[2454,9196],"product_tag":[],"class_list":{"0":"post-248805","1":"product","2":"type-product","3":"status-publish","4":"has-post-thumbnail","6":"product_cat-lenart","7":"product_cat-furniture-system-bed-concept-lenart","9":"first","10":"instock","11":"purchasable","12":"product-type-simple"},"_links":{"self":[{"href":"https:\/\/baldumarket.lt\/lt\/wp-json\/wp\/v2\/product\/248805","targetHints":{"allow":["GET"]}}],"collection":[{"href":"https:\/\/baldumarket.lt\/lt\/wp-json\/wp\/v2\/product"}],"about":[{"href":"https:\/\/baldumarket.lt\/lt\/wp-json\/wp\/v2\/types\/product"}],"replies":[{"embeddable":true,"href":"https:\/\/baldumarket.lt\/lt\/wp-json\/wp\/v2\/comments?post=248805"}],"wp:featuredmedia":[{"embeddable":true,"href":"https:\/\/baldumarket.lt\/lt\/wp-json\/wp\/v2\/media\/248806"}],"wp:attachment":[{"href":"https:\/\/baldumarket.lt\/lt\/wp-json\/wp\/v2\/media?parent=248805"}],"wp:term":[{"taxonomy":"product_brand","embeddable":true,"href":"https:\/\/baldumarket.lt\/lt\/wp-json\/wp\/v2\/product_brand?post=248805"},{"taxonomy":"product_cat","embeddable":true,"href":"https:\/\/baldumarket.lt\/lt\/wp-json\/wp\/v2\/product_cat?post=248805"},{"taxonomy":"product_tag","embeddable":true,"href":"https:\/\/baldumarket.lt\/lt\/wp-json\/wp\/v2\/product_tag?post=248805"}],"curies":[{"name":"wp","href":"https:\/\/api.w.org\/{rel}","templated":true}]}}