{"id":248799,"date":"2026-01-10T17:56:04","date_gmt":"2026-01-10T14:56:04","guid":{"rendered":"https:\/\/baldumarket.lt\/product\/bed-concept-bc-16-zaglowek-tapicerowany-140-do-bc-01-boucle-bezowy-piu-03\/"},"modified":"2026-02-11T18:32:18","modified_gmt":"2026-02-11T15:32:18","slug":"bed-concept-bc-16-zaglowek-tapicerowany-140-do-bc-01-boucle-bezowy-piu-03","status":"publish","type":"product","link":"https:\/\/baldumarket.lt\/lt\/produktas\/bed-concept-bc-16-zaglowek-tapicerowany-140-do-bc-01-boucle-bezowy-piu-03\/","title":{"rendered":"Lovos koncepcija BC-16 \u2013 mink\u0161ta galvos atrama 140, skirta BC-01 \u2013 bukl\u0117 sm\u0117lio spalvos PIU 03"},"content":{"rendered":"<p>Modelis: BC-16<br \/>\nSpalva: sm\u0117lio spalvos bukle<br \/>\nMatmenys: Kaip parodyta paveiksl\u0117lyje<br \/>\nDizainas: apmu\u0161tas galv\u016bgalis BC-01 sieninei lovai,<br \/>\ntinka 140 cm plo\u010dio \u010diu\u017einiui,<br \/>\nPagaminta i\u0161 sm\u0117lio spalvos boucl\u00e9 audinio PIU 03,<br \/>\nmink\u0161tas ir patogus apmu\u0161tas pavir\u0161ius,<br \/>\npadidina lovos komfort\u0105,<br \/>\neleganti\u0161kas ir modernus dizainas,<br \/>\npuikus BC-01 sienin\u0117s lovos papildymas.<br \/>\nNaujas produktas, gamykloje supakuotas, skirtas savaranki\u0161kam surinkimui.<\/p>\n<p>\u201eLenart BED CONCEPT BC-16\u201c \u2013 tai apmu\u0161tas galv\u016bgalis, skirtas BC-01 sieninei lovai, tinkantis 140 cm plo\u010dio \u010diu\u017einiui. \u201eLenart\u201c j\u012f suk\u016br\u0117 siekdamas padidinti lovos komfort\u0105 ir suteikti jai eleganti\u0161k\u0105, modern\u0173 vaizd\u0105. Sm\u0117lio spalvos bukl\u0117 audinio (PIU 03) versija suteikia jaukumo ir stiliaus bet kuriam kambariui. BC-16 galv\u016bgalis ne tik pagerina kasdienio sienin\u0117s lovos naudojimo komfort\u0105, bet ir atlieka dekoratyvin\u0119 funkcij\u0105. Apmu\u0161tas pavir\u0161ius yra mink\u0161tas ir patogus, tai \u012fvertins visi, m\u0117gstantys leisti laik\u0105 lovoje su knyga ar ne\u0161iojamuoju kompiuteriu. D\u0117l paprasto dizaino jis lengvai dera prie \u012fvairi\u0173 interjer\u0173 \u2013 tiek moderni\u0173, tiek klasikini\u0173. Baldas kruop\u0161\u010diai pagamintas i\u0161 auk\u0161tos kokyb\u0117s med\u017eiag\u0173, o madingos sm\u0117lio spalvos bukl\u0117 audinys suteikia jam eleganti\u0161k\u0105 ir subtil\u0173 akcent\u0105. Jis puikiai papildo BC-01 sienin\u0119 lov\u0105, tod\u0117l visas baldas atrodo jaukesnis ir patogesnis.<\/p>","protected":false},"excerpt":{"rendered":"<p>Modelis: BC-16 Spalva: Sm\u0117lio spalvos bukl\u0117 Matmenys: Kaip parodyta paveiksl\u0117lyje Dizainas: Apmu\u0161tas galv\u016bgalis BC-01 sieninei lovai, tinka 140 cm plo\u010dio \u010diu\u017einiui, pagamintas i\u0161 sm\u0117lio spalvos bukl\u0117s audinio PIU 03, mink\u0161tas ir patogus apmu\u0161tas pavir\u0161ius, padidina lovos komfort\u0105, eleganti\u0161kas ir modernus dizainas, puikiai papildo BC-01 sienin\u0119 lov\u0105. Naujas produktas, [\u2026]<\/p>","protected":false},"featured_media":248800,"comment_status":"open","ping_status":"open","template":"","meta":[],"product_brand":[],"product_cat":[2454,9196],"product_tag":[],"class_list":{"0":"post-248799","1":"product","2":"type-product","3":"status-publish","4":"has-post-thumbnail","6":"product_cat-lenart","7":"product_cat-furniture-system-bed-concept-lenart","9":"first","10":"instock","11":"purchasable","12":"product-type-simple"},"_links":{"self":[{"href":"https:\/\/baldumarket.lt\/lt\/wp-json\/wp\/v2\/product\/248799","targetHints":{"allow":["GET"]}}],"collection":[{"href":"https:\/\/baldumarket.lt\/lt\/wp-json\/wp\/v2\/product"}],"about":[{"href":"https:\/\/baldumarket.lt\/lt\/wp-json\/wp\/v2\/types\/product"}],"replies":[{"embeddable":true,"href":"https:\/\/baldumarket.lt\/lt\/wp-json\/wp\/v2\/comments?post=248799"}],"wp:featuredmedia":[{"embeddable":true,"href":"https:\/\/baldumarket.lt\/lt\/wp-json\/wp\/v2\/media\/248800"}],"wp:attachment":[{"href":"https:\/\/baldumarket.lt\/lt\/wp-json\/wp\/v2\/media?parent=248799"}],"wp:term":[{"taxonomy":"product_brand","embeddable":true,"href":"https:\/\/baldumarket.lt\/lt\/wp-json\/wp\/v2\/product_brand?post=248799"},{"taxonomy":"product_cat","embeddable":true,"href":"https:\/\/baldumarket.lt\/lt\/wp-json\/wp\/v2\/product_cat?post=248799"},{"taxonomy":"product_tag","embeddable":true,"href":"https:\/\/baldumarket.lt\/lt\/wp-json\/wp\/v2\/product_tag?post=248799"}],"curies":[{"name":"wp","href":"https:\/\/api.w.org\/{rel}","templated":true}]}}