{"id":248791,"date":"2026-01-10T17:56:01","date_gmt":"2026-01-10T14:56:01","guid":{"rendered":"https:\/\/baldumarket.lt\/product\/bed-concept-bc-10-nadstawka-do-bc-05-dab-artisan\/"},"modified":"2026-02-11T18:32:18","modified_gmt":"2026-02-11T15:32:18","slug":"bed-concept-bc-10-nadstawka-do-bc-05-dab-artisan","status":"publish","type":"product","link":"https:\/\/baldumarket.lt\/lt\/produktas\/bed-concept-bc-10-nadstawka-do-bc-05-dab-artisan\/","title":{"rendered":"LOVOS KONCEPCIJA BC-10 \u2013 BC-05 prailginimas \u2013 \u0105\u017euolas i\u0161 dirbtinio med\u017eio"},"content":{"rendered":"<p>Modelis: BC-10<br \/>\nSpalva: Artisan Oak<br \/>\nMatmenys: Kaip parodyta paveiksl\u0117lyje<br \/>\nKonstrukcija: Keturi\u0173 dur\u0173 prailginimo blokas BC-05 sieninei lovai,<br \/>\nErdvios spintel\u0117s su prakti\u0161ku lentyn\u0173 i\u0161d\u0117stymu,<br \/>\nModernus dizainas ir apdaila i\u0161 \u201eArtisan Oak\u201c \u0105\u017euolo,<br \/>\nTvirta laminuota plok\u0161t\u0117 su atspariu pa\u017eeidimams ABS kra\u0161tu,<br \/>\nIdealiai tinka patalyn\u0117s, drabu\u017ei\u0173 ir aksesuar\u0173 laikymui,<br \/>\nNaujas produktas, gamykloje supakuotas, skirtas savaranki\u0161kam surinkimui.<\/p>\n<p>\u201eLenart BED CONCEPT BC-10\u201c \u2013 tai prakti\u0161kas prailginimo blokas, skirtas BC-05 sieninei lovai. Jis suteikia papildomos vietos daiktams susid\u0117ti ir sukuria vientis\u0105 vienet\u0105, efektyviai i\u0161naudojant\u012f kambario erdv\u0119. \u201eLenart\u201c u\u017etikrino modern\u0173 vaizd\u0105 ir funkcionalum\u0105, tod\u0117l \u0161is baldas puikiai tinka miegamajam, jaunimo kambariui ar svetainei. Prailginimo blokas turi keturis \u012f \u0161onus atsidaran\u010dius priekius, u\u017e kuri\u0173 yra erdvios lentynos. Tai puiki vieta patalynei, drabu\u017eiams, d\u0117\u017e\u0117ms ir kitiems aksesuarams, kuriuos norite laikyti po ranka, ta\u010diau diskreti\u0161kai pasl\u0117ptus. Kartu su BC-05 sienine lova jis sukuria modern\u0173, viet\u0105 taupant\u012f blok\u0105, kuris ne tik palengvina organizavim\u0105, bet ir suteikia interjerui eleganti\u0161k\u0105 akcent\u0105. Tvirta konstrukcija pagaminta i\u0161 laminuotos plok\u0161t\u0117s ir apdailinta patvariu ABS kra\u0161tu, u\u017etikrinan\u010diu atsparum\u0105 pa\u017eeidimams ir ilgalaik\u012f naudojim\u0105. Prailginimo bloko plotis yra 211 cm, auk\u0161tis 80 cm, o gylis \u2013 46 cm, tod\u0117l jis erdvus, neu\u017egriozdinant vidaus.<\/p>","protected":false},"excerpt":{"rendered":"<p>Modelis: BC-10 Spalva: Artisan Oak Matmenys: Kaip parodyta paveiksl\u0117lyje Dizainas: Keturi\u0173 dur\u0173 prailginimo blokas BC-05 sieninei lovai, Erdvios spintel\u0117s su prakti\u0161ku lentyn\u0173 i\u0161d\u0117stymu, Modernus dizainas ir apdaila Artisan Oak spalvos, Tvirta laminuota plok\u0161t\u0117 su atspariu pa\u017eeidimams ABS kra\u0161tu, Idealiai tinka patalynei, drabu\u017eiams ir aksesuarams laikyti, Naujas produktas, gamykloje supakuotas, savaranki\u0161kam surinkimui. \u201eLenart\u201c LOVOS KONCEPCIJA BC-10 [\u2026]<\/p>","protected":false},"featured_media":248792,"comment_status":"open","ping_status":"open","template":"","meta":[],"product_brand":[],"product_cat":[2454,9196],"product_tag":[],"class_list":{"0":"post-248791","1":"product","2":"type-product","3":"status-publish","4":"has-post-thumbnail","6":"product_cat-lenart","7":"product_cat-furniture-system-bed-concept-lenart","9":"first","10":"instock","11":"purchasable","12":"product-type-simple"},"_links":{"self":[{"href":"https:\/\/baldumarket.lt\/lt\/wp-json\/wp\/v2\/product\/248791","targetHints":{"allow":["GET"]}}],"collection":[{"href":"https:\/\/baldumarket.lt\/lt\/wp-json\/wp\/v2\/product"}],"about":[{"href":"https:\/\/baldumarket.lt\/lt\/wp-json\/wp\/v2\/types\/product"}],"replies":[{"embeddable":true,"href":"https:\/\/baldumarket.lt\/lt\/wp-json\/wp\/v2\/comments?post=248791"}],"wp:featuredmedia":[{"embeddable":true,"href":"https:\/\/baldumarket.lt\/lt\/wp-json\/wp\/v2\/media\/248792"}],"wp:attachment":[{"href":"https:\/\/baldumarket.lt\/lt\/wp-json\/wp\/v2\/media?parent=248791"}],"wp:term":[{"taxonomy":"product_brand","embeddable":true,"href":"https:\/\/baldumarket.lt\/lt\/wp-json\/wp\/v2\/product_brand?post=248791"},{"taxonomy":"product_cat","embeddable":true,"href":"https:\/\/baldumarket.lt\/lt\/wp-json\/wp\/v2\/product_cat?post=248791"},{"taxonomy":"product_tag","embeddable":true,"href":"https:\/\/baldumarket.lt\/lt\/wp-json\/wp\/v2\/product_tag?post=248791"}],"curies":[{"name":"wp","href":"https:\/\/api.w.org\/{rel}","templated":true}]}}