{"id":248783,"date":"2026-01-10T17:55:58","date_gmt":"2026-01-10T14:55:58","guid":{"rendered":"https:\/\/baldumarket.lt\/product\/bed-concept-bc-10-nadstawka-do-bc-05-kaszmir\/"},"modified":"2026-02-11T18:32:18","modified_gmt":"2026-02-11T15:32:18","slug":"bed-concept-bc-10-nadstawka-do-bc-05-kaszmir","status":"publish","type":"product","link":"https:\/\/baldumarket.lt\/lt\/product\/bed-concept-bc-10-nadstawka-do-bc-05-kaszmir\/","title":{"rendered":"LOVO KONCEPCIJA BC-10 \u2013 prailginimas BC-05 \u2013 ka\u0161myras"},"content":{"rendered":"<p>Modelis: BC-10<br \/>\nSpalva: Ka\u0161myras<br \/>\nMatmenys: Kaip parodyta paveiksl\u0117lyje<br \/>\nKonstrukcija: Keturi\u0173 dur\u0173 prailginimo blokas BC-05 sieninei lovai<br \/>\nPrakti\u0161kos spintel\u0117s su lentynomis drabu\u017eiams, patalynei, knygoms ir aksesuarams<br \/>\nModernus, universalus ka\u0161myro dizainas<br \/>\nTvirta konstrukcija garantuoja ilgalaik\u012f naudojim\u0105<br \/>\nIdealiai tinka ma\u017eiems butams ir interjerams, kur svarbus kiekvienas centimetras<br \/>\nNaujas, gamykloje supakuotas produktas, reikalauja savaranki\u0161ko surinkimo<\/p>\n<p>\u201eLenart BED CONCEPT BC-10\u201c yra prakti\u0161kas prailginimo blokas, skirtas BC-05 sieninei lovai. Jis leid\u017eia i\u0161pl\u0117sti daikt\u0173 laikymo galimybes ir sukurti darn\u0173, eleganti\u0161k\u0105 i\u0161d\u0117stym\u0105. \u201eLenart\u201c suk\u016br\u0117 \u0161\u012f blok\u0105 tiems, kurie nori i\u0161naudoti kiekvien\u0105 erdv\u0117s centimetr\u0105, i\u0161laikydami modern\u0173 interjer\u0105. Prailginimo blokas turi keturias duris, u\u017e kuri\u0173 yra erdvios lentynos. Jame patogu laikyti drabu\u017eius, patalyn\u0119, knygas ir kasdienius aksesuarus. Sujungus prailginimo blok\u0105 su BC-05 sienine lova, sukuriamas funkcionalus komplektas, puikiai tinkantis ma\u017eiems butams, jaunimo kambariams ar studijoms, kur svarbiausia taupyti viet\u0105. Pagamintas i\u0161 tvirt\u0173 med\u017eiag\u0173, baldas garantuoja patvarum\u0105 ir atsparum\u0105 kasdieniam naudojimui. Neutrali ka\u0161myro spalva leid\u017eia prailginimo blokui gerai dera su \u012fvairiais i\u0161d\u0117stymais, suteikdama interjerui lengvumo ir elegancijos. Jo matmenys \u2013 211 cm plo\u010dio, 80 cm auk\u0161\u010dio ir 46 cm gylio \u2013 suteikia daug vietos daiktams susid\u0117ti, nerizikuojant perkrauti kambario.<\/p>","protected":false},"excerpt":{"rendered":"<p>Modelis: BC-10 Spalva: Ka\u0161myras Matmenys: Kaip parodyta paveiksl\u0117lyje Dizainas: Keturi\u0173 dur\u0173 prailginimo blokas BC-05 sieninei lovai Prakti\u0161kos spintel\u0117s su lentynomis drabu\u017eiams, patalynei, knygoms ir aksesuarams Modernus, universalus ka\u0161myro dizainas Tvirta konstrukcija garantuoja ilgalaik\u012f naudojim\u0105 Idealiai tinka ma\u017eiems butams ir interjerams, kur svarbus kiekvienas centimetras Naujas, gamykloje supakuotas produktas, reikia surinkti pa\u010diam \u201eLenart\u201c LOVOS KONCEPCIJA [\u2026]<\/p>","protected":false},"featured_media":248784,"comment_status":"open","ping_status":"open","template":"","meta":[],"product_brand":[],"product_cat":[2454,9196],"product_tag":[],"class_list":{"0":"post-248783","1":"product","2":"type-product","3":"status-publish","4":"has-post-thumbnail","6":"product_cat-lenart","7":"product_cat-furniture-system-bed-concept-lenart","9":"first","10":"instock","11":"purchasable","12":"product-type-simple"},"_links":{"self":[{"href":"https:\/\/baldumarket.lt\/lt\/wp-json\/wp\/v2\/product\/248783","targetHints":{"allow":["GET"]}}],"collection":[{"href":"https:\/\/baldumarket.lt\/lt\/wp-json\/wp\/v2\/product"}],"about":[{"href":"https:\/\/baldumarket.lt\/lt\/wp-json\/wp\/v2\/types\/product"}],"replies":[{"embeddable":true,"href":"https:\/\/baldumarket.lt\/lt\/wp-json\/wp\/v2\/comments?post=248783"}],"wp:featuredmedia":[{"embeddable":true,"href":"https:\/\/baldumarket.lt\/lt\/wp-json\/wp\/v2\/media\/248784"}],"wp:attachment":[{"href":"https:\/\/baldumarket.lt\/lt\/wp-json\/wp\/v2\/media?parent=248783"}],"wp:term":[{"taxonomy":"product_brand","embeddable":true,"href":"https:\/\/baldumarket.lt\/lt\/wp-json\/wp\/v2\/product_brand?post=248783"},{"taxonomy":"product_cat","embeddable":true,"href":"https:\/\/baldumarket.lt\/lt\/wp-json\/wp\/v2\/product_cat?post=248783"},{"taxonomy":"product_tag","embeddable":true,"href":"https:\/\/baldumarket.lt\/lt\/wp-json\/wp\/v2\/product_tag?post=248783"}],"curies":[{"name":"wp","href":"https:\/\/api.w.org\/{rel}","templated":true}]}}