{"id":248775,"date":"2026-01-10T17:55:55","date_gmt":"2026-01-10T14:55:55","guid":{"rendered":"https:\/\/baldumarket.lt\/product\/bed-concept-bc-11-nadstawka-do-bc-06-bialy\/"},"modified":"2026-02-11T18:32:18","modified_gmt":"2026-02-11T15:32:18","slug":"bed-concept-bc-11-nadstawka-do-bc-06-bialy","status":"publish","type":"product","link":"https:\/\/baldumarket.lt\/lt\/produktas\/bed-concept-bc-11-nadstawka-do-bc-06-bialy\/","title":{"rendered":"LOVOS KONCEPCIJA BC-11 \u2013 prailginimas BC-06 \u2013 balta"},"content":{"rendered":"<p>Modelis: BC-11<br \/>\nSpalva: balta<br \/>\nMatmenys: Kaip parodyta paveiksl\u0117lyje<br \/>\nDizainas: Keturi\u0173 dur\u0173 prailginimas BC-06 sieninei lovai,<br \/>\nErdvios spintel\u0117s su lentynomis drabu\u017eiams, patalynei ir aksesuarams,<br \/>\nModernus dizainas su balta apdaila,<br \/>\nTvirta laminuota plok\u0161t\u0117 + atsparus pa\u017eeidimams ABS kra\u0161tas,<br \/>\nIdealiai tinka miegamajam, svetainei ar paauglio kambariui;,<br \/>\nProduktas naujas, gamykloje supakuotas, skirtas savaranki\u0161kam surinkimui<\/p>\n<p>\u201eLenart BED CONCEPT BC-11\u201c \u2013 tai priestatas, sukurtas prie BC-06 sienin\u0117s lovos. Tai funkcionalus baldas, leid\u017eiantis pilnai i\u0161naudoti sienos erdv\u0119 ir suteikti papildomos vietos daiktams susid\u0117ti. \u201eLenart\u201c prek\u0117s \u017eenklas derina modern\u0173 dizain\u0105 su prakti\u0161kais sprendimais, tod\u0117l \u0161is priestatas puikiai tinka miegamajam, paauglio kambariui ar svetainei. BC-11 priestatas turi keturis \u012f \u0161onus atsidaran\u010dius fasadus, kuriuose atsiskleid\u017eia erdvios lentynos. Tai puiki vieta laikyti drabu\u017eius, patalyn\u0119, knygas ar kitus aksesuarus, kuriuos norite laikyti tvarkingai ir ranka pasiekiamu atstumu. Kartu su BC-06 sienine spintele jis sukuria darn\u0173, eleganti\u0161k\u0105 baldo element\u0105, puikiai tinkant\u012f moderniam interjerui. Spintel\u0117 pagaminta i\u0161 laminuotos plok\u0161t\u0117s su ABS kra\u0161tais, u\u017etikrinan\u010diais patvarum\u0105 ir atsparum\u0105 pa\u017eeidimams. Neutrali balta spalva suteikia kambariui lengvumo, vizualiai j\u012f i\u0161ple\u010dia ir papildo \u012fvairius i\u0161d\u0117stymus. Spintel\u0117s matmenys: 211 cm plo\u010dio, 110 cm auk\u0161\u010dio ir 46 cm gylio, tod\u0117l ji erdvi, ta\u010diau neu\u017egriozdina erdv\u0117s.<\/p>","protected":false},"excerpt":{"rendered":"<p>Modelis: BC-11 Spalva: Balta Matmenys: Kaip parodyta paveiksl\u0117lyje Dizainas: Keturi\u0173 dur\u0173 prailginimas BC-06 sieninei lovai, Erdvios spintel\u0117s su lentynomis drabu\u017eiams, patalynei ir aksesuarams, Modernus dizainas su balta apdaila, Tvirta laminuota plok\u0161t\u0117 + atsparus pa\u017eeidimams ABS kra\u0161tas, Idealiai tinka miegamajam, svetainei ar paauglio kambariui, Produktas naujas, gamykloje supakuotas, savaranki\u0161kam surinkimui \u201eLenart\u201c LOVOS KONCEPCIJA [\u2026]<\/p>","protected":false},"featured_media":248776,"comment_status":"open","ping_status":"open","template":"","meta":[],"product_brand":[],"product_cat":[2454,9196],"product_tag":[],"class_list":{"0":"post-248775","1":"product","2":"type-product","3":"status-publish","4":"has-post-thumbnail","6":"product_cat-lenart","7":"product_cat-furniture-system-bed-concept-lenart","9":"first","10":"instock","11":"purchasable","12":"product-type-simple"},"_links":{"self":[{"href":"https:\/\/baldumarket.lt\/lt\/wp-json\/wp\/v2\/product\/248775","targetHints":{"allow":["GET"]}}],"collection":[{"href":"https:\/\/baldumarket.lt\/lt\/wp-json\/wp\/v2\/product"}],"about":[{"href":"https:\/\/baldumarket.lt\/lt\/wp-json\/wp\/v2\/types\/product"}],"replies":[{"embeddable":true,"href":"https:\/\/baldumarket.lt\/lt\/wp-json\/wp\/v2\/comments?post=248775"}],"wp:featuredmedia":[{"embeddable":true,"href":"https:\/\/baldumarket.lt\/lt\/wp-json\/wp\/v2\/media\/248776"}],"wp:attachment":[{"href":"https:\/\/baldumarket.lt\/lt\/wp-json\/wp\/v2\/media?parent=248775"}],"wp:term":[{"taxonomy":"product_brand","embeddable":true,"href":"https:\/\/baldumarket.lt\/lt\/wp-json\/wp\/v2\/product_brand?post=248775"},{"taxonomy":"product_cat","embeddable":true,"href":"https:\/\/baldumarket.lt\/lt\/wp-json\/wp\/v2\/product_cat?post=248775"},{"taxonomy":"product_tag","embeddable":true,"href":"https:\/\/baldumarket.lt\/lt\/wp-json\/wp\/v2\/product_tag?post=248775"}],"curies":[{"name":"wp","href":"https:\/\/api.w.org\/{rel}","templated":true}]}}