{"id":248767,"date":"2026-01-10T17:55:52","date_gmt":"2026-01-10T14:55:52","guid":{"rendered":"https:\/\/baldumarket.lt\/product\/bed-concept-bc-11-nadstawka-do-bc-06-kaszmir\/"},"modified":"2026-02-11T18:32:18","modified_gmt":"2026-02-11T15:32:18","slug":"bed-concept-bc-11-nadstawka-do-bc-06-kaszmir","status":"publish","type":"product","link":"https:\/\/baldumarket.lt\/lt\/produktas\/bed-concept-bc-11-nadstawka-do-bc-06-kaszmir\/","title":{"rendered":"LOVOS KONCEPCIJA BC-11 \u2013 BC-06 prailginimas \u2013 ka\u0161myras"},"content":{"rendered":"<p>Modelis: BC-11<br \/>\nSpalva: Ka\u0161myras<br \/>\nMatmenys: Kaip parodyta paveiksl\u0117lyje<br \/>\nKonstrukcija: Keturi\u0173 dur\u0173 prailginimo blokas BC-06 sieninei lovai<br \/>\nErdvios spintel\u0117s su lentynomis drabu\u017eiams, patalynei ir aksesuarams<br \/>\nEleganti\u0161kas dizainas i\u0161 ka\u0161myro<br \/>\nTvirta konstrukcija, pagaminta i\u0161 laminuotos plok\u0161t\u0117s su patvariu ABS kra\u0161tu<br \/>\nIdealiai tinka ma\u017eoms ir vidutinio dyd\u017eio erdv\u0117ms, kur svarbu taupyti viet\u0105<br \/>\nProduktas naujas, gamykloje supakuotas, skirtas savaranki\u0161kam surinkimui<\/p>\n<p>\u201eLenart BED CONCEPT BC-11\u201c \u2013 tai funkcionalus prailginimo blokas, sukurtas BC-06 sieninei lovai. Jis suteikia papildomos vietos daiktams susid\u0117ti ir sukuria vientis\u0105, eleganti\u0161k\u0105 blok\u0105, kuris puikiai tiks miegamajame, svetain\u0117je ar jaunimo kambaryje. \u201eLenart\u201c u\u017etikrino modern\u0173 vaizd\u0105 ir prakti\u0161kus sprendimus, kurie maksimaliai i\u0161naudoja erdv\u0119. Prailginimo blokas turi keturias duris, u\u017e kuri\u0173 pasl\u0117ptos erdvios lentynos. Tai puiki vieta drabu\u017eiams, patalynei, knygoms ir kasdieniams aksesuarams. Kartu su BC-06 sienine spintele jis sukuria komplekt\u0105, kuris ne tik padeda sutvarkyti daiktus, bet ir suteikia interjerui tvarking\u0105, modern\u0173 charakter\u012f. Spintel\u0117 pagaminta i\u0161 patvarios laminuotos plok\u0161t\u0117s ir apdailinta ABS kra\u0161tais, u\u017etikrinan\u010diais atsparum\u0105 kasdieniam d\u0117v\u0117jimuisi. Ka\u0161myro spalva suteikia interjerui subtilios elegancijos ir puikiai dera su \u012fvairiais interjero dizaino stiliais. Spintel\u0117s plotis \u2013 211 cm, auk\u0161tis \u2013 110 cm, o gylis \u2013 46 cm, tod\u0117l ji erdvi, ta\u010diau neu\u017egriozdina kambario.<\/p>","protected":false},"excerpt":{"rendered":"<p>Modelis: BC-11 Spalva: Ka\u0161myras Matmenys: Kaip parodyta paveiksl\u0117lyje Dizainas: Keturi\u0173 dur\u0173 prailginimo blokas BC-06 sieninei lovai Erdvios spintel\u0117s su lentynomis drabu\u017eiams, patalynei ir aksesuarams Eleganti\u0161kas dizainas i\u0161 ka\u0161myro Tvirta konstrukcija, pagaminta i\u0161 laminuotos plok\u0161t\u0117s su patvariu ABS kra\u0161tu Idealiai tinka ma\u017eoms ir vidutinio dyd\u017eio erdv\u0117ms, kur svarbiausia taupyti viet\u0105 Produktas naujas, gamykloje supakuotas, skirtas savaranki\u0161kam surinkimui [\u2026]<\/p>","protected":false},"featured_media":248768,"comment_status":"open","ping_status":"open","template":"","meta":[],"product_brand":[],"product_cat":[2454,9196],"product_tag":[],"class_list":{"0":"post-248767","1":"product","2":"type-product","3":"status-publish","4":"has-post-thumbnail","6":"product_cat-lenart","7":"product_cat-furniture-system-bed-concept-lenart","9":"first","10":"instock","11":"purchasable","12":"product-type-simple"},"_links":{"self":[{"href":"https:\/\/baldumarket.lt\/lt\/wp-json\/wp\/v2\/product\/248767","targetHints":{"allow":["GET"]}}],"collection":[{"href":"https:\/\/baldumarket.lt\/lt\/wp-json\/wp\/v2\/product"}],"about":[{"href":"https:\/\/baldumarket.lt\/lt\/wp-json\/wp\/v2\/types\/product"}],"replies":[{"embeddable":true,"href":"https:\/\/baldumarket.lt\/lt\/wp-json\/wp\/v2\/comments?post=248767"}],"wp:featuredmedia":[{"embeddable":true,"href":"https:\/\/baldumarket.lt\/lt\/wp-json\/wp\/v2\/media\/248768"}],"wp:attachment":[{"href":"https:\/\/baldumarket.lt\/lt\/wp-json\/wp\/v2\/media?parent=248767"}],"wp:term":[{"taxonomy":"product_brand","embeddable":true,"href":"https:\/\/baldumarket.lt\/lt\/wp-json\/wp\/v2\/product_brand?post=248767"},{"taxonomy":"product_cat","embeddable":true,"href":"https:\/\/baldumarket.lt\/lt\/wp-json\/wp\/v2\/product_cat?post=248767"},{"taxonomy":"product_tag","embeddable":true,"href":"https:\/\/baldumarket.lt\/lt\/wp-json\/wp\/v2\/product_tag?post=248767"}],"curies":[{"name":"wp","href":"https:\/\/api.w.org\/{rel}","templated":true}]}}