{"id":248749,"date":"2026-01-10T17:55:45","date_gmt":"2026-01-10T14:55:45","guid":{"rendered":"https:\/\/baldumarket.lt\/product\/bed-concept-bc-35-sofa-180-do-bc-13-bezowy-front-kaszmir-2\/"},"modified":"2026-02-11T18:32:18","modified_gmt":"2026-02-11T15:32:18","slug":"bed-concept-bc-35-sofa-180-do-bc-13-bezowy-front-kaszmir-2","status":"publish","type":"product","link":"https:\/\/baldumarket.lt\/lt\/produktas\/bed-concept-bc-35-sofa-180-do-bc-13-bezowy-front-kaszmir-2\/","title":{"rendered":"Lovos koncepcija BC-35 \u2013 Sofa 180, skirta BC-13 \u2013 sm\u0117lio\/ka\u0161myro priekis"},"content":{"rendered":"<p>Modelis: BC-35<br \/>\nSpalva: sm\u0117lio\/ka\u0161myro priekis<br \/>\nMatmenys: Kaip parodyta paveiksl\u0117lyje<br \/>\nKonstrukcija: Stabili ir tvirta konstrukcija.<br \/>\nMechanizmas, padedantis atidaryti ir u\u017edaryti lov\u0105.<br \/>\nSofa aptraukta sm\u0117lio spalvos.<br \/>\nPriekin\u0117 dalis eleganti\u0161ko ka\u0161myro atspalvio.<br \/>\nPilno dyd\u017eio miegamoji zona pasl\u0117pta spintoje.<br \/>\nPatogi s\u0117dyn\u0117 ir atlo\u0161as u\u017etikrina komfort\u0105.<br \/>\nModerni, erdv\u0119 taupanti sienin\u0117 lova.<br \/>\nLengva valyti.<br \/>\nFunkcinis sofos ir lovos derinys viename.<br \/>\nNaujas, gamykloje supakuotas, surinkamas savaranki\u0161kai<\/p>\n<p>\u201eLenart BED CONCEPT BC-35\u201c sofa 180 cm, skirta BC-13, yra moderni sienin\u0117 lova, kurioje dera funkcionalumas ir estetika. \u201eLenart\u201c suk\u016br\u0117 bald\u0105, kuris per akimirk\u0105 gali paversti j\u016bs\u0173 svetain\u0119 patogiu miegamuoju. Sofa-lova su sienine sekcija yra puikus sprendimas studijos tipo apartamentams ir ma\u017eesniems butams, kur svarbus kiekvienas erdv\u0117s centimetras. \u201eBED CONCEPT BC-35\u201c modelis su prie BC-13 sienin\u0117s sekcijos derinama sofa i\u0161 ka\u0161myro, dien\u0105 tarnauja kaip patogi sofa, o nakt\u012f transformuojasi \u012f pilno dyd\u017eio lov\u0105. Sm\u0117lio spalvos apmu\u0161alai suteikia erdvei jaukumo, o eleganti\u0161kas ka\u0161myro priekis suteikia visam baldui modern\u0173 ir stiling\u0105 vaizd\u0105. Tai prakti\u0161kumo ir dizaino derinys, kuris skland\u017eiai dera su \u012fvairiais interjero dizainais. Naudodami \u0161\u012f sprendim\u0105, galite m\u0117gautis patogiu nakties miegu ir atpalaiduojan\u010diu poilsiu neprarandant svetain\u0117s erdv\u0117s.<\/p>","protected":false},"excerpt":{"rendered":"<p>Modelis: BC-35 Spalva: Sm\u0117lio\/Ka\u0161myro Priekis Matmenys: Kaip parodyta paveiksl\u0117lyje Konstrukcija: Stabili ir tvirta konstrukcija. Mechanizmas, padedantis atidaryti ir u\u017edaryti lov\u0105. Sofa aptraukta sm\u0117lio spalvos. Priekis eleganti\u0161ko ka\u0161myro atspalvio. Viso dyd\u017eio miegojimo zona pasl\u0117pta spintoje. Patogi s\u0117dyn\u0117 ir atlo\u0161as u\u017etikrina komfort\u0105. Moderni, erdv\u0119 taupanti sienin\u0117 lova. Lengva valyti. Funkcinis sofos [\u2026] derinys<\/p>","protected":false},"featured_media":248750,"comment_status":"open","ping_status":"open","template":"","meta":[],"product_brand":[],"product_cat":[2454,9196,560],"product_tag":[],"class_list":{"0":"post-248749","1":"product","2":"type-product","3":"status-publish","4":"has-post-thumbnail","6":"product_cat-lenart","7":"product_cat-furniture-system-bed-concept-lenart","8":"product_cat-sofas-and-couches","10":"first","11":"instock","12":"purchasable","13":"product-type-simple"},"_links":{"self":[{"href":"https:\/\/baldumarket.lt\/lt\/wp-json\/wp\/v2\/product\/248749","targetHints":{"allow":["GET"]}}],"collection":[{"href":"https:\/\/baldumarket.lt\/lt\/wp-json\/wp\/v2\/product"}],"about":[{"href":"https:\/\/baldumarket.lt\/lt\/wp-json\/wp\/v2\/types\/product"}],"replies":[{"embeddable":true,"href":"https:\/\/baldumarket.lt\/lt\/wp-json\/wp\/v2\/comments?post=248749"}],"wp:featuredmedia":[{"embeddable":true,"href":"https:\/\/baldumarket.lt\/lt\/wp-json\/wp\/v2\/media\/248750"}],"wp:attachment":[{"href":"https:\/\/baldumarket.lt\/lt\/wp-json\/wp\/v2\/media?parent=248749"}],"wp:term":[{"taxonomy":"product_brand","embeddable":true,"href":"https:\/\/baldumarket.lt\/lt\/wp-json\/wp\/v2\/product_brand?post=248749"},{"taxonomy":"product_cat","embeddable":true,"href":"https:\/\/baldumarket.lt\/lt\/wp-json\/wp\/v2\/product_cat?post=248749"},{"taxonomy":"product_tag","embeddable":true,"href":"https:\/\/baldumarket.lt\/lt\/wp-json\/wp\/v2\/product_tag?post=248749"}],"curies":[{"name":"wp","href":"https:\/\/api.w.org\/{rel}","templated":true}]}}