{"id":248737,"date":"2026-01-10T17:55:41","date_gmt":"2026-01-10T14:55:41","guid":{"rendered":"https:\/\/baldumarket.lt\/product\/bed-concept-bc-35-sofa-180-do-bc-13-grafit-front-kaszmir-2\/"},"modified":"2026-02-11T18:32:18","modified_gmt":"2026-02-11T15:32:18","slug":"bed-concept-bc-35-sofa-180-do-bc-13-grafit-front-kaszmir-2","status":"publish","type":"product","link":"https:\/\/baldumarket.lt\/lt\/produktas\/bed-concept-bc-35-sofa-180-do-bc-13-grafit-front-kaszmir-2\/","title":{"rendered":"Lovos koncepcija BC-35 \u2013 Sofa 180, skirta BC-13 \u2013 grafito\/ka\u0161myro priekis"},"content":{"rendered":"<p>Modelis: BC-35<br \/>\nSpalva: J\u016bs\u0173 pasirinkta spalva<br \/>\nMatmenys: Kaip parodyta paveiksl\u0117lyje<br \/>\nKonstrukcija: Stabili konstrukcija u\u017etikrina ilgaam\u017ei\u0161kum\u0105.<br \/>\nMechanizmas, padedantis saugiai atidaryti ir u\u017edaryti lov\u0105.<br \/>\nSofa aptraukta grafito pilkos spalvos ART-82630 audiniu.<br \/>\nPriekin\u0117 dalis eleganti\u0161ko ka\u0161myro atspalvio.<br \/>\nAtliekama kaip pilno dyd\u017eio prie sienos priglundanti lova.<br \/>\nPatogi s\u0117dyn\u0117 ir atlo\u0161as kasdieniam komfortui.<br \/>\nModerni, erdv\u0119 taupanti sienin\u0117 lova.<br \/>\nLengva valyti.<br \/>\nDu baldai viename \u2013 sofa ir lova viename komplekte.<br \/>\nNaujas produktas, gamykloje supakuotas, skirtas savaranki\u0161kam surinkimui.<\/p>\n<p>\u201eLenart BED CONCEPT BC-35\u201c sofa 180 cm, skirta BC-13 modeliui, yra moderni sienin\u0117 lova, kurioje dera funkcionalumas ir eleganti\u0161ka i\u0161vaizda. \u201eLenart\u201c si\u016blo baldus, kurie per akimirk\u0105 pavers ma\u017e\u0105 svetain\u0119 patogiu miegamuoju. Sienin\u0117 lova su sofa yra prakti\u0161kas sprendimas, ypa\u010d tinkantis studijos tipo apartamentams ir ma\u017eesniems butams, kur erdv\u0117s tr\u016bksta. \u201eBED CONCEPT BC-35\u201c modelis su prie sienos tvirtinama sofa i\u0161 ka\u0161myro derina komfort\u0105 ir stili\u0173. Grafito spalvos sofa, aptraukta ART-82630 audiniu, puikiai papildo eleganti\u0161k\u0105 ka\u0161myro fasad\u0105, sukurdama harmoning\u0105 ir modern\u0173 komplekt\u0105. Dien\u0105 ji tarnauja kaip patogi sofa, o nakt\u012f transformuojasi \u012f pilno dyd\u017eio lov\u0105, u\u017etikrindama patog\u0173 mieg\u0105. \u0160is sprendimas leid\u017eia maksimaliai i\u0161naudoti erdv\u0119 ir kartu suteikia interjerui elegancijos bei funkcionalumo.<\/p>","protected":false},"excerpt":{"rendered":"<p>Modelis: BC-35 Spalva: J\u016bs\u0173 pasirinkta spalva Matmenys: Kaip parodyta paveiksl\u0117lyje Konstrukcija: Stabili konstrukcija u\u017etikrina ilgaam\u017ei\u0161kum\u0105. Mechanizmas, padedantis saugiai atidaryti ir u\u017edaryti lov\u0105. Sofa aptraukta grafito pilkos spalvos ART-82630 audiniu. Priekin\u0117 dalis eleganti\u0161ko ka\u0161myro atspalvio. Atliekama kaip pilno dyd\u017eio sienin\u0117 lova. Patogi s\u0117dyn\u0117 ir atlo\u0161as kasdieniam komfortui. Modernus, erdv\u0119 taupantis [\u2026]<\/p>","protected":false},"featured_media":248738,"comment_status":"open","ping_status":"open","template":"","meta":[],"product_brand":[],"product_cat":[2454,9196,560],"product_tag":[],"class_list":{"0":"post-248737","1":"product","2":"type-product","3":"status-publish","4":"has-post-thumbnail","6":"product_cat-lenart","7":"product_cat-furniture-system-bed-concept-lenart","8":"product_cat-sofas-and-couches","10":"first","11":"instock","12":"purchasable","13":"product-type-simple"},"_links":{"self":[{"href":"https:\/\/baldumarket.lt\/lt\/wp-json\/wp\/v2\/product\/248737","targetHints":{"allow":["GET"]}}],"collection":[{"href":"https:\/\/baldumarket.lt\/lt\/wp-json\/wp\/v2\/product"}],"about":[{"href":"https:\/\/baldumarket.lt\/lt\/wp-json\/wp\/v2\/types\/product"}],"replies":[{"embeddable":true,"href":"https:\/\/baldumarket.lt\/lt\/wp-json\/wp\/v2\/comments?post=248737"}],"wp:featuredmedia":[{"embeddable":true,"href":"https:\/\/baldumarket.lt\/lt\/wp-json\/wp\/v2\/media\/248738"}],"wp:attachment":[{"href":"https:\/\/baldumarket.lt\/lt\/wp-json\/wp\/v2\/media?parent=248737"}],"wp:term":[{"taxonomy":"product_brand","embeddable":true,"href":"https:\/\/baldumarket.lt\/lt\/wp-json\/wp\/v2\/product_brand?post=248737"},{"taxonomy":"product_cat","embeddable":true,"href":"https:\/\/baldumarket.lt\/lt\/wp-json\/wp\/v2\/product_cat?post=248737"},{"taxonomy":"product_tag","embeddable":true,"href":"https:\/\/baldumarket.lt\/lt\/wp-json\/wp\/v2\/product_tag?post=248737"}],"curies":[{"name":"wp","href":"https:\/\/api.w.org\/{rel}","templated":true}]}}