{"id":248731,"date":"2026-01-10T17:55:38","date_gmt":"2026-01-10T14:55:38","guid":{"rendered":"https:\/\/baldumarket.lt\/product\/bed-concept-bc-35-sofa-180-do-bc-13-granat-front-kaszmir-2\/"},"modified":"2026-02-11T18:32:18","modified_gmt":"2026-02-11T15:32:18","slug":"bed-concept-bc-35-sofa-180-do-bc-13-granat-front-kaszmir-2","status":"publish","type":"product","link":"https:\/\/baldumarket.lt\/lt\/produktas\/bed-concept-bc-35-sofa-180-do-bc-13-granat-front-kaszmir-2\/","title":{"rendered":"Lovos koncepcija BC-35 \u2013 Sofa 180, skirta BC-13 \u2013 tamsiai m\u0117lyna\/ka\u0161myro priekis"},"content":{"rendered":"<p>Modelis: STAN sofa<br \/>\nSpalva: tamsiai m\u0117lyna \/ ka\u0161myro priekis<br \/>\nMatmenys: Kaip parodyta paveiksl\u0117lyje<br \/>\nKonstrukcija: Tvirta ir stabili konstrukcija.<br \/>\nMechanizmas, padedantis atidaryti ir u\u017edaryti lov\u0105.<br \/>\nSofa, aptraukta tamsiai m\u0117lynu \u201eSolo 263\u201c audiniu.<br \/>\nPriekin\u0117 dalis aptraukta eleganti\u0161ka ka\u0161myro apdaila.<br \/>\nAtliekama kaip pilno dyd\u017eio prie sienos priglundanti lova.<br \/>\nMink\u0161ta ir patogi s\u0117dyn\u0117 bei atlo\u0161as.<br \/>\nModerni sienin\u0117 lova, puikiai tinkanti ma\u017eoms erdv\u0117ms.<br \/>\nLengvai valomas pavir\u0161ius.<br \/>\nDu baldai viename \u2013 sofa ir lova vienoje konstrukcijoje.<br \/>\nNaujas produktas, gamykloje supakuotas, skirtas savaranki\u0161kam surinkimui.<\/p>\n<p>\u201eLenart BED CONCEPT BC-35\u201c sofa 180 cm, skirta BC-13, yra funkcionali sienin\u0117 lova, leid\u017eianti pilnai i\u0161naudoti bet kokio interjero potencial\u0105. \u201eLenart\u201c suk\u016br\u0117 sprendim\u0105, kuris per akimirk\u0105 pavers ma\u017e\u0105 svetain\u0119 patogiu miegamuoju. Sienin\u0117 lova su sofa \u2013 modernus b\u016bdas sutaupyti vietos studijose ir ma\u017euose butuose. \u201eBED CONCEPT BC-35\u201c modelis su prie BC-13 sienin\u0117s lovos deran\u010dia ka\u0161myro sofa derina elegancij\u0105 ir komfort\u0105. Tamsiai m\u0117lyna sofa, aptraukta \u201eSolo 263\u201c audiniu, gra\u017eiai kontrastuoja su \u0161viesaus ka\u0161myro priekiu, sukurdama modern\u0173 ir stiling\u0105 derin\u012f. Dien\u0105 \u0161i sofa tarnauja kaip patogi sofa, o vakare lengvai transformuojasi \u012f pilno dyd\u017eio lov\u0105, u\u017etikrindama patog\u0173 ir ram\u0173 mieg\u0105.<\/p>","protected":false},"excerpt":{"rendered":"<p>Modelis: STAN Sofa Spalva: Tamsiai m\u0117lyna\/Ka\u0161myras Priekio matmenys: Kaip parodyta paveiksl\u0117lyje Konstrukcija: Tvirta ir stabili konstrukcija. Mechanizmas, padedantis atidaryti ir u\u017edaryti lov\u0105. Sofa aptraukta tamsiai m\u0117lynu \u201eSolo 263\u201c audiniu. Priekis aptrauktas eleganti\u0161ka ka\u0161myro apdaila. Atliekama kaip viso dyd\u017eio sienin\u0117 lova. Mink\u0161ta ir patogi s\u0117dyn\u0117 bei atlo\u0161as. Moderni sienin\u0117 lova, puikiai tinkanti ma\u017eiems [\u2026]<\/p>","protected":false},"featured_media":248732,"comment_status":"open","ping_status":"open","template":"","meta":[],"product_brand":[],"product_cat":[2454,9196,560],"product_tag":[],"class_list":{"0":"post-248731","1":"product","2":"type-product","3":"status-publish","4":"has-post-thumbnail","6":"product_cat-lenart","7":"product_cat-furniture-system-bed-concept-lenart","8":"product_cat-sofas-and-couches","10":"first","11":"instock","12":"purchasable","13":"product-type-simple"},"_links":{"self":[{"href":"https:\/\/baldumarket.lt\/lt\/wp-json\/wp\/v2\/product\/248731","targetHints":{"allow":["GET"]}}],"collection":[{"href":"https:\/\/baldumarket.lt\/lt\/wp-json\/wp\/v2\/product"}],"about":[{"href":"https:\/\/baldumarket.lt\/lt\/wp-json\/wp\/v2\/types\/product"}],"replies":[{"embeddable":true,"href":"https:\/\/baldumarket.lt\/lt\/wp-json\/wp\/v2\/comments?post=248731"}],"wp:featuredmedia":[{"embeddable":true,"href":"https:\/\/baldumarket.lt\/lt\/wp-json\/wp\/v2\/media\/248732"}],"wp:attachment":[{"href":"https:\/\/baldumarket.lt\/lt\/wp-json\/wp\/v2\/media?parent=248731"}],"wp:term":[{"taxonomy":"product_brand","embeddable":true,"href":"https:\/\/baldumarket.lt\/lt\/wp-json\/wp\/v2\/product_brand?post=248731"},{"taxonomy":"product_cat","embeddable":true,"href":"https:\/\/baldumarket.lt\/lt\/wp-json\/wp\/v2\/product_cat?post=248731"},{"taxonomy":"product_tag","embeddable":true,"href":"https:\/\/baldumarket.lt\/lt\/wp-json\/wp\/v2\/product_tag?post=248731"}],"curies":[{"name":"wp","href":"https:\/\/api.w.org\/{rel}","templated":true}]}}