{"id":248725,"date":"2026-01-10T17:55:36","date_gmt":"2026-01-10T14:55:36","guid":{"rendered":"https:\/\/baldumarket.lt\/product\/bed-concept-bc-35-sofa-180-do-bc-13-granat-front-szary-2\/"},"modified":"2026-02-11T18:32:18","modified_gmt":"2026-02-11T15:32:18","slug":"bed-concept-bc-35-sofa-180-do-bc-13-granat-front-szary-2","status":"publish","type":"product","link":"https:\/\/baldumarket.lt\/lt\/produktas\/bed-concept-bc-35-sofa-180-do-bc-13-granat-front-szary-2\/","title":{"rendered":"Lovos koncepcija BC-35 \u2013 Sofa 180, skirta BC-13 \u2013 tamsiai m\u0117lyna\/pilka priekin\u0117 dalis"},"content":{"rendered":"<p>Modelis: BC-35<br \/>\nSpalva: tamsiai m\u0117lyna\/pilka priekin\u0117 dalis<br \/>\nMatmenys: Kaip parodyta paveiksl\u0117lyje<br \/>\nKonstrukcija: Stabili ir tvirta konstrukcija.<br \/>\nMechanizmas saugiam lovos atidarymui ir u\u017edarymui.<br \/>\nSofa, aptraukta tamsiai m\u0117lynos spalvos \u201eSolo 263\u201c audiniu.<br \/>\nPriekin\u0117 dalis eleganti\u0161ko pilkos spalvos.<br \/>\nAtliekama kaip pilno dyd\u017eio prie sienos priglundanti lova.<br \/>\nPatogi s\u0117dyn\u0117 ir atlo\u0161as u\u017etikrina komfort\u0105.<br \/>\nModerni, erdv\u0119 taupanti sienin\u0117 lova.<br \/>\nLengva valyti.<br \/>\nFunkcinis dviej\u0173 bald\u0173 \u2013 sofos ir lovos \u2013 derinys.<br \/>\nNaujas, gamykloje supakuotas, surinktas savaranki\u0161kai.<\/p>\n<p>\u201eLenart BED CONCEPT BC-35\u201c sofa 180 cm, skirta BC-13 modeliui, yra moderni sienin\u0117 lova, kurioje derinamas kasdienio naudojimo patogumas ir prakti\u0161kas dizainas. \u201eLenart\u201c suk\u016br\u0117 sprendim\u0105, kuris per akimirk\u0105 paver\u010dia j\u016bs\u0173 svetain\u0119 viso dyd\u017eio miegamuoju. Sienin\u0117 lova su sofa yra puikus pasirinkimas studijoms ir ma\u017eesniems butams, kur reikia efektyviai i\u0161naudoti kiekvien\u0105 kvadratin\u012f metr\u0105 erdv\u0117s. \u201eBED CONCEPT BC-35\u201c modelis su deran\u010dia sofa, pilka sienin\u0117 lova BC-13, yra elegancijos ir funkcionalumo derinys. Tamsiai m\u0117lyna sofa, aptraukta \u201eSolo 263\u201c audiniu, suteikia interjerui charakterio, o neutrali pilka priekin\u0117 dalis \u2013 universal\u0173 stili\u0173. Dien\u0105 \u0161i sofa tarnauja kaip patogi sofa, o vakare ji lengvai transformuojasi \u012f patogi\u0105, viso dyd\u017eio lov\u0105. \u0160is prakti\u0161kas ir esteti\u0161kas sprendimas leid\u017eia pilnai i\u0161naudoti erdv\u0117s potencial\u0105 ir suteikia modernumo.<\/p>","protected":false},"excerpt":{"rendered":"<p>Modelis: BC-35 Spalva: Tamsiai m\u0117lyna\/pilka Priekin\u0117s dalies matmenys: Kaip parodyta paveiksl\u0117lyje Konstrukcija: Stabili ir tvirta konstrukcija. Mechanizmas saugiam lovos atidarymui ir u\u017edarymui. Sofa aptraukta tamsiai m\u0117lynos spalvos \u201eSolo 263\u201c audiniu. Priekin\u0117 dalis eleganti\u0161ko pilkos spalvos. Atliekama kaip viso dyd\u017eio sienin\u0117 lova. Patogi s\u0117dyn\u0117 ir atlo\u0161as u\u017etikrina komfort\u0105. Moderni, viet\u0105 taupanti sienin\u0117 lova. [\u2026]<\/p>","protected":false},"featured_media":248726,"comment_status":"open","ping_status":"open","template":"","meta":[],"product_brand":[],"product_cat":[2454,9196,560],"product_tag":[],"class_list":{"0":"post-248725","1":"product","2":"type-product","3":"status-publish","4":"has-post-thumbnail","6":"product_cat-lenart","7":"product_cat-furniture-system-bed-concept-lenart","8":"product_cat-sofas-and-couches","10":"first","11":"instock","12":"purchasable","13":"product-type-simple"},"_links":{"self":[{"href":"https:\/\/baldumarket.lt\/lt\/wp-json\/wp\/v2\/product\/248725","targetHints":{"allow":["GET"]}}],"collection":[{"href":"https:\/\/baldumarket.lt\/lt\/wp-json\/wp\/v2\/product"}],"about":[{"href":"https:\/\/baldumarket.lt\/lt\/wp-json\/wp\/v2\/types\/product"}],"replies":[{"embeddable":true,"href":"https:\/\/baldumarket.lt\/lt\/wp-json\/wp\/v2\/comments?post=248725"}],"wp:featuredmedia":[{"embeddable":true,"href":"https:\/\/baldumarket.lt\/lt\/wp-json\/wp\/v2\/media\/248726"}],"wp:attachment":[{"href":"https:\/\/baldumarket.lt\/lt\/wp-json\/wp\/v2\/media?parent=248725"}],"wp:term":[{"taxonomy":"product_brand","embeddable":true,"href":"https:\/\/baldumarket.lt\/lt\/wp-json\/wp\/v2\/product_brand?post=248725"},{"taxonomy":"product_cat","embeddable":true,"href":"https:\/\/baldumarket.lt\/lt\/wp-json\/wp\/v2\/product_cat?post=248725"},{"taxonomy":"product_tag","embeddable":true,"href":"https:\/\/baldumarket.lt\/lt\/wp-json\/wp\/v2\/product_tag?post=248725"}],"curies":[{"name":"wp","href":"https:\/\/api.w.org\/{rel}","templated":true}]}}