{"id":248691,"date":"2026-01-10T17:55:22","date_gmt":"2026-01-10T14:55:22","guid":{"rendered":"https:\/\/baldumarket.lt\/product\/bc-03-oswietlenie-led-3x-l-900-1x-l-960-bialy\/"},"modified":"2026-02-11T18:32:18","modified_gmt":"2026-02-11T15:32:18","slug":"bc-03-oswietlenie-led-3x-l-900-1x-l-960-bialy","status":"publish","type":"product","link":"https:\/\/baldumarket.lt\/lt\/product\/bc-03-oswietlenie-led-3x-l-900-1x-l-960-bialy\/","title":{"rendered":"BC-03 LED ap\u0161vietimas 3x L-900 1x L-960 \u2013 baltas"},"content":{"rendered":"<p>Modelis: BC-03 LED ap\u0161vietimas 3x L-900<br \/>\nDizainas: LED ap\u0161vietimo komplektas BC-03 sieninei lovai<br \/>\nTrys 900 mm ilgio LED juostel\u0117s<br \/>\nViena 960 mm ilgio LED juostel\u0117<br \/>\nEnergij\u0105 taupantys, ilgaam\u017eiai \u0161viesos diodai<br \/>\nLengvas montavimas, suderinamas su BED CONCEPT sistema<br \/>\nBalta apdaila<br \/>\nLengva, tvirta konstrukcija<br \/>\nTolygus ir esteti\u0161kai patrauklus vidaus ap\u0161vietimas<br \/>\nNaudingumo ir dekoratyvin\u0117s funkcijos vienoje<br \/>\nNaujas, gamykloje supakuotas produktas, skirtas savaranki\u0161kam surinkimui<\/p>\n<p>\u201eLenart BED CONCEPT BC-03 LEDBC3\u201c \u2013 tai LED ap\u0161vietimo komplektas, skirtas BC-03 sieninei lovai i\u0161 \u201eBED CONCEPT\u201c kolekcijos. Tai prakti\u0161kas priedas, kuris pagerina lovos komfort\u0105 ir tuo pa\u010diu metu pabr\u0117\u017eia modern\u0173 interjero charakter\u012f. \u201eLenart BED CONCEPT BC-03 LEDBC3\u201c puikiai papildo sienin\u0117s lovos dizain\u0105, sukurdamas darn\u0173 ir funkcional\u0173 komplekt\u0105. Komplekt\u0105 sudaro trys 900 mm LED juostel\u0117s ir viena 960 mm juostel\u0117, u\u017etikrinan\u010dios tolyg\u0173, akiai malon\u0173 ap\u0161vietim\u0105. \u0160ios juostel\u0117s leid\u017eia patogiau naudoti sienin\u0119 lov\u0105 vakarais ir nakt\u012f, o LED \u0161viesa suteikia kambariui jauki\u0105, atmosferin\u0119 atmosfer\u0105. LEDBC3 LED ap\u0161vietimas pagamintas i\u0161 patvari\u0173 med\u017eiag\u0173 ir apr\u016bpintas energij\u0105 taupan\u010diais, ilgaam\u017eiais diodais. Montavimas yra paprastas ir pritaikytas BC-03 sienin\u0117s lovos dizainui, tod\u0117l galite greitai ir lengvai prid\u0117ti papildom\u0105 funkcij\u0105 prie baldo.<\/p>","protected":false},"excerpt":{"rendered":"<p>Modelis: BC-03 LED ap\u0161vietimas 3x L-900 Dizainas: LED ap\u0161vietimo komplektas BC-03 sieninei lovai Trys 900 mm ilgio LED juostel\u0117s Viena 960 mm ilgio LED juostel\u0117 Energij\u0105 taupantys, ilgaam\u017eiai \u0161viesos diodai Lengvas montavimas Suderinamas su BED CONCEPT sistema Balta apdaila Lengva, tvirta konstrukcija Tolygus ir esteti\u0161kas vidaus ap\u0161vietimas Naudingumo ir dekoratyvin\u0117s funkcijos viename [\u2026]<\/p>","protected":false},"featured_media":248692,"comment_status":"open","ping_status":"open","template":"","meta":[],"product_brand":[],"product_cat":[2454,9196],"product_tag":[],"class_list":{"0":"post-248691","1":"product","2":"type-product","3":"status-publish","4":"has-post-thumbnail","6":"product_cat-lenart","7":"product_cat-furniture-system-bed-concept-lenart","9":"first","10":"instock","11":"purchasable","12":"product-type-simple"},"_links":{"self":[{"href":"https:\/\/baldumarket.lt\/lt\/wp-json\/wp\/v2\/product\/248691","targetHints":{"allow":["GET"]}}],"collection":[{"href":"https:\/\/baldumarket.lt\/lt\/wp-json\/wp\/v2\/product"}],"about":[{"href":"https:\/\/baldumarket.lt\/lt\/wp-json\/wp\/v2\/types\/product"}],"replies":[{"embeddable":true,"href":"https:\/\/baldumarket.lt\/lt\/wp-json\/wp\/v2\/comments?post=248691"}],"wp:featuredmedia":[{"embeddable":true,"href":"https:\/\/baldumarket.lt\/lt\/wp-json\/wp\/v2\/media\/248692"}],"wp:attachment":[{"href":"https:\/\/baldumarket.lt\/lt\/wp-json\/wp\/v2\/media?parent=248691"}],"wp:term":[{"taxonomy":"product_brand","embeddable":true,"href":"https:\/\/baldumarket.lt\/lt\/wp-json\/wp\/v2\/product_brand?post=248691"},{"taxonomy":"product_cat","embeddable":true,"href":"https:\/\/baldumarket.lt\/lt\/wp-json\/wp\/v2\/product_cat?post=248691"},{"taxonomy":"product_tag","embeddable":true,"href":"https:\/\/baldumarket.lt\/lt\/wp-json\/wp\/v2\/product_tag?post=248691"}],"curies":[{"name":"wp","href":"https:\/\/api.w.org\/{rel}","templated":true}]}}