{"id":248620,"date":"2026-01-10T17:54:52","date_gmt":"2026-01-10T14:54:52","guid":{"rendered":"https:\/\/baldumarket.lt\/product\/bed-concept-bc-17-zaglowek-tapicerowany-160-do-bc-12-boucle-bezowy-piu-03\/"},"modified":"2026-02-11T18:32:19","modified_gmt":"2026-02-11T15:32:19","slug":"bed-concept-bc-17-zaglowek-tapicerowany-160-do-bc-12-boucle-bezowy-piu-03","status":"publish","type":"product","link":"https:\/\/baldumarket.lt\/lt\/produktas\/bed-concept-bc-17-zaglowek-tapicerowany-160-do-bc-12-boucle-bezowy-piu-03\/","title":{"rendered":"LOVOS KONCEPCIJA BC-17 \u2013 mink\u0161ta galvos atrama 160, skirta BC-12 \u2013 bukl\u0117 sm\u0117lio spalvos PIU 03"},"content":{"rendered":"<p>Modelis: BC-17<br \/>\nSpalva: sm\u0117lio spalvos bukle<br \/>\nMatmenys: Kaip parodyta paveiksl\u0117lyje<br \/>\nDizainas: apmu\u0161tas galv\u016bgalis BC-12 sieninei lovai<br \/>\nTinka 160 cm plo\u010dio \u010diu\u017einiui<br \/>\nPagaminta i\u0161 PIU 03 sm\u0117lio spalvos boucl\u00e9 audinio<br \/>\nMink\u0161tas ir patogus pavir\u0161ius<br \/>\nPadidina komfort\u0105 ir suteikia elegancijos j\u016bs\u0173 interjerui<br \/>\nPuikus BC-12 sienin\u0117s lovos papildymas<br \/>\nNaujas produktas, gamykloje supakuotas, skirtas savaranki\u0161kam surinkimui<\/p>\n<p>\u201eLenart BED CONCEPT BC-17\u201c \u2013 tai apmu\u0161tas galv\u016bgalis, skirtas BC-12 sieninei lovai, tinkan\u010diai 160 cm plo\u010dio \u010diu\u017einiui. \u201eLenart\u201c j\u012f suk\u016br\u0117 siekdamas padidinti kasdienio naudojimo komfort\u0105 ir suteikti jam eleganti\u0161k\u0105 bei modern\u0173 vaizd\u0105. PIU 03 sm\u0117lio spalvos bukl\u0117 audinio versija suteikia j\u016bs\u0173 interjerui jaukumo ir subtilios elegancijos. BC-17 galv\u016bgalis atlieka ir praktines, ir dekoratyvines funkcijas. Mink\u0161tas, apmu\u0161tas pavir\u0161ius leid\u017eia patogiai atsiremti skaitant, \u017ei\u016brint filmus ar dirbant ne\u0161iojamuoju kompiuteriu, be to, suteikia estetin\u012f patrauklum\u0105. Kartu su BC-12 sienine lova jis sukuria darni\u0105 ir \u012fsp\u016bding\u0105 visum\u0105, kuri puikiai tinka miegamajame, sve\u010di\u0173 kambaryje ar studijos tipo bute. Baldas pagamintas i\u0161 auk\u0161tos kokyb\u0117s med\u017eiag\u0173, o sm\u0117lio spalvos bukl\u0117 audinys yra \u0161velnus liesti ir madingas, puikiai atitinkantis dabartines interjero dizaino tendencijas. Tai puikus priedas, kuris ne tik padidina komfort\u0105, bet ir pagerina viso komplekto estetin\u012f patrauklum\u0105.<\/p>","protected":false},"excerpt":{"rendered":"<p>Modelis: BC-17 Spalva: Sm\u0117lio spalvos bukl\u0117 Matmenys: Kaip parodyta paveiksl\u0117lyje Dizainas: Apmu\u0161tas galv\u016bgalis BC-12 sieninei lovai Tinka 160 cm plo\u010dio \u010diu\u017einiui Pagaminta i\u0161 PIU 03 sm\u0117lio spalvos bukl\u0117s audinio Mink\u0161tas ir patogus pavir\u0161ius Padidina komfort\u0105 ir suteikia elegancijos j\u016bs\u0173 interjerui Puikiai papildo BC-12 sienin\u0119 lov\u0105 Naujas produktas, gamykloje supakuotas, skirtas [\u2026]<\/p>","protected":false},"featured_media":248621,"comment_status":"open","ping_status":"open","template":"","meta":[],"product_brand":[],"product_cat":[2454,9196],"product_tag":[],"class_list":{"0":"post-248620","1":"product","2":"type-product","3":"status-publish","4":"has-post-thumbnail","6":"product_cat-lenart","7":"product_cat-furniture-system-bed-concept-lenart","9":"first","10":"instock","11":"purchasable","12":"product-type-simple"},"_links":{"self":[{"href":"https:\/\/baldumarket.lt\/lt\/wp-json\/wp\/v2\/product\/248620","targetHints":{"allow":["GET"]}}],"collection":[{"href":"https:\/\/baldumarket.lt\/lt\/wp-json\/wp\/v2\/product"}],"about":[{"href":"https:\/\/baldumarket.lt\/lt\/wp-json\/wp\/v2\/types\/product"}],"replies":[{"embeddable":true,"href":"https:\/\/baldumarket.lt\/lt\/wp-json\/wp\/v2\/comments?post=248620"}],"wp:featuredmedia":[{"embeddable":true,"href":"https:\/\/baldumarket.lt\/lt\/wp-json\/wp\/v2\/media\/248621"}],"wp:attachment":[{"href":"https:\/\/baldumarket.lt\/lt\/wp-json\/wp\/v2\/media?parent=248620"}],"wp:term":[{"taxonomy":"product_brand","embeddable":true,"href":"https:\/\/baldumarket.lt\/lt\/wp-json\/wp\/v2\/product_brand?post=248620"},{"taxonomy":"product_cat","embeddable":true,"href":"https:\/\/baldumarket.lt\/lt\/wp-json\/wp\/v2\/product_cat?post=248620"},{"taxonomy":"product_tag","embeddable":true,"href":"https:\/\/baldumarket.lt\/lt\/wp-json\/wp\/v2\/product_tag?post=248620"}],"curies":[{"name":"wp","href":"https:\/\/api.w.org\/{rel}","templated":true}]}}