{"id":248612,"date":"2026-01-10T17:54:48","date_gmt":"2026-01-10T14:54:48","guid":{"rendered":"https:\/\/baldumarket.lt\/product\/bed-concept-bc-14-polkotapczan-poziomy-160-dab-artisan\/"},"modified":"2026-02-11T18:32:19","modified_gmt":"2026-02-11T15:32:19","slug":"bed-concept-bc-14-polkotapczan-poziomy-160-dab-artisan","status":"publish","type":"product","link":"https:\/\/baldumarket.lt\/lt\/produktas\/bed-concept-bc-14-polkotapczan-poziomy-160-dab-artisan\/","title":{"rendered":"LOVOS KONCEPCIJA BC-14 \u2013 horizontali sienin\u0117 lova 160 \u2013 \u0105\u017euolo imitacija"},"content":{"rendered":"<p>Modelis: BC-14<br \/>\nSpalva: Artisan Oak<br \/>\nMatmenys: Kaip parodyta paveiksl\u0117lyje<br \/>\nDizainas: horizontali sienin\u0117 lova 160 x 200 cm \u010diu\u017einiui,<br \/>\nEleganti\u0161ka \u201eArtisan Oak\u201c spalva,<br \/>\nPrakti\u0161kos vidin\u0117s lentynos knygoms ir smulkiems daiktams,<br \/>\nMetalinis r\u0117mas ir groteli\u0173 pagrindas,<br \/>\nPneumatiniai keltuvai ir \u0161velnaus u\u017edarymo sistema,<br \/>\nPatalyn\u0117s dir\u017eeliai \u2013 nereikia papildomos vietos daiktams susid\u0117ti,<br \/>\nLaminuota plok\u0161t\u0117 ir MDF + ABS kra\u0161tai, nat\u016bralios odos rankena,<br \/>\nPapildomi prailginimai ir LED ap\u0161vietimas BC4<br \/>\nProduktas naujas, gamykloje u\u017eplombuotas, skirtas savaranki\u0161kam surinkimui.<\/p>\n<p>\u201eLenart BED CONCEPT BC-14\u201c \u2013 tai horizontali sienin\u0117 lova, skirta 160 cm \u010diu\u017einiui i\u0161 \u201eArtisan Oak\u201c spalvos. \u201eLenart\u201c suk\u016br\u0117 \u0161\u012f model\u012f galvodamas apie modern\u0173 interjer\u0105, kuriame svarbiausia yra funkcionalumas ir estetika. Tai puikus sprendimas poroms, norin\u010dioms m\u0117gautis patogiu nakties miegu ir taupyti viet\u0105 savo bute. BC-14 sienin\u0117 lova pasi\u017eymi prakti\u0161ku i\u0161planavimu. Viduje yra lentynos, puikiai tinkan\u010dios knygoms, dekoracijoms ir kasdieniams daiktams laikyti. Sulankstymo mechanizmas turi metalin\u012f r\u0117m\u0105, groteli\u0173 r\u0117m\u0105 ir pneumatinius pak\u0117limus, u\u017etikrinan\u010dius skland\u0173 ir saug\u0173 atidarym\u0105. \u0160velnaus u\u017edarymo sistema leid\u017eia u\u017edaryti beveik tyliai, o patalyn\u0119 tvirtinantys dir\u017eai leid\u017eia laikyti antklod\u0119 ir pagalves \u0161alia lovos. Baldai pagaminti i\u0161 laminuotos plok\u0161t\u0117s ir MDF, atsparios pa\u017eeidimams, \u012fbr\u0117\u017eimams ir dr\u0117gmei. Priekin\u0117s dalys ir r\u0117mai apsaugoti patvariu ABS kra\u0161tu, o vis\u0105 komplekt\u0105 papildo nat\u016bralios odos rankena. \u0160iltas dirbtinio \u0105\u017euolo atspalvis suteikia interjerui jaukumo ir elegancijos.<\/p>","protected":false},"excerpt":{"rendered":"<p>Modelis: BC-14 Spalva: \u201eArtisan Oak\u201c Matmenys: Kaip parodyta paveiksl\u0117lyje Dizainas: Horizontali sienin\u0117 lova 160 x 200 cm \u010diu\u017einiui, eleganti\u0161ka \u201eArtisan Oak\u201c spalva, prakti\u0161kos vidin\u0117s lentynos knygoms ir smulkiems daiktams, metalinis r\u0117mas ir groteli\u0173 pagrindas, pneumatiniai keltuvai ir \u0161velnaus u\u017edarymo sistema, patalyn\u0117s dir\u017eeliai \u2013 nereikia papildomos vietos daiktams laikyti, laminuota plok\u0161t\u0117 ir MDF [\u2026]<\/p>","protected":false},"featured_media":248613,"comment_status":"open","ping_status":"open","template":"","meta":[],"product_brand":[],"product_cat":[505,2454,9196],"product_tag":[],"class_list":{"0":"post-248612","1":"product","2":"type-product","3":"status-publish","4":"has-post-thumbnail","6":"product_cat-bedroom-beds","7":"product_cat-lenart","8":"product_cat-furniture-system-bed-concept-lenart","10":"first","11":"instock","12":"purchasable","13":"product-type-simple"},"_links":{"self":[{"href":"https:\/\/baldumarket.lt\/lt\/wp-json\/wp\/v2\/product\/248612","targetHints":{"allow":["GET"]}}],"collection":[{"href":"https:\/\/baldumarket.lt\/lt\/wp-json\/wp\/v2\/product"}],"about":[{"href":"https:\/\/baldumarket.lt\/lt\/wp-json\/wp\/v2\/types\/product"}],"replies":[{"embeddable":true,"href":"https:\/\/baldumarket.lt\/lt\/wp-json\/wp\/v2\/comments?post=248612"}],"wp:featuredmedia":[{"embeddable":true,"href":"https:\/\/baldumarket.lt\/lt\/wp-json\/wp\/v2\/media\/248613"}],"wp:attachment":[{"href":"https:\/\/baldumarket.lt\/lt\/wp-json\/wp\/v2\/media?parent=248612"}],"wp:term":[{"taxonomy":"product_brand","embeddable":true,"href":"https:\/\/baldumarket.lt\/lt\/wp-json\/wp\/v2\/product_brand?post=248612"},{"taxonomy":"product_cat","embeddable":true,"href":"https:\/\/baldumarket.lt\/lt\/wp-json\/wp\/v2\/product_cat?post=248612"},{"taxonomy":"product_tag","embeddable":true,"href":"https:\/\/baldumarket.lt\/lt\/wp-json\/wp\/v2\/product_tag?post=248612"}],"curies":[{"name":"wp","href":"https:\/\/api.w.org\/{rel}","templated":true}]}}