{"id":248595,"date":"2026-01-10T17:54:41","date_gmt":"2026-01-10T14:54:41","guid":{"rendered":"https:\/\/baldumarket.lt\/product\/bed-concept-bc-35-sofa-180-do-bc-13-bezowy-front-bialy-polysk\/"},"modified":"2026-02-11T18:32:19","modified_gmt":"2026-02-11T15:32:19","slug":"bed-concept-bc-35-sofa-180-do-bc-13-bezowy-front-bialy-polysk","status":"publish","type":"product","link":"https:\/\/baldumarket.lt\/lt\/produktas\/bed-concept-bc-35-sofa-180-do-bc-13-bezowy-front-bialy-polysk\/","title":{"rendered":"Lovos koncepcija BC-35 \u2013 Sofa 180, skirta BC-13 \u2013 sm\u0117lio\/balto blizgus priekis"},"content":{"rendered":"<p>Modelis: BC-35<br \/>\nSpalva: sm\u0117lio\/balta blizgi priekin\u0117 dalis<br \/>\nMatmenys: Kaip parodyta paveiksl\u0117lyje<br \/>\nKonstrukcija: Tvirta konstrukcija u\u017etikrina stabilum\u0105.<br \/>\nMechanizmas, leid\u017eiantis lengvai ir saugiai atidaryti ir u\u017edaryti lov\u0105.<br \/>\nSofa su sm\u0117lio spalvos apmu\u0161alais, u\u017etikrinan\u010diais didel\u012f komfort\u0105.<br \/>\nPriekin\u0117 dalis eleganti\u0161kos baltos blizgios spalvos.<br \/>\nPilno dyd\u017eio miegojimo vieta pasl\u0117pta spintoje.<br \/>\nFunkcionalus prie sienos tvirtinamos lovos dizainas, idealiai tinkantis ma\u017eiems butams.<br \/>\nMink\u0161ta ir patogi sofos s\u0117dyn\u0117.<br \/>\nLengvai valomas ir pri\u017ei\u016brimas pavir\u0161ius.<br \/>\nPrakti\u0161kas dviej\u0173 bald\u0173 derinys viename.<br \/>\nNaujas, gamykloje supakuotas, savaranki\u0161kai surenkamas produktas.<\/p>\n<p>\u201eLenart BED CONCEPT BC-35\u201c sofa 180 cm, skirta BC-13, yra prakti\u0161ka sienin\u0117 lova, kurioje dera modernus dizainas ir funkcionalumas. \u201eLenart\u201c si\u016blo sprendim\u0105, kuris net ma\u017e\u0105 svetain\u0119 per akimirk\u0105 paver\u010dia patogiu miegamuoju. Sienin\u0117 lova su sofa yra puikus pasirinkimas tiems, kurie nori maksimaliai i\u0161naudoti erdv\u0119 studijos tipo bute ar ma\u017eame bute. \u201eBED CONCEPT BC-35\u201c modelis su prie sienos tvirtinama sofa BC-13, blizgios baltos spalvos, derina komfort\u0105 ir elegancij\u0105. Dien\u0105 ji tarnauja kaip patogi sofa, o vakare transformuojasi \u012f pilno dyd\u017eio lov\u0105, u\u017etikrindama patog\u0173 nakties mieg\u0105. Sm\u0117lio spalvos apmu\u0161alai suteikia jaukumo, o blizgus priekis pabr\u0117\u017eia modern\u0173 ir stiling\u0105 bald\u0173 i\u0161vaizd\u0105. Tai puikus sprendimas interjerui, kuriame svarbus kiekvienas kvadratinis metras, ta\u010diau estetika ir nesenstantis stilius yra svarbiausi.<\/p>","protected":false},"excerpt":{"rendered":"<p>Modelis: BC-35 Spalva: Sm\u0117lio spalvos\/Balta blizgi Priekio matmenys: Kaip parodyta paveiksl\u0117lyje Konstrukcija: Tvirta konstrukcija garantuoja stabilum\u0105. Mechanizmas lengvam ir saugiam lovos atidarymui ir u\u017edarymui. Sofa su sm\u0117lio spalvos apmu\u0161alais, u\u017etikrinan\u010diais didel\u012f komfort\u0105. Priekin\u0117 dalis eleganti\u0161kos baltos blizgios spalvos. Viso dyd\u017eio miegojimo vieta pasl\u0117pta spintoje. Funkcinis sienin\u0117s lovos dizainas, idealiai tinka ma\u017eiems butams. Mink\u0161ta ir [\u2026]<\/p>","protected":false},"featured_media":248596,"comment_status":"open","ping_status":"open","template":"","meta":[],"product_brand":[],"product_cat":[2454,9196,560],"product_tag":[],"class_list":{"0":"post-248595","1":"product","2":"type-product","3":"status-publish","4":"has-post-thumbnail","6":"product_cat-lenart","7":"product_cat-furniture-system-bed-concept-lenart","8":"product_cat-sofas-and-couches","10":"first","11":"instock","12":"purchasable","13":"product-type-simple"},"_links":{"self":[{"href":"https:\/\/baldumarket.lt\/lt\/wp-json\/wp\/v2\/product\/248595","targetHints":{"allow":["GET"]}}],"collection":[{"href":"https:\/\/baldumarket.lt\/lt\/wp-json\/wp\/v2\/product"}],"about":[{"href":"https:\/\/baldumarket.lt\/lt\/wp-json\/wp\/v2\/types\/product"}],"replies":[{"embeddable":true,"href":"https:\/\/baldumarket.lt\/lt\/wp-json\/wp\/v2\/comments?post=248595"}],"wp:featuredmedia":[{"embeddable":true,"href":"https:\/\/baldumarket.lt\/lt\/wp-json\/wp\/v2\/media\/248596"}],"wp:attachment":[{"href":"https:\/\/baldumarket.lt\/lt\/wp-json\/wp\/v2\/media?parent=248595"}],"wp:term":[{"taxonomy":"product_brand","embeddable":true,"href":"https:\/\/baldumarket.lt\/lt\/wp-json\/wp\/v2\/product_brand?post=248595"},{"taxonomy":"product_cat","embeddable":true,"href":"https:\/\/baldumarket.lt\/lt\/wp-json\/wp\/v2\/product_cat?post=248595"},{"taxonomy":"product_tag","embeddable":true,"href":"https:\/\/baldumarket.lt\/lt\/wp-json\/wp\/v2\/product_tag?post=248595"}],"curies":[{"name":"wp","href":"https:\/\/api.w.org\/{rel}","templated":true}]}}