{"id":248589,"date":"2026-01-10T17:54:39","date_gmt":"2026-01-10T14:54:39","guid":{"rendered":"https:\/\/baldumarket.lt\/product\/bed-concept-bc-35-sofa-180-do-bc-13-grafit-front-bialy-2\/"},"modified":"2026-02-11T18:32:19","modified_gmt":"2026-02-11T15:32:19","slug":"bed-concept-bc-35-sofa-180-do-bc-13-grafit-front-bialy-2","status":"publish","type":"product","link":"https:\/\/baldumarket.lt\/lt\/produktas\/bed-concept-bc-35-sofa-180-do-bc-13-grafit-front-bialy-2\/","title":{"rendered":"Lovos koncepcija BC-35 \u2013 Sofa 180, skirta BC-13 \u2013 grafito\/baltas priekis"},"content":{"rendered":"<p>Modelis: BC-35<br \/>\nSpalva: grafito\/balta priekin\u0117 dalis<br \/>\nMatmenys: Kaip parodyta paveiksl\u0117lyje<br \/>\nKonstrukcija: Stabili ir patvari konstrukcija.<br \/>\nMechanizmas, padedantis atidaryti ir u\u017edaryti lov\u0105.<br \/>\nSofa aptraukta grafito spalvos LUKKA 38 audiniu.<br \/>\nPriekin\u0117 dalis eleganti\u0161ka balta apdaila.<br \/>\nAtliekama kaip pilno dyd\u017eio prie sienos priglundanti lova.<br \/>\nPatogi s\u0117dyn\u0117 ir atlo\u0161as u\u017etikrina komfort\u0105.<br \/>\nModernus dizainas, tinkantis \u012fvairiems i\u0161d\u0117stymams.<br \/>\nLengva valyti.<br \/>\nDu baldai viename \u2013 sofa ir lova prakti\u0161koje formoje.<br \/>\nNaujas produktas, gamykloje supakuotas, skirtas savaranki\u0161kam surinkimui.<\/p>\n<p>\u201eLenart BED CONCEPT BC-35\u201c sofa 180 cm, skirta BC-13, yra prakti\u0161ka ir eleganti\u0161ka sienin\u0117 lova, leid\u017eianti maksimaliai i\u0161naudoti erdv\u0119 j\u016bs\u0173 namuose. \u201eLenart\u201c prek\u0117s \u017eenklas si\u016blo modern\u0173 sprendim\u0105, kuris net ma\u017e\u0105 svetain\u0119 per kelias sekundes paver\u010dia miegamuoju. Sienin\u0117 lova su sofa yra idealus pasirinkimas gyvenantiems studijos tipo bute arba ma\u017eame bute, kur kiekvienas kvadratinis metras yra brangus. \u201eBED CONCEPT BC-35\u201c modelis su prie jo priderinta baltos spalvos sofa BC-13 derina funkcionalum\u0105 ir estetik\u0105. Grafito spalvos sofa, aptraukta LUKKA 38 audiniu, gra\u017eiai kontrastuoja su \u0161viesiu priekiu, suteikdama baldui modern\u0173 ir stiling\u0105 charakter\u012f. Dien\u0105 ji tarnauja kaip patogi sofa, o vakare lengvai transformuojasi \u012f patogi\u0105 lov\u0105, u\u017etikrinan\u010di\u0105 ram\u0173 mieg\u0105. \u0160is baldas ne tik taupo viet\u0105, bet ir pagerina interjer\u0105 savo universalia forma ir eleganti\u0161ku dizainu.<\/p>","protected":false},"excerpt":{"rendered":"<p>Modelis: BC-35 Spalva: Grafito\/balta Priekio matmenys: Kaip parodyta paveiksl\u0117lyje Konstrukcija: Stabili ir patvari konstrukcija. Mechanizmas, padedantis atidaryti ir u\u017edaryti lov\u0105. Sofa aptraukta grafito spalvos LUKKA 38 audiniu. Priekin\u0117 dalis eleganti\u0161kos baltos spalvos. Atliekama kaip viso dyd\u017eio sienin\u0117 lova. Patogi s\u0117dyn\u0117 ir atlo\u0161as u\u017etikrina komfort\u0105. Modernus dizainas, tinkantis \u012fvairiems i\u0161d\u0117stymams. [\u2026]<\/p>","protected":false},"featured_media":248590,"comment_status":"open","ping_status":"open","template":"","meta":[],"product_brand":[],"product_cat":[2454,9196,560],"product_tag":[],"class_list":{"0":"post-248589","1":"product","2":"type-product","3":"status-publish","4":"has-post-thumbnail","6":"product_cat-lenart","7":"product_cat-furniture-system-bed-concept-lenart","8":"product_cat-sofas-and-couches","10":"first","11":"instock","12":"purchasable","13":"product-type-simple"},"_links":{"self":[{"href":"https:\/\/baldumarket.lt\/lt\/wp-json\/wp\/v2\/product\/248589","targetHints":{"allow":["GET"]}}],"collection":[{"href":"https:\/\/baldumarket.lt\/lt\/wp-json\/wp\/v2\/product"}],"about":[{"href":"https:\/\/baldumarket.lt\/lt\/wp-json\/wp\/v2\/types\/product"}],"replies":[{"embeddable":true,"href":"https:\/\/baldumarket.lt\/lt\/wp-json\/wp\/v2\/comments?post=248589"}],"wp:featuredmedia":[{"embeddable":true,"href":"https:\/\/baldumarket.lt\/lt\/wp-json\/wp\/v2\/media\/248590"}],"wp:attachment":[{"href":"https:\/\/baldumarket.lt\/lt\/wp-json\/wp\/v2\/media?parent=248589"}],"wp:term":[{"taxonomy":"product_brand","embeddable":true,"href":"https:\/\/baldumarket.lt\/lt\/wp-json\/wp\/v2\/product_brand?post=248589"},{"taxonomy":"product_cat","embeddable":true,"href":"https:\/\/baldumarket.lt\/lt\/wp-json\/wp\/v2\/product_cat?post=248589"},{"taxonomy":"product_tag","embeddable":true,"href":"https:\/\/baldumarket.lt\/lt\/wp-json\/wp\/v2\/product_tag?post=248589"}],"curies":[{"name":"wp","href":"https:\/\/api.w.org\/{rel}","templated":true}]}}