{"id":248569,"date":"2026-01-10T17:54:29","date_gmt":"2026-01-10T14:54:29","guid":{"rendered":"https:\/\/baldumarket.lt\/product\/bed-concept-bc-35-sofa-180-do-bc-13-zielony-front-bialy-2\/"},"modified":"2026-02-11T18:32:20","modified_gmt":"2026-02-11T15:32:20","slug":"bed-concept-bc-35-sofa-180-do-bc-13-zielony-front-bialy-2","status":"publish","type":"product","link":"https:\/\/baldumarket.lt\/lt\/product\/bed-concept-bc-35-sofa-180-do-bc-13-zielony-front-bialy-2\/","title":{"rendered":"Lovos koncepcija BC-35 \u2013 Sofa 180, skirta BC-13 \u2013 \u017ealia\/balta priekin\u0117 dalis"},"content":{"rendered":"<p>Modelis: BC-35<br \/>\nSpalva: J\u016bs\u0173 pasirinkta spalva<br \/>\nMatmenys: Kaip parodyta paveiksl\u0117lyje<br \/>\nKonstrukcija: Stabili ir tvirta konstrukcija.<br \/>\nMechanizmas saugiam lovos atidarymui ir u\u017edarymui.<br \/>\nSofa aptraukta \u017ealiu ART-82630 audiniu.<br \/>\nPriekin\u0117 dalis eleganti\u0161ka balta apdaila.<br \/>\nViso dyd\u017eio sienin\u0117s lovos funkcija.<br \/>\nPatogi s\u0117dyn\u0117 ir atlo\u0161as u\u017etikrina komfort\u0105.<br \/>\nSienin\u0117 lova tinka ma\u017eiems butams ir studijoms.<br \/>\nLengva valyti ir pri\u017ei\u016br\u0117ti.<br \/>\nPrakti\u0161kas sofos ir lovos derinys viename.<br \/>\nNaujas produktas, gamykloje supakuotas, skirtas savaranki\u0161kam surinkimui.<\/p>\n<p>\u201eLenart BED CONCEPT BC-35\u201c sofa 180 cm, skirta BC-13, yra moderni sienin\u0117 lova, leid\u017eianti maksimaliai i\u0161naudoti turim\u0105 erdv\u0119. \u201eLenart\u201c suk\u016br\u0117 prakti\u0161k\u0105 sprendim\u0105, kuris per akimirk\u0105 paver\u010dia ma\u017e\u0105 svetain\u0119 \u012f pilno dyd\u017eio miegam\u0105j\u012f. Sienin\u0117 lova su sofa yra puikus pasirinkimas studijoms ir ma\u017eiems butams, kur svarbus kiekvienas centimetras. \u201eBED CONCEPT BC-35\u201c modelis su prie sienos tvirtinama baltos spalvos sofa BC-13 derina funkcionalum\u0105 ir estetik\u0105. \u017dalia sofa, aptraukta ART-82630 audiniu, suteikia interjerui gaivumo ir charakterio, o ry\u0161kiai baltas priekis suteikia visam baldui lengvumo ir modernumo. Dien\u0105 baldas tarnauja kaip patogi sofa, o vakare lengvai transformuojasi \u012f patogi\u0105 lov\u0105, u\u017etikrindamas ram\u0173 nakties mieg\u0105. \u0160is sprendimas derina funkcionalum\u0105 ir unikali\u0105 i\u0161vaizd\u0105, puikiai tinkan\u010di\u0105 moderniam interjerui.<\/p>","protected":false},"excerpt":{"rendered":"<p>Modelis: BC-35 Spalva: J\u016bs\u0173 pasirinkta spalva Matmenys: Kaip parodyta paveiksl\u0117lyje Konstrukcija: Stabili ir tvirta konstrukcija. Mechanizmas saugiam lovos atidarymui ir u\u017edarymui. Sofa aptraukta \u017ealiu ART-82630 audiniu. Priekin\u0117 dalis eleganti\u0161kos baltos spalvos. Pilno dyd\u017eio sienin\u0117s lovos funkcija. Patogi s\u0117dyn\u0117 ir atlo\u0161as u\u017etikrina komfort\u0105. Sienin\u0117 lova tinka ma\u017eiems butams ir studijoms. Lengva [\u2026]<\/p>","protected":false},"featured_media":248570,"comment_status":"open","ping_status":"open","template":"","meta":[],"product_brand":[],"product_cat":[2454,9196,560],"product_tag":[],"class_list":{"0":"post-248569","1":"product","2":"type-product","3":"status-publish","4":"has-post-thumbnail","6":"product_cat-lenart","7":"product_cat-furniture-system-bed-concept-lenart","8":"product_cat-sofas-and-couches","10":"first","11":"instock","12":"purchasable","13":"product-type-simple"},"_links":{"self":[{"href":"https:\/\/baldumarket.lt\/lt\/wp-json\/wp\/v2\/product\/248569","targetHints":{"allow":["GET"]}}],"collection":[{"href":"https:\/\/baldumarket.lt\/lt\/wp-json\/wp\/v2\/product"}],"about":[{"href":"https:\/\/baldumarket.lt\/lt\/wp-json\/wp\/v2\/types\/product"}],"replies":[{"embeddable":true,"href":"https:\/\/baldumarket.lt\/lt\/wp-json\/wp\/v2\/comments?post=248569"}],"wp:featuredmedia":[{"embeddable":true,"href":"https:\/\/baldumarket.lt\/lt\/wp-json\/wp\/v2\/media\/248570"}],"wp:attachment":[{"href":"https:\/\/baldumarket.lt\/lt\/wp-json\/wp\/v2\/media?parent=248569"}],"wp:term":[{"taxonomy":"product_brand","embeddable":true,"href":"https:\/\/baldumarket.lt\/lt\/wp-json\/wp\/v2\/product_brand?post=248569"},{"taxonomy":"product_cat","embeddable":true,"href":"https:\/\/baldumarket.lt\/lt\/wp-json\/wp\/v2\/product_cat?post=248569"},{"taxonomy":"product_tag","embeddable":true,"href":"https:\/\/baldumarket.lt\/lt\/wp-json\/wp\/v2\/product_tag?post=248569"}],"curies":[{"name":"wp","href":"https:\/\/api.w.org\/{rel}","templated":true}]}}