{"id":248533,"date":"2026-01-10T17:54:15","date_gmt":"2026-01-10T14:54:15","guid":{"rendered":"https:\/\/baldumarket.lt\/product\/bed-concept-bc-35-sofa-180-do-bc-13-szary-front-bialy-2\/"},"modified":"2026-02-11T18:32:20","modified_gmt":"2026-02-11T15:32:20","slug":"bed-concept-bc-35-sofa-180-do-bc-13-szary-front-bialy-2","status":"publish","type":"product","link":"https:\/\/baldumarket.lt\/lt\/produktas\/bed-concept-bc-35-sofa-180-do-bc-13-szary-front-bialy-2\/","title":{"rendered":"Lovos koncepcija BC-35 \u2013 Sofa 180, skirta BC-13 \u2013 pilka\/balta priekin\u0117 dalis"},"content":{"rendered":"<p>Modelis: BC-35<br \/>\nSpalva: pilka su baltu priekiu<br \/>\nMatmenys: Kaip parodyta paveiksl\u0117lyje<br \/>\nDizainas: Sofa, sukurta prie BC-13 sienin\u0117s lovos i\u0161 BED CONCEPT kolekcijos<br \/>\nPagaminta i\u0161 auk\u0161tos kokyb\u0117s med\u017eiag\u0173, u\u017etikrinan\u010di\u0173 ilgaam\u017ei\u0161kum\u0105<br \/>\nApmu\u0161tas ART-82610 audiniu<br \/>\nPatogi s\u0117dyn\u0117, sukurta kasdieniam naudojimui<br \/>\nPilka su balta priekine apdaila<br \/>\nModernus dizainas, idealiai tinka ma\u017eiems butams ir studijoms<br \/>\nFunkcinis BC-13 sienin\u0117s lovos papildymas<br \/>\nSprendimas, apjungiantis patogum\u0105, prakti\u0161kum\u0105 ir estetik\u0105<br \/>\nDizainas pritaikytas prie BED CONCEPT sistemos<br \/>\nNaujas produktas, gamykloje supakuotas, skirtas savaranki\u0161kam surinkimui<\/p>","protected":false},"excerpt":{"rendered":"<p>Modelis: BC-35 Spalva: Pilka su baltu priekiu Matmenys: Kaip parodyta paveiksl\u0117lyje Dizainas: Sofa, sukurta BC-13 sieninei lovai i\u0161 BED CONCEPT kolekcijos Pagaminta i\u0161 auk\u0161tos kokyb\u0117s med\u017eiag\u0173, u\u017etikrinan\u010di\u0173 ilgaam\u017ei\u0161kum\u0105 Apmu\u0161ta ART-82610 audiniu Patogi s\u0117dyn\u0117, skirta kasdieniam naudojimui Pilka su baltu priekiu Modernus dizainas, idealiai tinka ma\u017eiems butams ir studijoms Funkcinis papildymas [\u2026]<\/p>","protected":false},"featured_media":248534,"comment_status":"open","ping_status":"open","template":"","meta":[],"product_brand":[],"product_cat":[2454,9196,560],"product_tag":[],"class_list":{"0":"post-248533","1":"product","2":"type-product","3":"status-publish","4":"has-post-thumbnail","6":"product_cat-lenart","7":"product_cat-furniture-system-bed-concept-lenart","8":"product_cat-sofas-and-couches","10":"first","11":"instock","12":"purchasable","13":"product-type-simple"},"_links":{"self":[{"href":"https:\/\/baldumarket.lt\/lt\/wp-json\/wp\/v2\/product\/248533","targetHints":{"allow":["GET"]}}],"collection":[{"href":"https:\/\/baldumarket.lt\/lt\/wp-json\/wp\/v2\/product"}],"about":[{"href":"https:\/\/baldumarket.lt\/lt\/wp-json\/wp\/v2\/types\/product"}],"replies":[{"embeddable":true,"href":"https:\/\/baldumarket.lt\/lt\/wp-json\/wp\/v2\/comments?post=248533"}],"wp:featuredmedia":[{"embeddable":true,"href":"https:\/\/baldumarket.lt\/lt\/wp-json\/wp\/v2\/media\/248534"}],"wp:attachment":[{"href":"https:\/\/baldumarket.lt\/lt\/wp-json\/wp\/v2\/media?parent=248533"}],"wp:term":[{"taxonomy":"product_brand","embeddable":true,"href":"https:\/\/baldumarket.lt\/lt\/wp-json\/wp\/v2\/product_brand?post=248533"},{"taxonomy":"product_cat","embeddable":true,"href":"https:\/\/baldumarket.lt\/lt\/wp-json\/wp\/v2\/product_cat?post=248533"},{"taxonomy":"product_tag","embeddable":true,"href":"https:\/\/baldumarket.lt\/lt\/wp-json\/wp\/v2\/product_tag?post=248533"}],"curies":[{"name":"wp","href":"https:\/\/api.w.org\/{rel}","templated":true}]}}