{"id":248520,"date":"2026-01-10T17:54:09","date_gmt":"2026-01-10T14:54:09","guid":{"rendered":"https:\/\/baldumarket.lt\/product\/bed-concept-bc-35-sofa-180-do-bc-13-zielony-front-dab-artisan-2\/"},"modified":"2026-02-11T18:32:20","modified_gmt":"2026-02-11T15:32:20","slug":"bed-concept-bc-35-sofa-180-do-bc-13-zielony-front-dab-artisan-2","status":"publish","type":"product","link":"https:\/\/baldumarket.lt\/lt\/product\/bed-concept-bc-35-sofa-180-do-bc-13-zielony-front-dab-artisan-2\/","title":{"rendered":"Lovos koncepcija BC-35 &#8211; Sofa 180, skirta BC-13 &#8211; \u017ealia\/dirbtinio \u0105\u017euolo fasadas"},"content":{"rendered":"<p>Modelis: BC-35<br \/>\nSpalva: \u017ealia \/ \u0105\u017euolo spalvos priekis<br \/>\nMatmenys: Kaip parodyta paveiksl\u0117lyje<br \/>\nMed\u017eiaga: 180 cm plo\u010dio sofa, skirta BC-13 sieninei lovai<br \/>\n\u017dalia apmu\u0161al\u0173 med\u017eiaga, atspari kasdieniam naudojimui<br \/>\nArtisan Oak fasadas su specialiai i\u0161pjauta tvirtinimo plok\u0161tele<br \/>\nStabili konstrukcija, nuolat pritvirtinta prie sienos lovos<br \/>\nMechanizmas, kuris nuleid\u017eia apatines pagalv\u0117les atidarant lov\u0105<br \/>\nPatogi ir gili s\u0117dyn\u0117 su mink\u0161tomis nugaros pagalv\u0117l\u0117mis<br \/>\nEleganti\u0161kas \u017ealios ir nat\u016bralaus med\u017eio dekoro derinys<br \/>\nGalimyb\u0117 komplekt\u0105 papildyti \u0161onin\u0117mis lentynomis ir tarpin\u0117mis<br \/>\nGalimyb\u0117 u\u017esisakyti profesional\u0173 pristatym\u0105 ir surinkim\u0105 bet kurioje vietoje<br \/>\nNaujas, gamykloje supakuotas produktas, skirtas savaranki\u0161kam surinkimui<\/p>\n<p>\u201eLenart BED CONCEPT BC-35\u201c \u2013 tai 180 cm plo\u010dio sofa, skirta prie sienos tvirtinamai lovai BC-13. J\u0105 galima \u012fsigyti su \u017ealiais apmu\u0161alais ir \u201eArtisan Oak\u201c priekiu. \u0160is prakti\u0161kas sprendimas sujungia kasdienio poilsio komfort\u0105 su prie sienos tvirtinamos lovos funkcionalumu. \u201eLenart\u201c u\u017etikrino, kad BC-35 sofa b\u016bt\u0173 ne tik eleganti\u0161ka, bet ir visi\u0161kai suderinama su prie sienos tvirtinamos lovos mechanizmu, u\u017etikrinant maksimal\u0173 komfort\u0105. Sofa yra visam laikui pritvirtinta prie prie sienos tvirtinamos lovos, tod\u0117l per kelias sekundes galite paversti savo svetain\u0119 viso dyd\u017eio miegamuoju. Tiesiog nuimkite nugaros pagalv\u0117les, ir mechanizmas automati\u0161kai nuleis apatines pagalv\u0117les, atlaisvindamas vietos i\u0161skleid\u017eiamai lovai. Stilingas \u017eali\u0173 apmu\u0161al\u0173 ir artisan \u0105\u017euolo priekio derinys suteikia interjerui modern\u0173, ta\u010diau jauk\u0173 charakter\u012f. Jei komplekt\u0105 papildysite \u0161onin\u0117mis lentynomis, apsvarstykite galimyb\u0119 \u012frengti tarpines plok\u0161tes, kurios, nepaisant i\u0161siki\u0161usi\u0173 sofos \u0161on\u0173, u\u017etikrins lengv\u0105 prieig\u0105 prie prie prie sienos tvirtinamos lovos stal\u010di\u0173 ir dureli\u0173.<\/p>","protected":false},"excerpt":{"rendered":"<p>Model: BC-35 Color: Green\/Artisan Oak Front Dimensions: As pictured Material: 180 cm sofa designed for the BC-13 wall bed Green upholstery, resistant to everyday use Artisan Oak front with a specially cut mounting plate Stable structure permanently attached to the wall bed Mechanism that lowers the lower cushions when opening the bed Comfortable and deep [&hellip;]<\/p>","protected":false},"featured_media":248521,"comment_status":"open","ping_status":"open","template":"","meta":[],"product_brand":[],"product_cat":[2454,9196,560],"product_tag":[],"class_list":{"0":"post-248520","1":"product","2":"type-product","3":"status-publish","4":"has-post-thumbnail","6":"product_cat-lenart","7":"product_cat-furniture-system-bed-concept-lenart","8":"product_cat-sofas-and-couches","10":"first","11":"instock","12":"purchasable","13":"product-type-simple"},"_links":{"self":[{"href":"https:\/\/baldumarket.lt\/lt\/wp-json\/wp\/v2\/product\/248520","targetHints":{"allow":["GET"]}}],"collection":[{"href":"https:\/\/baldumarket.lt\/lt\/wp-json\/wp\/v2\/product"}],"about":[{"href":"https:\/\/baldumarket.lt\/lt\/wp-json\/wp\/v2\/types\/product"}],"replies":[{"embeddable":true,"href":"https:\/\/baldumarket.lt\/lt\/wp-json\/wp\/v2\/comments?post=248520"}],"wp:featuredmedia":[{"embeddable":true,"href":"https:\/\/baldumarket.lt\/lt\/wp-json\/wp\/v2\/media\/248521"}],"wp:attachment":[{"href":"https:\/\/baldumarket.lt\/lt\/wp-json\/wp\/v2\/media?parent=248520"}],"wp:term":[{"taxonomy":"product_brand","embeddable":true,"href":"https:\/\/baldumarket.lt\/lt\/wp-json\/wp\/v2\/product_brand?post=248520"},{"taxonomy":"product_cat","embeddable":true,"href":"https:\/\/baldumarket.lt\/lt\/wp-json\/wp\/v2\/product_cat?post=248520"},{"taxonomy":"product_tag","embeddable":true,"href":"https:\/\/baldumarket.lt\/lt\/wp-json\/wp\/v2\/product_tag?post=248520"}],"curies":[{"name":"wp","href":"https:\/\/api.w.org\/{rel}","templated":true}]}}