{"id":248516,"date":"2026-01-10T17:54:08","date_gmt":"2026-01-10T14:54:08","guid":{"rendered":"https:\/\/baldumarket.lt\/product\/bc-0414-oswietlenie-led-2x-l-2000-1x-l-2060-bialy\/"},"modified":"2026-02-11T18:32:20","modified_gmt":"2026-02-11T15:32:20","slug":"bc-0414-oswietlenie-led-2x-l-2000-1x-l-2060-bialy","status":"publish","type":"product","link":"https:\/\/baldumarket.lt\/lt\/product\/bc-0414-oswietlenie-led-2x-l-2000-1x-l-2060-bialy\/","title":{"rendered":"BC-04,14 LED ap\u0161vietimas 2x L-2000 1x L-2060 \u2013 baltas"},"content":{"rendered":"<p>Modelis: STAN sofa<br \/>\nKonstrukcija: Stabilus r\u0117mas garantuoja ilgaam\u017ei\u0161kum\u0105 ir saugum\u0105.<br \/>\nPatogi s\u0117dyn\u0117, u\u017epildyta elastingomis putomis, kasdieniam komfortui.<br \/>\nZigzago spyruokl\u0117s s\u0117dyn\u0117je padidina atsparum\u0105 deformacijai.<br \/>\nDidel\u0117s atlo\u0161o pagalv\u0117l\u0117s suteikia mink\u0161tumo ir komforto.<br \/>\nDekoratyvin\u0117s pagalv\u0117l\u0117s pabr\u0117\u017eia modern\u0173 bald\u0173 charakter\u012f.<br \/>\nMiegojimo funkcija su paprastu ir prakti\u0161ku atlo\u0161o mechanizmu.<br \/>\nAuk\u0161tos kokyb\u0117s apmu\u0161alai, atspar\u016bs intensyviam naudojimui.<br \/>\nPaprastos, geometrin\u0117s linijos pabr\u0117\u017eia eleganti\u0161k\u0105 form\u0105.<br \/>\nStabilus pagrindas suteikia sofai tvirt\u0105 i\u0161vaizd\u0105 ir patikimum\u0105.<br \/>\nNaujas produktas, gamykloje u\u017eplombuotas, skirtas savaranki\u0161kam surinkimui.<\/p>\n<p>\u201eLenart BED CONCEPT BC-04,14 LEDBC4\u201c \u2013 tai LED ap\u0161vietimo komplektas, skirtas \u201eBED CONCEPT\u201c kolekcijos pakabinamoms lovoms BC-04 ir BC-14. \u0160is prakti\u0161kas ir modernus sprendimas padidina kasdienio naudojimo komfort\u0105 ir pabr\u0117\u017eia eleganti\u0161k\u0105 dizain\u0105. \u201eLenart BED CONCEPT BC-04,14 LEDBC4\u201c buvo sukurtas taip, kad puikiai papildyt\u0173 bald\u0173 dizain\u0105 ir sukurt\u0173 darni\u0105 visum\u0105. Komplekt\u0105 sudaro dvi 2000 mm LED juostos ir viena 2060 mm juosta, kurios u\u017etikrina tolyg\u0173 ir efektyv\u0173 visos pakabinamos lovos ap\u0161vietim\u0105. Tai leid\u017eia patogiai naudotis lova net vakare ir nakt\u012f, o papildomas LED ap\u0161vietimas sukuria maloni\u0105, atmosferin\u0119 atmosfer\u0105 kambaryje. LEDBC4 LED ap\u0161vietimas yra energij\u0105 taupantis, patvarus ir ilgaam\u017eis. Paprastas surinkimas, suderinamas su BC-04 ir BC-14 pakabinamomis lovomis, leid\u017eia greitai ir be vargo sumontuoti. \u0160is aksesuaras sujungia funkcines ir dekoratyvines funkcijas, pagerindamas baldo i\u0161vaizd\u0105 tiek prakti\u0161kai, tiek vizualiai.<\/p>","protected":false},"excerpt":{"rendered":"<p>Modelis: STAN Sofos dizainas: Stabilus r\u0117mas garantuoja ilgaam\u017ei\u0161kum\u0105 ir saugum\u0105. Patogi s\u0117dyn\u0117, u\u017epildyta elastin\u0117mis putomis, kasdieniam komfortui. Zigzago spyruokl\u0117s s\u0117dyn\u0117je padidina atsparum\u0105 deformacijai. Didel\u0117s atlo\u0161o pagalv\u0117l\u0117s suteikia mink\u0161tumo ir komforto. Dekoratyvin\u0117s pagalv\u0117l\u0117s pabr\u0117\u017eia modern\u0173 baldo charakter\u012f. Miegojimo funkcija su paprastu ir prakti\u0161ku atlo\u0161o atlo\u0161o mechanizmu. Auk\u0161tos kokyb\u0117s [\u2026]<\/p>","protected":false},"featured_media":248517,"comment_status":"open","ping_status":"open","template":"","meta":[],"product_brand":[],"product_cat":[2454,9196],"product_tag":[],"class_list":{"0":"post-248516","1":"product","2":"type-product","3":"status-publish","4":"has-post-thumbnail","6":"product_cat-lenart","7":"product_cat-furniture-system-bed-concept-lenart","9":"first","10":"instock","11":"purchasable","12":"product-type-simple"},"_links":{"self":[{"href":"https:\/\/baldumarket.lt\/lt\/wp-json\/wp\/v2\/product\/248516","targetHints":{"allow":["GET"]}}],"collection":[{"href":"https:\/\/baldumarket.lt\/lt\/wp-json\/wp\/v2\/product"}],"about":[{"href":"https:\/\/baldumarket.lt\/lt\/wp-json\/wp\/v2\/types\/product"}],"replies":[{"embeddable":true,"href":"https:\/\/baldumarket.lt\/lt\/wp-json\/wp\/v2\/comments?post=248516"}],"wp:featuredmedia":[{"embeddable":true,"href":"https:\/\/baldumarket.lt\/lt\/wp-json\/wp\/v2\/media\/248517"}],"wp:attachment":[{"href":"https:\/\/baldumarket.lt\/lt\/wp-json\/wp\/v2\/media?parent=248516"}],"wp:term":[{"taxonomy":"product_brand","embeddable":true,"href":"https:\/\/baldumarket.lt\/lt\/wp-json\/wp\/v2\/product_brand?post=248516"},{"taxonomy":"product_cat","embeddable":true,"href":"https:\/\/baldumarket.lt\/lt\/wp-json\/wp\/v2\/product_cat?post=248516"},{"taxonomy":"product_tag","embeddable":true,"href":"https:\/\/baldumarket.lt\/lt\/wp-json\/wp\/v2\/product_tag?post=248516"}],"curies":[{"name":"wp","href":"https:\/\/api.w.org\/{rel}","templated":true}]}}