{"id":248483,"date":"2026-01-10T17:53:54","date_gmt":"2026-01-10T14:53:54","guid":{"rendered":"https:\/\/baldumarket.lt\/product\/bed-concept-bc-14-polkotapczan-poziomy-160-bialy\/"},"modified":"2026-02-11T18:32:20","modified_gmt":"2026-02-11T15:32:20","slug":"bed-concept-bc-14-polkotapczan-poziomy-160-bialy","status":"publish","type":"product","link":"https:\/\/baldumarket.lt\/lt\/produktas\/bed-concept-bc-14-polkotapczan-poziomy-160-bialy\/","title":{"rendered":"Lovos koncepcija BC-14 \u2013 horizontali prie sienos montuojama lova 160 \u2013 balta"},"content":{"rendered":"<p>Modelis: BC-14<br \/>\nSpalva: balta<br \/>\nMatmenys: Kaip parodyta paveiksl\u0117lyje<br \/>\nDizainas: horizontali sienin\u0117 lova 160 x 200 cm \u010diu\u017einiui,<br \/>\nPrakti\u0161kos vidin\u0117s lentynos knygoms ir aksesuarams,<br \/>\nStabilus metalinis r\u0117mas ir groteli\u0173 pagrindas,<br \/>\nPneumatiniai keltuvai ir \u0161velnaus u\u017edarymo sistema,<br \/>\nPatalyn\u0117s dir\u017eeliai \u2013 nereikia papildomos vietos antklodei ar pagalv\u0117ms,<br \/>\nPagaminta i\u0161 laminuotos plok\u0161t\u0117s ir MDF su ABS apvadu,<br \/>\nNat\u016bralios odos rankena,<br \/>\nGalimi papildomi prailginimai ir LED ap\u0161vietimas,<br \/>\nNaujas produktas, gamykloje u\u017eplombuotas, skirtas savaranki\u0161kam surinkimui.<\/p>\n<p>\u201eLenart BED CONCEPT BC-14\u201c \u2013 tai horizontali sienin\u0117 lova, skirta 160 cm \u010diu\u017einiui. \u201eLenart\u201c suk\u016br\u0117 \u0161\u012f model\u012f, siekdama suderinti kasdienio naudojimo patogum\u0105 su erdv\u0119 taupan\u010diu dizainu ir moderniu stiliumi. D\u0117l horizontalaus dizaino BC-14 puikiai tinka ma\u017eesniems kambariams, nes leid\u017eia patogiai i\u0161simiegoti nakt\u012f ir greitai atlaisvinti erdv\u0119 dienos metu. Lovoje yra prakti\u0161kos vidin\u0117s lentynos, puikiai tinkan\u010dios knygoms, dekoracijoms ar kasdieniams daiktams, pavyzd\u017eiui, telefonui ar \u017eadintuvui, laikyti. Stabilus metalinis r\u0117mas, groteli\u0173 r\u0117mas ir pneumatiniai keltuvai daro sienin\u0119 lov\u0105 toki\u0105 pat patogi\u0105 ir patvari\u0105, kaip ir tradicin\u0119 lov\u0105. \u0160velnaus u\u017edarymo sistema u\u017etikrina tyl\u0173 ir saug\u0173 u\u017edarym\u0105, o patalyn\u0119 tvirtinantys dir\u017eeliai leid\u017eia laikyti lov\u0105 kartu su antklode ir pagalv\u0117mis, tod\u0117l nereikia papildomos vietos daiktams laikyti. Baldai pagaminti i\u0161 laminuotos plok\u0161t\u0117s ir MDF, atsparios \u012fbr\u0117\u017eimams, dr\u0117gmei ir auk\u0161tai temperat\u016brai. Priekin\u0117s dalys ir karkasai apsaugoti ABS apvadais, o vis\u0105 komplekt\u0105 papildo nat\u016bralios odos rankena. Galima komplektuoti su funkciniais prailginimais ir LED ap\u0161vietimu.<\/p>","protected":false},"excerpt":{"rendered":"<p>Modelis: BC-14 Spalva: Balta Matmenys: Kaip parodyta paveiksl\u0117lyje Dizainas: Horizontali sienin\u0117 lova 160 x 200 cm \u010diu\u017einiui, Prakti\u0161kos vidin\u0117s lentynos knygoms ir aksesuarams, Stabilus metalinis r\u0117mas ir groteli\u0173 pagrindas, Pneumatiniai keltuvai ir \u0161velnaus u\u017edarymo sistema, Patalyn\u0117s dir\u017eeliai \u2013 nereikia papildomos vietos antklodei ar pagalv\u0117ms, Pagaminta i\u0161 laminuotos plok\u0161t\u0117s ir [\u2026]<\/p>","protected":false},"featured_media":248484,"comment_status":"open","ping_status":"open","template":"","meta":[],"product_brand":[],"product_cat":[505,2454,9196],"product_tag":[],"class_list":{"0":"post-248483","1":"product","2":"type-product","3":"status-publish","4":"has-post-thumbnail","6":"product_cat-bedroom-beds","7":"product_cat-lenart","8":"product_cat-furniture-system-bed-concept-lenart","10":"first","11":"instock","12":"purchasable","13":"product-type-simple"},"_links":{"self":[{"href":"https:\/\/baldumarket.lt\/lt\/wp-json\/wp\/v2\/product\/248483","targetHints":{"allow":["GET"]}}],"collection":[{"href":"https:\/\/baldumarket.lt\/lt\/wp-json\/wp\/v2\/product"}],"about":[{"href":"https:\/\/baldumarket.lt\/lt\/wp-json\/wp\/v2\/types\/product"}],"replies":[{"embeddable":true,"href":"https:\/\/baldumarket.lt\/lt\/wp-json\/wp\/v2\/comments?post=248483"}],"wp:featuredmedia":[{"embeddable":true,"href":"https:\/\/baldumarket.lt\/lt\/wp-json\/wp\/v2\/media\/248484"}],"wp:attachment":[{"href":"https:\/\/baldumarket.lt\/lt\/wp-json\/wp\/v2\/media?parent=248483"}],"wp:term":[{"taxonomy":"product_brand","embeddable":true,"href":"https:\/\/baldumarket.lt\/lt\/wp-json\/wp\/v2\/product_brand?post=248483"},{"taxonomy":"product_cat","embeddable":true,"href":"https:\/\/baldumarket.lt\/lt\/wp-json\/wp\/v2\/product_cat?post=248483"},{"taxonomy":"product_tag","embeddable":true,"href":"https:\/\/baldumarket.lt\/lt\/wp-json\/wp\/v2\/product_tag?post=248483"}],"curies":[{"name":"wp","href":"https:\/\/api.w.org\/{rel}","templated":true}]}}