{"id":248475,"date":"2026-01-10T17:53:51","date_gmt":"2026-01-10T14:53:51","guid":{"rendered":"https:\/\/baldumarket.lt\/product\/bed-concept-bc-03-polkotapczan-pionowy-90-dab-artisan\/"},"modified":"2026-04-07T15:38:47","modified_gmt":"2026-04-07T12:38:47","slug":"bed-concept-bc-03-polkotapczan-pionowy-90-dab-artisan","status":"publish","type":"product","link":"https:\/\/baldumarket.lt\/lt\/product\/bed-concept-bc-03-polkotapczan-pionowy-90-dab-artisan\/","title":{"rendered":"Lovos koncepcija BC-03 \u2013 vertikali sienin\u0117 lova 90 \u2013 \u0105\u017euolo imitacija"},"content":{"rendered":"<p>Modelis: BC-03<br \/>\nSpalva: Artisan Oak<br \/>\nMatmenys: Kaip parodyta paveiksl\u0117lyje<br \/>\nMed\u017eiaga: Korpusas ir priekin\u0117 dalis pagaminti i\u0161 laminuotos plok\u0161t\u0117s ir MDF su \u201eArtisan Oak\u201c apdaila.<br \/>\nPavir\u0161ius atsparus pa\u017eeidimams, \u012fbr\u0117\u017eimams, dr\u0117gmei ir temperat\u016brai.<br \/>\nABS kra\u0161tai didesniam kra\u0161t\u0173 tvirtumui.<br \/>\nMetalinis lovos r\u0117mas stabilumui.<br \/>\nMedinis groteli\u0173 r\u0117mas patogiam miegui.<br \/>\nPneumatiniai keltuvai lengvam atidarymui ir u\u017edarymui.<br \/>\n\u0160velnaus u\u017edarymo mechanizmas tyliam ir saugiam u\u017edarymui.<br \/>\nPatalynei pritvirtinti skirti dir\u017eai panaikina papildomos vietos daiktams laikyti poreik\u012f.<br \/>\nOdin\u0117 rankena suteikia elegancijos ir patogumo.<br \/>\nNaujas, gamykloje supakuotas produktas, skirtas savaranki\u0161kam surinkimui.<\/p>\n<p>Vertikali 90 cm sienin\u0117 lova \u201eLenart BED CONCEPT BC-03\u201c \u2013 tai funkcionali sienin\u0117 lova, leid\u017eianti maksimaliai i\u0161naudoti erdv\u0119 namuose. \u201eLenart\u201c prek\u0117s \u017eenklas suk\u016br\u0117 bald\u0105, kuris per akimirk\u0105 paver\u010dia kambar\u012f patogiu miegamuoju. \u201eArtisan Oak\u201c versija derina moderni\u0105 form\u0105 su jaukia, nat\u016bralia apdaila, kuri dera prie daugelio interjer\u0173. \u201eBED CONCEPT BC-03\u201c modelis skirtas 90 cm plo\u010dio \u010diu\u017einiui, tod\u0117l tai idealus pasirinkimas vienam asmeniui, paaugliui ar vyresniam vaikui. Sienin\u0117s lovos viduje yra papildomos lentynos, puikiai tinkan\u010dios knygoms, dekoracijoms ar smulkiems kasdieniams aksesuarams laikyti. 2019 m. Poznan\u0117s tarptautin\u0117je parodoje lova buvo apdovanota aukso medaliu, patvirtinan\u010diu jos auk\u0161t\u0105 kokyb\u0119 ir inovatyvum\u0105. D\u0117l tvirtos konstrukcijos, metalinio r\u0117mo ir pneumatini\u0173 keltuv\u0173 baldas yra visi\u0161kai saugus ir lengvai naudojamas. Dien\u0105 palieka laisvos vietos kitai veiklai, o vakare jis virsta patogia miegojimo vieta.<\/p>","protected":false},"excerpt":{"rendered":"<p>Modelis: BC-03 Spalva: Artisan Oak Matmenys: Kaip parodyta paveiksl\u0117lyje Med\u017eiaga: Korpusas ir priekis pagaminti i\u0161 laminuotos plok\u0161t\u0117s ir MDF su Artisan Oak apdaila. Pavir\u0161ius atsparus pa\u017eeidimams, \u012fbr\u0117\u017eimams, dr\u0117gmei ir temperat\u016brai. ABS kra\u0161tai padidintam kra\u0161t\u0173 tvirtumui. Metalinis lovos r\u0117mas stabilumui. Medinis groteli\u0173 r\u0117mas patogiam miegui. Pneumatiniai keltuvai lengvam atidarymui ir u\u017edarymui. \u0160velnaus u\u017edarymo [\u2026]<\/p>","protected":false},"featured_media":248476,"comment_status":"open","ping_status":"open","template":"","meta":[],"product_brand":[],"product_cat":[505,2454,9196],"product_tag":[],"class_list":{"0":"post-248475","1":"product","2":"type-product","3":"status-publish","4":"has-post-thumbnail","6":"product_cat-bedroom-beds","7":"product_cat-lenart","8":"product_cat-furniture-system-bed-concept-lenart","10":"first","11":"instock","12":"purchasable","13":"product-type-simple"},"_links":{"self":[{"href":"https:\/\/baldumarket.lt\/lt\/wp-json\/wp\/v2\/product\/248475","targetHints":{"allow":["GET"]}}],"collection":[{"href":"https:\/\/baldumarket.lt\/lt\/wp-json\/wp\/v2\/product"}],"about":[{"href":"https:\/\/baldumarket.lt\/lt\/wp-json\/wp\/v2\/types\/product"}],"replies":[{"embeddable":true,"href":"https:\/\/baldumarket.lt\/lt\/wp-json\/wp\/v2\/comments?post=248475"}],"wp:featuredmedia":[{"embeddable":true,"href":"https:\/\/baldumarket.lt\/lt\/wp-json\/wp\/v2\/media\/248476"}],"wp:attachment":[{"href":"https:\/\/baldumarket.lt\/lt\/wp-json\/wp\/v2\/media?parent=248475"}],"wp:term":[{"taxonomy":"product_brand","embeddable":true,"href":"https:\/\/baldumarket.lt\/lt\/wp-json\/wp\/v2\/product_brand?post=248475"},{"taxonomy":"product_cat","embeddable":true,"href":"https:\/\/baldumarket.lt\/lt\/wp-json\/wp\/v2\/product_cat?post=248475"},{"taxonomy":"product_tag","embeddable":true,"href":"https:\/\/baldumarket.lt\/lt\/wp-json\/wp\/v2\/product_tag?post=248475"}],"curies":[{"name":"wp","href":"https:\/\/api.w.org\/{rel}","templated":true}]}}