{"id":24847,"date":"2025-11-14T16:18:37","date_gmt":"2025-11-14T13:18:37","guid":{"rendered":"https:\/\/baldumarket.lt\/product\/verlice-grey-80x150\/"},"modified":"2026-03-24T18:20:29","modified_gmt":"2026-03-24T15:20:29","slug":"verlice-grey-80x150","status":"publish","type":"product","link":"https:\/\/baldumarket.lt\/lt\/product\/verlice-grey-80x150\/","title":{"rendered":"Verlice pilka 80\u00d7150"},"content":{"rendered":"<p>\u201eVerlice Grey\u201c kilimas \u2013 puikus pasirinkimas m\u0117gstantiems tradicinius dizainus. Prislopinta pilka spalva ir \u0161iek tiek ilgesnis plaukas suteikia jam universalumo prakti\u0161kai bet kurioje erdv\u0117je. Kilimas, austas i\u0161 polipropileno si\u016bl\u0173, atsparus mechaniniams pa\u017eeidimams, trin\u010diai ir dilimui. Be to, jo elastingas plaukas greitai gr\u012f\u017eta \u012f pradin\u0119 form\u0105 ir apsaugo nuo statin\u0117s elektros.<\/p>","protected":false},"excerpt":{"rendered":"<p>\u201eVerlice Grey\u201c kilimas \u2013 puikus pasirinkimas tiems, kurie m\u0117gsta tradicinius dizainus. Prislopinta pilka spalva ir \u0161iek tiek ilgesnis p\u016bkas paver\u010dia j\u012f universaliu priedu prakti\u0161kai bet kurioje erdv\u0117je. I\u0161 polipropileno si\u016bl\u0173 austas kilimas atsparus mechaniniams pa\u017eeidimams, trin\u010diai ir dilimui. Be to, jo elastingas p\u016bkas greitai gr\u012f\u017eta \u012f pradin\u0119 form\u0105 ir neleid\u017eia [\u2026]<\/p>","protected":false},"featured_media":24838,"comment_status":"open","ping_status":"open","template":"","meta":[],"product_brand":[],"product_cat":[1167,2012],"product_tag":[],"class_list":{"0":"post-24847","1":"product","2":"type-product","3":"status-publish","4":"has-post-thumbnail","6":"product_cat-carpets","7":"product_cat-eltap","9":"first","10":"instock","11":"purchasable","12":"product-type-simple"},"_links":{"self":[{"href":"https:\/\/baldumarket.lt\/lt\/wp-json\/wp\/v2\/product\/24847","targetHints":{"allow":["GET"]}}],"collection":[{"href":"https:\/\/baldumarket.lt\/lt\/wp-json\/wp\/v2\/product"}],"about":[{"href":"https:\/\/baldumarket.lt\/lt\/wp-json\/wp\/v2\/types\/product"}],"replies":[{"embeddable":true,"href":"https:\/\/baldumarket.lt\/lt\/wp-json\/wp\/v2\/comments?post=24847"}],"wp:featuredmedia":[{"embeddable":true,"href":"https:\/\/baldumarket.lt\/lt\/wp-json\/wp\/v2\/media\/24838"}],"wp:attachment":[{"href":"https:\/\/baldumarket.lt\/lt\/wp-json\/wp\/v2\/media?parent=24847"}],"wp:term":[{"taxonomy":"product_brand","embeddable":true,"href":"https:\/\/baldumarket.lt\/lt\/wp-json\/wp\/v2\/product_brand?post=24847"},{"taxonomy":"product_cat","embeddable":true,"href":"https:\/\/baldumarket.lt\/lt\/wp-json\/wp\/v2\/product_cat?post=24847"},{"taxonomy":"product_tag","embeddable":true,"href":"https:\/\/baldumarket.lt\/lt\/wp-json\/wp\/v2\/product_tag?post=24847"}],"curies":[{"name":"wp","href":"https:\/\/api.w.org\/{rel}","templated":true}]}}