{"id":248459,"date":"2026-01-10T17:53:44","date_gmt":"2026-01-10T14:53:44","guid":{"rendered":"https:\/\/baldumarket.lt\/product\/bed-concept-bc-03-polkotapczan-pionowy-90-szary\/"},"modified":"2026-04-07T15:38:47","modified_gmt":"2026-04-07T12:38:47","slug":"bed-concept-bc-03-polkotapczan-pionowy-90-szary","status":"publish","type":"product","link":"https:\/\/baldumarket.lt\/lt\/product\/bed-concept-bc-03-polkotapczan-pionowy-90-szary\/","title":{"rendered":"Lovos koncepcija BC-03 \u2013 vertikali prie sienos montuojama lova 90 \u2013 pilka"},"content":{"rendered":"<p>Modelis: BC-03<br \/>\nSpalva: pilka<br \/>\nMatmenys: Kaip parodyta paveiksl\u0117lyje<br \/>\nMed\u017eiaga: Korpusas ir priekin\u0117 dalis pagaminti i\u0161 auk\u0161tos kokyb\u0117s laminuotos plok\u0161t\u0117s ir pilkos spalvos MDF.<br \/>\nAtsparus \u012fbr\u0117\u017eimams, dr\u0117gmei ir auk\u0161tai temperat\u016brai.<br \/>\nABS briauna sutvirtina bald\u0173 kra\u0161tus.<br \/>\nMetalinis lovos r\u0117mas u\u017etikrina stabilum\u0105.<br \/>\nMedinis groteli\u0173 r\u0117mas patogiam poilsiui.<br \/>\nPneumatiniai keltuvai lengvam atidarymui ir u\u017edarymui.<br \/>\n\u0160velnaus u\u017edarymo sistema u\u017etikrina tyl\u0173 u\u017edarym\u0105.<br \/>\nDir\u017eai pritvirtina patalyn\u0119, tod\u0117l nereikia papildomos vietos daiktams laikyti.<br \/>\nOdin\u0117 rankena patogumui ir elegancijai.<br \/>\nNaujas, gamykloje supakuotas produktas, skirtas savaranki\u0161kam surinkimui.<\/p>\n<p>\u201eLenart BED CONCEPT BC-03\u201c vertikali prie sienos tvirtinama lova, kurios ilgis 90 cm, yra prakti\u0161ka ir moderni prie sienos tvirtinama lova, puikiai tinkanti ma\u017eiems butams. \u201eLenart\u201c prek\u0117s \u017eenklas suk\u016br\u0117 bald\u0105, kuris leis per akimirk\u0105 svetain\u0119 ar jaunimo kambar\u012f paversti patogiu miegamuoju. Pilka versija pasi\u017eymi eleganti\u0161ka ir nesenstan\u010dia i\u0161vaizda, tod\u0117l lengvai pritaikoma \u012fvairiems interjero dizainams. \u201eBED CONCEPT BC-03\u201c modelis skirtas 90 cm plo\u010dio \u010diu\u017einiui, tod\u0117l tai puikus pasirinkimas vienam asmeniui, paaugliui ar vyresniam vaikui. Papildomos lentynos prie sienos tvirtinamos lovos viduje leid\u017eia laikyti knygas, dekoracijas ir smulkius kasdienius aksesuarus. Tvirtas korpusas, metalinis r\u0117mas ir pneumatiniai keltuvai garantuoja saugum\u0105 ir patog\u0173 naudojim\u0105. \u0160ios savyb\u0117s peln\u0117 baldams 2019 m. Poznan\u0117s tarptautin\u0117s parodos aukso medal\u012f. D\u0117l minimalistinio dizaino ir funkcionalumo pilka prie sienos tvirtinama lova BC-03 puikiai tinka tiek kasdieniam naudojimui, tiek sve\u010di\u0173 kambariui, u\u017etikrindama patog\u0173 mieg\u0105 ir taupydama viet\u0105.<\/p>","protected":false},"excerpt":{"rendered":"<p>Modelis: BC-03 Spalva: Pilka Matmenys: Kaip parodyta paveiksl\u0117lyje Med\u017eiaga: Korpusas ir priekis pagaminti i\u0161 auk\u0161tos kokyb\u0117s laminuotos plok\u0161t\u0117s ir pilkos spalvos MDF. Atspar\u016bs \u012fbr\u0117\u017eimams, dr\u0117gmei ir auk\u0161tai temperat\u016brai. ABS kra\u0161tai sutvirtina baldo kra\u0161tus. Metalinis lovos r\u0117mas u\u017etikrina stabilum\u0105. Medinis groteli\u0173 r\u0117mas patogiam poilsiui. Pneumatiniai keltuvai lengvam atidarymui ir u\u017edarymui. \u0160velnaus u\u017edarymo sistema u\u017etikrina tyl\u0173 veikim\u0105 [\u2026]<\/p>","protected":false},"featured_media":248460,"comment_status":"open","ping_status":"open","template":"","meta":[],"product_brand":[],"product_cat":[505,2454,9196],"product_tag":[],"class_list":{"0":"post-248459","1":"product","2":"type-product","3":"status-publish","4":"has-post-thumbnail","6":"product_cat-bedroom-beds","7":"product_cat-lenart","8":"product_cat-furniture-system-bed-concept-lenart","10":"first","11":"instock","12":"purchasable","13":"product-type-simple"},"_links":{"self":[{"href":"https:\/\/baldumarket.lt\/lt\/wp-json\/wp\/v2\/product\/248459","targetHints":{"allow":["GET"]}}],"collection":[{"href":"https:\/\/baldumarket.lt\/lt\/wp-json\/wp\/v2\/product"}],"about":[{"href":"https:\/\/baldumarket.lt\/lt\/wp-json\/wp\/v2\/types\/product"}],"replies":[{"embeddable":true,"href":"https:\/\/baldumarket.lt\/lt\/wp-json\/wp\/v2\/comments?post=248459"}],"wp:featuredmedia":[{"embeddable":true,"href":"https:\/\/baldumarket.lt\/lt\/wp-json\/wp\/v2\/media\/248460"}],"wp:attachment":[{"href":"https:\/\/baldumarket.lt\/lt\/wp-json\/wp\/v2\/media?parent=248459"}],"wp:term":[{"taxonomy":"product_brand","embeddable":true,"href":"https:\/\/baldumarket.lt\/lt\/wp-json\/wp\/v2\/product_brand?post=248459"},{"taxonomy":"product_cat","embeddable":true,"href":"https:\/\/baldumarket.lt\/lt\/wp-json\/wp\/v2\/product_cat?post=248459"},{"taxonomy":"product_tag","embeddable":true,"href":"https:\/\/baldumarket.lt\/lt\/wp-json\/wp\/v2\/product_tag?post=248459"}],"curies":[{"name":"wp","href":"https:\/\/api.w.org\/{rel}","templated":true}]}}