{"id":248451,"date":"2026-01-10T17:53:41","date_gmt":"2026-01-10T14:53:41","guid":{"rendered":"https:\/\/baldumarket.lt\/product\/bed-concept-bc-04-polkotapczan-poziomy-140-bialy\/"},"modified":"2026-02-11T18:32:21","modified_gmt":"2026-02-11T15:32:21","slug":"bed-concept-bc-04-polkotapczan-poziomy-140-bialy","status":"publish","type":"product","link":"https:\/\/baldumarket.lt\/lt\/product\/bed-concept-bc-04-polkotapczan-poziomy-140-bialy\/","title":{"rendered":"Lovos koncepcija BC-04 \u2013 horizontali prie sienos montuojama lova 140 \u2013 balta"},"content":{"rendered":"<p>Modelis: BC-04<br \/>\nSpalva: balta<br \/>\nMatmenys: Kaip parodyta paveiksl\u0117lyje<br \/>\nMed\u017eiaga: Korpusas ir priekin\u0117 dalis pagaminti i\u0161 baltos laminuotos plok\u0161t\u0117s ir MDF.<br \/>\nPavir\u0161ius atsparus pa\u017eeidimams, dr\u0117gmei ir auk\u0161tai temperat\u016brai.<br \/>\nABS briauna apsaugo kra\u0161tus.<br \/>\nMetalinis lovos r\u0117mas u\u017etikrina stabilum\u0105.<br \/>\nMedinis groteli\u0173 r\u0117mas u\u017etikrina patog\u0173 mieg\u0105.<br \/>\nPneumatiniai keltuvai padeda atidaryti ir u\u017edaryti.<br \/>\n\u0160velnaus u\u017edarymo sistema u\u017etikrina tyl\u0173 ir saug\u0173 u\u017edarym\u0105.<br \/>\nDir\u017eai pritvirtina patalyn\u0119, tod\u0117l nereikia papildomos vietos daiktams laikyti.<br \/>\nOdin\u0117 rankena padidina patogum\u0105 ir estetik\u0105.<br \/>\nNaujas, gamykloje supakuotas, surinkamas savaranki\u0161kai<\/p>\n<p>\u201eLenart BED CONCEPT BC-04\u201c horizontali sienin\u0117 lova, 140 cm, yra moderni sienin\u0117 lova, puikiai tinkanti ma\u017eiems ir vidutinio dyd\u017eio butams. \u201eLenart\u201c suk\u016br\u0117 bald\u0105, kuris leis jums per akimirk\u0105 paversti savo svetain\u0119 patogiu miegamuoju. Balta versija pasi\u017eymi eleganti\u0161ka ir nesenstan\u010dia i\u0161vaizda, tod\u0117l tinka \u012fvairiems interjero dizaino stiliams. \u201eBED CONCEPT BC-04\u201c modelis skirtas 140 cm plo\u010dio \u010diu\u017einiui, tod\u0117l tai idealus pasirinkimas kaip lova porai arba erdviai miegojimo vietai vienam asmeniui. Prakti\u0161kos lentynos viduje leid\u017eia laikyti knygas, dekoracijas ir kasdienius daiktus. Stabili konstrukcija, metalinis r\u0117mas ir pneumatiniai keltuvai u\u017etikrina komfort\u0105 ir saugum\u0105, o u\u017e inovatyvum\u0105 ir meistri\u0161kumo kokyb\u0119 baldas buvo apdovanotas 2019 m. aukso medaliu Poznan\u0117s tarptautin\u0117je parodoje. \u0160is sprendimas apjungia funkcionalum\u0105, erdv\u0119 taupant\u012f dizain\u0105 ir modern\u0173 dizain\u0105. Jis puikiai tinka kasdieniam naudojimui, taip pat sve\u010di\u0173 kambariui, si\u016blydamas patog\u0173 nakties mieg\u0105 ir lankst\u0173 erdv\u0117s i\u0161d\u0117stym\u0105.<\/p>","protected":false},"excerpt":{"rendered":"<p>Modelis: BC-04 Spalva: Balta Matmenys: Kaip parodyta paveiksl\u0117lyje Med\u017eiaga: Korpusas ir priekis pagaminti i\u0161 baltos laminuotos plok\u0161t\u0117s ir MDF. Pavir\u0161ius atsparus pa\u017eeidimams, dr\u0117gmei ir auk\u0161tai temperat\u016brai. ABS kra\u0161tai apsaugo kra\u0161tus. Metalinis lovos r\u0117mas u\u017etikrina stabilum\u0105. Medinis groteli\u0173 r\u0117mas u\u017etikrina patog\u0173 mieg\u0105. Pneumatiniai keltuvai padeda atidaryti ir u\u017edaryti. \u0160velnaus u\u017edarymo sistema u\u017etikrina tyl\u0173 ir saug\u0173 [\u2026]<\/p>","protected":false},"featured_media":248452,"comment_status":"open","ping_status":"open","template":"","meta":[],"product_brand":[],"product_cat":[505,2454,9196],"product_tag":[],"class_list":{"0":"post-248451","1":"product","2":"type-product","3":"status-publish","4":"has-post-thumbnail","6":"product_cat-bedroom-beds","7":"product_cat-lenart","8":"product_cat-furniture-system-bed-concept-lenart","10":"first","11":"instock","12":"purchasable","13":"product-type-simple"},"_links":{"self":[{"href":"https:\/\/baldumarket.lt\/lt\/wp-json\/wp\/v2\/product\/248451","targetHints":{"allow":["GET"]}}],"collection":[{"href":"https:\/\/baldumarket.lt\/lt\/wp-json\/wp\/v2\/product"}],"about":[{"href":"https:\/\/baldumarket.lt\/lt\/wp-json\/wp\/v2\/types\/product"}],"replies":[{"embeddable":true,"href":"https:\/\/baldumarket.lt\/lt\/wp-json\/wp\/v2\/comments?post=248451"}],"wp:featuredmedia":[{"embeddable":true,"href":"https:\/\/baldumarket.lt\/lt\/wp-json\/wp\/v2\/media\/248452"}],"wp:attachment":[{"href":"https:\/\/baldumarket.lt\/lt\/wp-json\/wp\/v2\/media?parent=248451"}],"wp:term":[{"taxonomy":"product_brand","embeddable":true,"href":"https:\/\/baldumarket.lt\/lt\/wp-json\/wp\/v2\/product_brand?post=248451"},{"taxonomy":"product_cat","embeddable":true,"href":"https:\/\/baldumarket.lt\/lt\/wp-json\/wp\/v2\/product_cat?post=248451"},{"taxonomy":"product_tag","embeddable":true,"href":"https:\/\/baldumarket.lt\/lt\/wp-json\/wp\/v2\/product_tag?post=248451"}],"curies":[{"name":"wp","href":"https:\/\/api.w.org\/{rel}","templated":true}]}}