{"id":248430,"date":"2026-01-10T17:53:33","date_gmt":"2026-01-10T14:53:33","guid":{"rendered":"https:\/\/baldumarket.lt\/product\/bed-concept-bc-04-polkotapczan-poziomy-140-kaszmir\/"},"modified":"2026-02-11T18:32:21","modified_gmt":"2026-02-11T15:32:21","slug":"bed-concept-bc-04-polkotapczan-poziomy-140-kaszmir","status":"publish","type":"product","link":"https:\/\/baldumarket.lt\/lt\/produktas\/bed-concept-bc-04-polkotapczan-poziomy-140-kaszmir\/","title":{"rendered":"Lovos koncepcija BC-04 \u2013 horizontali sienin\u0117 lova 140 \u2013 ka\u0161myro"},"content":{"rendered":"<p>Modelis: STAN sofa<br \/>\nSpalva: Ka\u0161myras<br \/>\nMatmenys: Kaip parodyta paveiksl\u0117lyje<br \/>\nPagaminta i\u0161: Korpusas ir priekin\u0117 dalis pagaminti i\u0161 auk\u0161tos kokyb\u0117s laminuotos plok\u0161t\u0117s ir ka\u0161myro spalvos MDF.<br \/>\nPavir\u0161ius atsparus \u012fbr\u0117\u017eimams, dr\u0117gmei ir auk\u0161tai temperat\u016brai.<br \/>\nABS apvadai papildomam tvirtumui.<br \/>\nTvirtas metalinis r\u0117mas didesniam patvarumui.<br \/>\nMedinis groteli\u0173 r\u0117mas patogiam miegui.<br \/>\nPneumatiniai keltuvai lengvam ir saugiam atidarymui.<br \/>\n\u0160velnaus u\u017edarymo mechanizmas tyliam u\u017edarymui.<br \/>\nPatalynei pritvirtinti skirti dir\u017eai panaikina papildomos vietos daiktams laikyti poreik\u012f.<br \/>\nNat\u016bralios odos rankenos pabr\u0117\u017eia elegancij\u0105 ir patogum\u0105.<br \/>\nNaujas, gamykloje supakuotas, surinkamas savaranki\u0161kai<\/p>\n<p>\u201eLenart BED CONCEPT BC-04\u201c horizontali sienin\u0117 lova 140 cm yra funkcionali sienin\u0117 lova, kuri puikiai tiks moderniame interjere. \u201eLenart\u201c suk\u016br\u0117 bald\u0105, kuris per akimirk\u0105 gali paversti j\u016bs\u0173 svetain\u0119 patogiu miegamuoju. Ka\u0161myro spalvos versija suteikia elegancijos ir \u0161ilumos, be to, ji dera prie daugelio interjero dizaino stili\u0173. \u201eBED CONCEPT BC-04\u201c modelis skirtas 140 cm plo\u010dio \u010diu\u017einiui, tod\u0117l tinka porai arba erdviai miegojimo vietai vienam asmeniui. Viduje yra prakti\u0161kos lentynos, puikiai tinkan\u010dios knygoms, dekoracijoms ar kasdieniams daiktams. Baldas i\u0161siskiria tvirta konstrukcija \u2013 stabilus, prie sienos tvirtinamas r\u0117mas, metalinis r\u0117mas ir pneumatiniai keltuvai u\u017etikrina saug\u0173 ir patog\u0173 naudojim\u0105. Sienin\u0117 lova buvo \u012fvertinta Poznan\u0117s tarptautin\u0117je parodoje, gavusi 2019 m. aukso medal\u012f u\u017e inovacijas ir auk\u0161t\u0105 kokyb\u0119. \u0160is sprendimas derina estetik\u0105, funkcionalum\u0105 ir saugum\u0105, u\u017etikrindamas patog\u0173 mieg\u0105 ir taupydamas viet\u0105 kiekvien\u0105 dien\u0105.<\/p>","protected":false},"excerpt":{"rendered":"<p>Modelis: STAN Sofa Spalva: Ka\u0161myras Matmenys: Kaip parodyta paveiksl\u0117lyje Pagaminta i\u0161: Korpusas ir priekis pagaminti i\u0161 auk\u0161tos kokyb\u0117s laminuotos plok\u0161t\u0117s ir ka\u0161myro spalvos MDF. Pavir\u0161ius atsparus \u012fbr\u0117\u017eimams, dr\u0117gmei ir auk\u0161tai temperat\u016brai. ABS kra\u0161tai papildomam tvirtumui. Tvirtas metalinis r\u0117mas didesniam patvarumui. Medinis groteli\u0173 r\u0117mas patogiam miegui. Pneumatiniai keltuvai lengvam ir saugiam atidarymui. \u0160velnaus u\u017edarymo mechanizmas [\u2026]<\/p>","protected":false},"featured_media":248431,"comment_status":"open","ping_status":"open","template":"","meta":[],"product_brand":[],"product_cat":[505,2454,9196],"product_tag":[],"class_list":{"0":"post-248430","1":"product","2":"type-product","3":"status-publish","4":"has-post-thumbnail","6":"product_cat-bedroom-beds","7":"product_cat-lenart","8":"product_cat-furniture-system-bed-concept-lenart","10":"first","11":"instock","12":"purchasable","13":"product-type-simple"},"_links":{"self":[{"href":"https:\/\/baldumarket.lt\/lt\/wp-json\/wp\/v2\/product\/248430","targetHints":{"allow":["GET"]}}],"collection":[{"href":"https:\/\/baldumarket.lt\/lt\/wp-json\/wp\/v2\/product"}],"about":[{"href":"https:\/\/baldumarket.lt\/lt\/wp-json\/wp\/v2\/types\/product"}],"replies":[{"embeddable":true,"href":"https:\/\/baldumarket.lt\/lt\/wp-json\/wp\/v2\/comments?post=248430"}],"wp:featuredmedia":[{"embeddable":true,"href":"https:\/\/baldumarket.lt\/lt\/wp-json\/wp\/v2\/media\/248431"}],"wp:attachment":[{"href":"https:\/\/baldumarket.lt\/lt\/wp-json\/wp\/v2\/media?parent=248430"}],"wp:term":[{"taxonomy":"product_brand","embeddable":true,"href":"https:\/\/baldumarket.lt\/lt\/wp-json\/wp\/v2\/product_brand?post=248430"},{"taxonomy":"product_cat","embeddable":true,"href":"https:\/\/baldumarket.lt\/lt\/wp-json\/wp\/v2\/product_cat?post=248430"},{"taxonomy":"product_tag","embeddable":true,"href":"https:\/\/baldumarket.lt\/lt\/wp-json\/wp\/v2\/product_tag?post=248430"}],"curies":[{"name":"wp","href":"https:\/\/api.w.org\/{rel}","templated":true}]}}