{"id":248407,"date":"2026-01-10T17:53:22","date_gmt":"2026-01-10T14:53:22","guid":{"rendered":"https:\/\/baldumarket.lt\/product\/bed-concept-bc-06p-polkotapczan-poziomy-90-bialy-polysk\/"},"modified":"2026-02-11T18:32:21","modified_gmt":"2026-02-11T15:32:21","slug":"bed-concept-bc-06p-polkotapczan-poziomy-90-bialy-polysk","status":"publish","type":"product","link":"https:\/\/baldumarket.lt\/lt\/product\/bed-concept-bc-06p-polkotapczan-poziomy-90-bialy-polysk\/","title":{"rendered":"Lovos koncepcija BC-06p \u2013 horizontali sienin\u0117 lova 90 \u2013 balta blizgi"},"content":{"rendered":"<p>Modelis: BC-06p<br \/>\nSpalva: Blizgi balta<br \/>\nMatmenys: Kaip parodyta paveiksl\u0117lyje<br \/>\nMed\u017eiaga: Korpusas ir priekin\u0117 dalis pagaminti i\u0161 laminuotos ir MDF plok\u0161t\u0117s, atsparios pa\u017eeidimams ir dr\u0117gmei<br \/>\nBlizgus pavir\u0161ius eleganti\u0161kam efektui<br \/>\nKra\u0161tai apsaugoti patvariu ABS plastiku<br \/>\nTvirtas metalinis r\u0117mas ir atramos mechanizmas<br \/>\nMedinis groteli\u0173 r\u0117mas patogiam miegui<br \/>\nPneumatiniai keltuvai lengvam lovos valdymui<br \/>\n\u0160velnaus u\u017edarymo sistema, skirta suma\u017einti triuk\u0161m\u0105 u\u017edarant<br \/>\nPridedama odin\u0117 rankena<br \/>\n\u012e komplekt\u0105 \u012feina patalyn\u0117s dir\u017eeliai<br \/>\nNaujas produktas, gamykloje u\u017eplombuotas, skirtas savaranki\u0161kam surinkimui<\/p>\n<p>\u201eLenart BED CONCEPT BC-06p\u201c \u2013 tai 90\u00b0 kampu horizontali sienin\u0117 lova blizgios baltos spalvos, skirta tiems, kurie vertina funkcionalum\u0105 ir modern\u0173 stili\u0173. Tai puikus sprendimas ma\u017eiems butams, studijos tipo apartamentams, jaunimo kambariams ar sve\u010di\u0173 kambariams, kur svarbus kiekvienas erdv\u0117s centimetras. \u201eLenart BED CONCEPT BC-06p\u201c akimirksniu pavers j\u016bs\u0173 svetain\u0119 patogiu miegamuoju, o eleganti\u0161ka, blizgi apdaila suteikia interjerui modernumo. Lova, sukurta 90 cm plo\u010dio \u010diu\u017einiui, puikiai tinka vienam asmeniui, vyresniam vaikui ar paaugliui. \u012emontuotos lentynos leid\u017eia laikyti knygas, dekoracijas ar kasdienius reikmenis. Pneumatiniai keltuvai ir \u0161velnaus u\u017edarymo sistema u\u017etikrina patog\u0173 ir saug\u0173 atidarym\u0105 bei u\u017edarym\u0105, o patalyn\u0117s tvirtinimo dir\u017eeliai u\u017etikrina, kad jums nereik\u0117s r\u016bpintis papildoma daikt\u0173 laikymo vieta. Tvirta, prie sienos tvirtinama konstrukcija, metalinis r\u0117mas, groteli\u0173 r\u0117mas ir kruop\u0161ti apdaila daro lov\u0105 toki\u0105 pat patogi\u0105 ir patvari\u0105, kaip ir klasikiniai miegamojo baldai. Tai prakti\u0161kas ir eleganti\u0161kas sprendimas, kuris pad\u0117s jums sukurti funkcionali\u0105 ir esteti\u0161kai patraukli\u0105 erdv\u0119.<\/p>","protected":false},"excerpt":{"rendered":"<p>Modelis: BC-06p Spalva: Blizgi balta Matmenys: Kaip parodyta paveiksl\u0117lyje Med\u017eiaga: Korpusas ir priekin\u0117 dalis pagaminti i\u0161 laminuotos ir MDF plok\u0161t\u0117s, atsparios pa\u017eeidimams ir dr\u0117gmei Blizgi apdaila eleganti\u0161kam efektui Kra\u0161tai apsaugoti patvariu ABS plastiku Tvirtas metalinis r\u0117mas ir atramos mechanizmas Medinis groteli\u0173 r\u0117mas patogiam miegui Pneumatiniai keltuvai lengvam lovos valdymui \u0160velnaus u\u017edarymo sistema [\u2026]<\/p>","protected":false},"featured_media":248408,"comment_status":"open","ping_status":"open","template":"","meta":[],"product_brand":[],"product_cat":[505,2454,9196],"product_tag":[],"class_list":{"0":"post-248407","1":"product","2":"type-product","3":"status-publish","4":"has-post-thumbnail","6":"product_cat-bedroom-beds","7":"product_cat-lenart","8":"product_cat-furniture-system-bed-concept-lenart","10":"first","11":"instock","12":"purchasable","13":"product-type-simple"},"_links":{"self":[{"href":"https:\/\/baldumarket.lt\/lt\/wp-json\/wp\/v2\/product\/248407","targetHints":{"allow":["GET"]}}],"collection":[{"href":"https:\/\/baldumarket.lt\/lt\/wp-json\/wp\/v2\/product"}],"about":[{"href":"https:\/\/baldumarket.lt\/lt\/wp-json\/wp\/v2\/types\/product"}],"replies":[{"embeddable":true,"href":"https:\/\/baldumarket.lt\/lt\/wp-json\/wp\/v2\/comments?post=248407"}],"wp:featuredmedia":[{"embeddable":true,"href":"https:\/\/baldumarket.lt\/lt\/wp-json\/wp\/v2\/media\/248408"}],"wp:attachment":[{"href":"https:\/\/baldumarket.lt\/lt\/wp-json\/wp\/v2\/media?parent=248407"}],"wp:term":[{"taxonomy":"product_brand","embeddable":true,"href":"https:\/\/baldumarket.lt\/lt\/wp-json\/wp\/v2\/product_brand?post=248407"},{"taxonomy":"product_cat","embeddable":true,"href":"https:\/\/baldumarket.lt\/lt\/wp-json\/wp\/v2\/product_cat?post=248407"},{"taxonomy":"product_tag","embeddable":true,"href":"https:\/\/baldumarket.lt\/lt\/wp-json\/wp\/v2\/product_tag?post=248407"}],"curies":[{"name":"wp","href":"https:\/\/api.w.org\/{rel}","templated":true}]}}