{"id":248384,"date":"2026-01-10T17:53:13","date_gmt":"2026-01-10T14:53:13","guid":{"rendered":"https:\/\/baldumarket.lt\/product\/bed-concept-bc-07-szafka-1d1s-szary\/"},"modified":"2026-02-11T18:32:22","modified_gmt":"2026-02-11T15:32:22","slug":"bed-concept-bc-07-szafka-1d1s-szary","status":"publish","type":"product","link":"https:\/\/baldumarket.lt\/lt\/product\/bed-concept-bc-07-szafka-1d1s-szary\/","title":{"rendered":"Lovos koncepcija BC-07 \u2013 1d1s spintel\u0117 \u2013 pilka"},"content":{"rendered":"<p>Modelis: BC-07<br \/>\nSpalva: pilka<br \/>\nMatmenys: Kaip parodyta paveiksl\u0117lyje<br \/>\nMed\u017eiaga: Korpusas ir priekin\u0117 dalis pagaminti i\u0161 patvarios, sm\u016bgiams atsparios laminuotos plok\u0161t\u0117s<br \/>\nKra\u0161tai apdirbti patvaria ABS med\u017eiaga<br \/>\nVienos durys, pro kurias atsiveria daug vietos daiktams susid\u0117ti<br \/>\nDvi atviros ni\u0161os knygoms, dekoracijoms ar aksesuarams<br \/>\nVienas prakti\u0161kas stal\u010dius smulkiems daiktams<br \/>\nEleganti\u0161ka, auk\u0161ta forma taupo viet\u0105<br \/>\nNeutrali pilka apdaila papildo modern\u0173 interjer\u0105<br \/>\nPaprastas, minimalistinis dizainas, suderinamas su BED CONCEPT sistema<br \/>\nTvirta ir patvari konstrukcija kasdieniam naudojimui<br \/>\nNaujas produktas, gamykloje u\u017eplombuotas, skirtas savaranki\u0161kam surinkimui<\/p>\n<p>\u201eLenart BED CONCEPT BC-07\u201c \u2013 pilka vieno kambario spintel\u0117, sukurta kaip prakti\u0161kas vertikali\u0173 \u201eBED CONCEPT\u201c kolekcijos lov\u0173 papildymas. \u0160i plona lentyn\u0173 sistema su durel\u0117mis, atviromis ni\u0161omis ir stal\u010diumi pagerina viso komplekto funkcionalum\u0105 ir dar labiau primena klasikin\u012f miegam\u0105j\u012f. \u201eLenart BED CONCEPT BC-07\u201c derina modern\u0173 stili\u0173 su paprastu naudojimu, tod\u0117l tinka \u012fvairiems interjero dizainams. Interjeras yra ergonomi\u0161kai padalintas \u2013 u\u017edara dalis idealiai tinka drabu\u017eiams ir aksesuarams laikyti, atviros lentynos puikiai tinka knygoms ar dekoratyviniams daiktams eksponuoti, o stal\u010dius leid\u017eia laikyti smulkius daiktus, pavyzd\u017eiui, papuo\u0161alus ar dokumentus. Tai suteikia papildomos erdv\u0117s ir palaiko tvark\u0105 kambaryje. Spintel\u0117 pagaminta i\u0161 patvarios laminuotos plok\u0161t\u0117s su pilka apdaila, suteikian\u010dios interjerui modernumo ir elegancijos. Kra\u0161tai apsaugoti patvariu ABS plastiku, kuris padidina atsparum\u0105 kasdieniam naudojimui. \u0160is prakti\u0161kas ir esteti\u0161kai patrauklus elementas puikiai papildo \u201eBED CONCEPT\u201c sistem\u0105.<\/p>","protected":false},"excerpt":{"rendered":"<p>Modelis: BC-07 Spalva: Pilka Matmenys: Kaip parodyta paveiksl\u0117lyje Med\u017eiaga: Korpusas ir fasadai pagaminti i\u0161 patvarios, atsparios pa\u017eeidimams laminuotos plok\u0161t\u0117s Kra\u0161tai apdailinti patvariu ABS plastiku Vienos durys, kuriose yra daug vietos daiktams laikyti Dvi atviros ni\u0161os knygoms, dekoracijoms ar aksesuarams Vienas prakti\u0161kas stal\u010dius smulkiems daiktams Eleganti\u0161ka, auk\u0161ta forma taupo viet\u0105 Neutrali pilka apdaila dera su moderniu interjeru Paprasta, minimalistin\u0117 [\u2026]<\/p>","protected":false},"featured_media":248385,"comment_status":"open","ping_status":"open","template":"","meta":[],"product_brand":[],"product_cat":[2454,9196,1177],"product_tag":[],"class_list":{"0":"post-248384","1":"product","2":"type-product","3":"status-publish","4":"has-post-thumbnail","6":"product_cat-lenart","7":"product_cat-furniture-system-bed-concept-lenart","8":"product_cat-wardrobes","10":"first","11":"instock","12":"purchasable","13":"product-type-simple"},"_links":{"self":[{"href":"https:\/\/baldumarket.lt\/lt\/wp-json\/wp\/v2\/product\/248384","targetHints":{"allow":["GET"]}}],"collection":[{"href":"https:\/\/baldumarket.lt\/lt\/wp-json\/wp\/v2\/product"}],"about":[{"href":"https:\/\/baldumarket.lt\/lt\/wp-json\/wp\/v2\/types\/product"}],"replies":[{"embeddable":true,"href":"https:\/\/baldumarket.lt\/lt\/wp-json\/wp\/v2\/comments?post=248384"}],"wp:featuredmedia":[{"embeddable":true,"href":"https:\/\/baldumarket.lt\/lt\/wp-json\/wp\/v2\/media\/248385"}],"wp:attachment":[{"href":"https:\/\/baldumarket.lt\/lt\/wp-json\/wp\/v2\/media?parent=248384"}],"wp:term":[{"taxonomy":"product_brand","embeddable":true,"href":"https:\/\/baldumarket.lt\/lt\/wp-json\/wp\/v2\/product_brand?post=248384"},{"taxonomy":"product_cat","embeddable":true,"href":"https:\/\/baldumarket.lt\/lt\/wp-json\/wp\/v2\/product_cat?post=248384"},{"taxonomy":"product_tag","embeddable":true,"href":"https:\/\/baldumarket.lt\/lt\/wp-json\/wp\/v2\/product_tag?post=248384"}],"curies":[{"name":"wp","href":"https:\/\/api.w.org\/{rel}","templated":true}]}}