{"id":24835,"date":"2025-11-14T16:17:51","date_gmt":"2025-11-14T13:17:51","guid":{"rendered":"https:\/\/baldumarket.lt\/product\/verlice-beige-80x150\/"},"modified":"2026-03-24T18:20:29","modified_gmt":"2026-03-24T15:20:29","slug":"verlice-beige-80x150","status":"publish","type":"product","link":"https:\/\/baldumarket.lt\/lt\/product\/verlice-beige-80x150\/","title":{"rendered":"Verlice sm\u0117lio spalvos 80\u00d7150"},"content":{"rendered":"<p>\u201eVerlice Beige\u201c kilimas si\u016blo alternatyv\u0105 ry\u0161kesniems variantams. Jo vienodas sm\u0117lio spalvos pavir\u0161ius su ilgesniu plaukeliu yra saugus pasirinkimas, kuris papildys daugum\u0105 interjer\u0173, tiek klasikini\u0173, tiek moderni\u0173. Sintetinis polipropileno plaukelis daro m\u016bs\u0173 gamin\u012f atspar\u0173 mechaniniams pa\u017eeidimams, trin\u010diai ir dilimui. Be to, j\u012f lengva valyti: jis nesugeria d\u0117mi\u0173 ir nesudaro terp\u0117s mikrobams veistis.<\/p>","protected":false},"excerpt":{"rendered":"<p>\u201eVerlice Beige\u201c kilimas si\u016blo alternatyv\u0105 ry\u0161kesniems variantams. Jo vienodas sm\u0117lio spalvos pavir\u0161ius su ilgesniu plaukeliu yra saugus pasirinkimas, kuris papildys daugum\u0105 interjer\u0173, tiek klasikini\u0173, tiek moderni\u0173. Sintetinis polipropileno plaukelis daro m\u016bs\u0173 gamin\u012f atspar\u0173 mechaniniams pa\u017eeidimams, trin\u010diai ir dilimui. Be to, j\u012f lengva valyti: jis nesugeria [\u2026]<\/p>","protected":false},"featured_media":24826,"comment_status":"open","ping_status":"open","template":"","meta":[],"product_brand":[],"product_cat":[1167,2012],"product_tag":[],"class_list":{"0":"post-24835","1":"product","2":"type-product","3":"status-publish","4":"has-post-thumbnail","6":"product_cat-carpets","7":"product_cat-eltap","9":"first","10":"instock","11":"purchasable","12":"product-type-simple"},"_links":{"self":[{"href":"https:\/\/baldumarket.lt\/lt\/wp-json\/wp\/v2\/product\/24835","targetHints":{"allow":["GET"]}}],"collection":[{"href":"https:\/\/baldumarket.lt\/lt\/wp-json\/wp\/v2\/product"}],"about":[{"href":"https:\/\/baldumarket.lt\/lt\/wp-json\/wp\/v2\/types\/product"}],"replies":[{"embeddable":true,"href":"https:\/\/baldumarket.lt\/lt\/wp-json\/wp\/v2\/comments?post=24835"}],"wp:featuredmedia":[{"embeddable":true,"href":"https:\/\/baldumarket.lt\/lt\/wp-json\/wp\/v2\/media\/24826"}],"wp:attachment":[{"href":"https:\/\/baldumarket.lt\/lt\/wp-json\/wp\/v2\/media?parent=24835"}],"wp:term":[{"taxonomy":"product_brand","embeddable":true,"href":"https:\/\/baldumarket.lt\/lt\/wp-json\/wp\/v2\/product_brand?post=24835"},{"taxonomy":"product_cat","embeddable":true,"href":"https:\/\/baldumarket.lt\/lt\/wp-json\/wp\/v2\/product_cat?post=24835"},{"taxonomy":"product_tag","embeddable":true,"href":"https:\/\/baldumarket.lt\/lt\/wp-json\/wp\/v2\/product_tag?post=24835"}],"curies":[{"name":"wp","href":"https:\/\/api.w.org\/{rel}","templated":true}]}}