{"id":248307,"date":"2026-01-10T17:52:40","date_gmt":"2026-01-10T14:52:40","guid":{"rendered":"https:\/\/baldumarket.lt\/product\/bed-concept-bc-13p-polkotapczan-pionowy-180-bialy-polysk\/"},"modified":"2026-02-11T18:32:22","modified_gmt":"2026-02-11T15:32:22","slug":"bed-concept-bc-13p-polkotapczan-pionowy-180-bialy-polysk","status":"publish","type":"product","link":"https:\/\/baldumarket.lt\/lt\/produktas\/bed-concept-bc-13p-polkotapczan-pionowy-180-bialy-polysk\/","title":{"rendered":"Lovos koncepcija BC-13p \u2013 vertikali sienin\u0117 lova 180 \u2013 balta blizgi"},"content":{"rendered":"<p>Modelis: BC-13p<br \/>\nSpalva: Blizgi balta<br \/>\nMatmenys: Kaip parodyta paveiksl\u0117lyje<br \/>\nDizainas: Vertikali sienin\u0117 lova 180 x 200 cm \u010diu\u017einiui<br \/>\nModernus mechanizmas, kur\u012f palaiko pneumatiniai keltuvai<br \/>\nStabilus metalinis r\u0117mas ir groteli\u0173 r\u0117mas<br \/>\nPatalyn\u0117s u\u017esegimo dir\u017eeliai ir \u0161velnaus u\u017edarymo sistema<br \/>\nPrakti\u0161kos vidin\u0117s lentynos<br \/>\nPagaminta i\u0161 laminuotos plok\u0161t\u0117s ir MDF su ABS briaunomis<br \/>\nNat\u016bralios odos rankenos<br \/>\nGalima papildomai \u012frengti BC-07 ir BC-08 lentynas bei LED ap\u0161vietim\u0105<br \/>\nNaujas produktas, gamykloje u\u017eplombuotas, skirtas savaranki\u0161kam surinkimui<\/p>\n<p>\u201eLenart BED CONCEPT BC-13\u201c \u2013 tai vertikali sienin\u0117 lova, skirta 180 cm \u010diu\u017einiui. \u201eLenart\u201c suk\u016br\u0117 \u0161\u012f model\u012f, siekdama suderinti kasdienio miego komfort\u0105 su moderniu dizainu ir vietos taupymo funkcionalumu. Balta versija puikiai pagyvina interjer\u0105 ir vizualiai j\u012f padidina, tod\u0117l tinka tiek ma\u017eiems butams, tiek erdviems interjerams. BC-13 modelis i\u0161siskiria prakti\u0161ku mechanizmu \u2013 atidarymas ir u\u017edarymas yra lengvas ir saugus d\u0117l pneumatini\u0173 keltuv\u0173. Stabilus metalinis r\u0117mas, groteli\u0173 pagrindas ir patalyn\u0117s tvirtinimo dir\u017eeliai daro lov\u0105 toki\u0105 pat patogi\u0105, kaip ir tradicin\u012f model\u012f, tuo pa\u010diu leisdami akimirksniu atgauti erdv\u0119 kambaryje. Papildomas privalumas \u2013 vidin\u0117s lentynos, kurios gali b\u016bti prakti\u0161ka knyg\u0173, telefono ar dekoracij\u0173 saugykla. BC-13 sienin\u0117 lova 2019 m. Poznan\u0117s tarptautin\u0117je parodoje buvo apdovanota aukso medaliu, patvirtinan\u010diu auk\u0161t\u0105 kokyb\u0119 ir inovatyvum\u0105. Baldai pagaminti i\u0161 laminuotos plok\u0161t\u0117s ir MDF, atspari\u0173 pa\u017eeidimams ir dr\u0117gmei, o fasadai ir karkasai apsaugoti ABS apvadais. Nat\u016bralios odos rankenos pabr\u0117\u017eia kruop\u0161t\u0173 apdail\u0105. Be to, \u0161velnaus u\u017edarymo sistema leid\u017eia u\u017edaryti beveik tyliai.<\/p>","protected":false},"excerpt":{"rendered":"<p>Modelis: BC-13p Spalva: Blizgi balta Matmenys: Kaip parodyta paveiksl\u0117lyje Dizainas: Vertikali sienin\u0117 lova 180 x 200 cm \u010diu\u017einiui Modernus mechanizmas, kur\u012f palaiko pneumatiniai keltuvai Stabilus metalinis ir groteli\u0173 r\u0117mas Lovos tvirtinimo dir\u017eeliai ir \u0161velnaus u\u017edarymo sistema Prakti\u0161kos vidin\u0117s lentynos Pagaminta i\u0161 laminuotos plok\u0161t\u0117s ir MDF su ABS kra\u0161tais Nat\u016bralios odos rankenos Gali [\u2026]<\/p>","protected":false},"featured_media":248308,"comment_status":"open","ping_status":"open","template":"","meta":[],"product_brand":[],"product_cat":[9251],"product_tag":[],"class_list":{"0":"post-248307","1":"product","2":"type-product","3":"status-publish","4":"has-post-thumbnail","6":"product_cat-musor","8":"first","9":"instock","10":"purchasable","11":"product-type-simple"},"_links":{"self":[{"href":"https:\/\/baldumarket.lt\/lt\/wp-json\/wp\/v2\/product\/248307","targetHints":{"allow":["GET"]}}],"collection":[{"href":"https:\/\/baldumarket.lt\/lt\/wp-json\/wp\/v2\/product"}],"about":[{"href":"https:\/\/baldumarket.lt\/lt\/wp-json\/wp\/v2\/types\/product"}],"replies":[{"embeddable":true,"href":"https:\/\/baldumarket.lt\/lt\/wp-json\/wp\/v2\/comments?post=248307"}],"wp:featuredmedia":[{"embeddable":true,"href":"https:\/\/baldumarket.lt\/lt\/wp-json\/wp\/v2\/media\/248308"}],"wp:attachment":[{"href":"https:\/\/baldumarket.lt\/lt\/wp-json\/wp\/v2\/media?parent=248307"}],"wp:term":[{"taxonomy":"product_brand","embeddable":true,"href":"https:\/\/baldumarket.lt\/lt\/wp-json\/wp\/v2\/product_brand?post=248307"},{"taxonomy":"product_cat","embeddable":true,"href":"https:\/\/baldumarket.lt\/lt\/wp-json\/wp\/v2\/product_cat?post=248307"},{"taxonomy":"product_tag","embeddable":true,"href":"https:\/\/baldumarket.lt\/lt\/wp-json\/wp\/v2\/product_tag?post=248307"}],"curies":[{"name":"wp","href":"https:\/\/api.w.org\/{rel}","templated":true}]}}