{"id":248292,"date":"2026-01-10T17:52:34","date_gmt":"2026-01-10T14:52:34","guid":{"rendered":"https:\/\/baldumarket.lt\/product\/bed-concept-bc-12p-polkotapczan-pionowy-160-bialy-polysk\/"},"modified":"2026-02-11T18:32:22","modified_gmt":"2026-02-11T15:32:22","slug":"bed-concept-bc-12p-polkotapczan-pionowy-160-bialy-polysk","status":"publish","type":"product","link":"https:\/\/baldumarket.lt\/lt\/produktas\/bed-concept-bc-12p-polkotapczan-pionowy-160-bialy-polysk\/","title":{"rendered":"Lovos koncepcija BC-12p \u2013 vertikali sienin\u0117 lova 160 \u2013 balta blizgi"},"content":{"rendered":"<p>Modelis: BC-12p<br \/>\nSpalva: Blizgi balta<br \/>\nMatmenys: Kaip parodyta paveiksl\u0117lyje<br \/>\nMed\u017eiaga: Korpusas ir priekin\u0117 dalis pagaminti i\u0161 dr\u0117gmei, \u012fbr\u0117\u017eimams ir temperat\u016brai atsparios laminuotos ir MDF plok\u0161t\u0117s<br \/>\nPavir\u0161ius padengtas eleganti\u0161ka blizgia balta spalva<br \/>\nABS kra\u0161tai padidina patvarum\u0105 ir atsparum\u0105 pa\u017eeidimams<br \/>\nStabilus metalinis lovos r\u0117mas su priekin\u0117je dalyje integruota atrama<br \/>\nPneumatiniai keltuvai lengvam atidarymui ir u\u017edarymui<br \/>\n\u0160velnaus u\u017edarymo sistema tyliam ir skland\u017eiam veikimui<br \/>\nMedinis groteli\u0173 r\u0117mas patogiam miegui<br \/>\nOdin\u0117 rankena priekyje<br \/>\nPatalyn\u0117s dir\u017eeliai leid\u017eia laikyti antklod\u0119 ir pagalves kartu su lova<br \/>\nNaujas produktas, gamykloje supakuotas, skirtas savaranki\u0161kam surinkimui<\/p>\n<p>\u201eLenart BED CONCEPT BC-12p\u201c \u2013 tai 160 cm plo\u010dio vertikali sienin\u0117 lova, pasi\u017eyminti eleganti\u0161ka blizgia balta spalva, kurioje dera modernus dizainas ir maksimalus funkcionalumas. \u0160is prakti\u0161kas sprendimas leid\u017eia per akimirk\u0105 paversti bet kur\u012f kambar\u012f patogiu miegamuoju, o sulanks\u010dius v\u0117l atsiras vietos kasdienei veiklai. \u201eLenart\u201c u\u017etikrino, kad \u201eBED CONCEPT BC-12p\u201c si\u016blo ne tik komfort\u0105, bet ir saugum\u0105 bei ilgaam\u017ei\u0161kum\u0105, u\u017e tai 2019 m. buvo \u012fteiktas MTP aukso medalis. Sienin\u0117 lova turi vidines lentynas, puikiai tinkan\u010dias knygoms, dekoracijoms ar kasdieniams daiktams laikyti. D\u0117l metalinio r\u0117mo, medini\u0173 groteli\u0173 r\u0117mo ir \u010diu\u017einio stabilizatoriaus miego komfortas yra toks pat, kaip ir tradicin\u0117je lovoje. Lovos atidarymas ir u\u017edarymas yra lengvas ir saugus d\u0117l pneumatini\u0173 keltuv\u0173 ir \u0161velnaus u\u017edarymo sistemos, kuri pa\u0161alina triuk\u0161m\u0105 ir u\u017etikrina skland\u0173 veikim\u0105. Blizgios apdailos BC-12p modelis puikiai dera prie modernaus interjero ir dekoro, kur svarbiausia elegancija ir universalus dizainas. Tai puikus pasirinkimas studijos tipo butui, sve\u010di\u0173 kambariui, jaunimo kambariui ar net biurui, kuris kartais tarnauja kaip miegojimo vieta.<\/p>","protected":false},"excerpt":{"rendered":"<p>Modelis: BC-12p Spalva: Blizgi balta Matmenys: Kaip parodyta paveiksl\u0117lyje Med\u017eiaga: Korpusas ir priekin\u0117 dalis pagaminti i\u0161 dr\u0117gmei, \u012fbr\u0117\u017eimams ir temperat\u016brai atsparios laminuotos ir MDF plok\u0161t\u0117s Pavir\u0161ius padengtas eleganti\u0161ka blizgia balta ABS apdaila, kad b\u016bt\u0173 patvaresnis ir atsparesnis pa\u017eeidimams Stabilus metalinis lovos r\u0117mas su priekyje integruota atrama Pneumatiniai keltuvai lengvam atidarymui ir [\u2026]<\/p>","protected":false},"featured_media":248293,"comment_status":"open","ping_status":"open","template":"","meta":[],"product_brand":[],"product_cat":[9251],"product_tag":[],"class_list":{"0":"post-248292","1":"product","2":"type-product","3":"status-publish","4":"has-post-thumbnail","6":"product_cat-musor","8":"first","9":"instock","10":"purchasable","11":"product-type-simple"},"_links":{"self":[{"href":"https:\/\/baldumarket.lt\/lt\/wp-json\/wp\/v2\/product\/248292","targetHints":{"allow":["GET"]}}],"collection":[{"href":"https:\/\/baldumarket.lt\/lt\/wp-json\/wp\/v2\/product"}],"about":[{"href":"https:\/\/baldumarket.lt\/lt\/wp-json\/wp\/v2\/types\/product"}],"replies":[{"embeddable":true,"href":"https:\/\/baldumarket.lt\/lt\/wp-json\/wp\/v2\/comments?post=248292"}],"wp:featuredmedia":[{"embeddable":true,"href":"https:\/\/baldumarket.lt\/lt\/wp-json\/wp\/v2\/media\/248293"}],"wp:attachment":[{"href":"https:\/\/baldumarket.lt\/lt\/wp-json\/wp\/v2\/media?parent=248292"}],"wp:term":[{"taxonomy":"product_brand","embeddable":true,"href":"https:\/\/baldumarket.lt\/lt\/wp-json\/wp\/v2\/product_brand?post=248292"},{"taxonomy":"product_cat","embeddable":true,"href":"https:\/\/baldumarket.lt\/lt\/wp-json\/wp\/v2\/product_cat?post=248292"},{"taxonomy":"product_tag","embeddable":true,"href":"https:\/\/baldumarket.lt\/lt\/wp-json\/wp\/v2\/product_tag?post=248292"}],"curies":[{"name":"wp","href":"https:\/\/api.w.org\/{rel}","templated":true}]}}