{"id":248284,"date":"2026-01-10T17:52:30","date_gmt":"2026-01-10T14:52:30","guid":{"rendered":"https:\/\/baldumarket.lt\/product\/bed-concept-bc-14p-polkotapczan-poziomy-160-bialy-polysk\/"},"modified":"2026-02-11T18:32:22","modified_gmt":"2026-02-11T15:32:22","slug":"bed-concept-bc-14p-polkotapczan-poziomy-160-bialy-polysk","status":"publish","type":"product","link":"https:\/\/baldumarket.lt\/lt\/product\/bed-concept-bc-14p-polkotapczan-poziomy-160-bialy-polysk\/","title":{"rendered":"Lovos koncepcija BC-14p \u2013 horizontali sienin\u0117 lova 160 \u2013 balta blizgi"},"content":{"rendered":"<p>Modelis: BC-14p<br \/>\nSpalva: Blizgi balta<br \/>\nMatmenys: Kaip parodyta paveiksl\u0117lyje<br \/>\nDizainas: horizontali sienin\u0117 lova 160 x 200 cm \u010diu\u017einiui<br \/>\nEleganti\u0161ka balta \/ blizgi balta apdaila<br \/>\nPrakti\u0161kos vidin\u0117s lentynos knygoms ir smulkiems daiktams<br \/>\nPneumatiniai keltuvai ir \u0161velnaus u\u017edarymo sistema<br \/>\nStabilus metalinis r\u0117mas ir groteli\u0173 pagrindas<br \/>\nPatalyn\u0117s dir\u017eeliai \u2013 nereikia papildomos vietos antklodei ar pagalv\u0117ms<br \/>\nLaminuota ir MDF plok\u0161t\u0117 su ABS apvadu, rankena i\u0161 nat\u016bralios odos<br \/>\nPapildomi prailginimai ir BC4 LED ap\u0161vietimas<br \/>\nProduktas naujas, gamykloje u\u017eplombuotas, skirtas savaranki\u0161kam surinkimui<\/p>\n<p>\u201eLenart BED CONCEPT BC-14\u201c \u2013 tai horizontali sienin\u0117 lova, skirta 160 cm \u010diu\u017einiui, eleganti\u0161kos baltos\/blizgios baltos spalvos. \u201eLenart\u201c suk\u016br\u0117 bald\u0105, kuris sujungia kasdien\u012f miego komfort\u0105 su modernia i\u0161vaizda ir maksimaliu erdv\u0117s i\u0161naudojimu. BC-14 modelis \u2013 puikus sprendimas namams, kuriuose svarbus kiekvienas kvadratinis metras ir kur svarbiausia yra komfortas bei estetika. Lovoje yra vidin\u0117s lentynos, kuriose galite laikyti knygas, dekoracijas ar kasdienius daiktus, tokius kaip telefonas ar akiniai. Pneumatiniai keltuvai leid\u017eia lengvai atidaryti ir u\u017edaryti, o visa operacija yra sklandi ir saugi. Metalinis r\u0117mas, groteli\u0173 pagrindas ir \u010diu\u017einio stabilizatorius daro sienin\u0119 lov\u0105 toki\u0105 pat patogi\u0105, kaip ir tradicin\u0119 lov\u0105, o \u0161velnaus u\u017edarymo sistema u\u017etikrina tyl\u0173 ir patog\u0173 naudojim\u0105. Blizg\u016bs fasadai ne tik suteikia baldui eleganti\u0161ko charakterio, bet ir pagyvina bei suteikia interjerui lengvumo. Laminuota ir MDF konstrukcija, apsaugota ABS kra\u0161tais, garantuoja atsparum\u0105 pa\u017eeidimams ir ilg\u0105 tarnavimo laik\u0105. BC-14 sienin\u0117 lova 2019 m. Poznan\u0117s tarptautin\u0117je parodoje buvo apdovanota aukso medaliu, patvirtinan\u010diu jos auk\u0161t\u0105 kokyb\u0119 ir funkcionalum\u0105. Taip pat galima komplektuoti su prailginimais ir LED ap\u0161vietimu, pvz., LEDBC4.<\/p>","protected":false},"excerpt":{"rendered":"<p>Modelis: BC-14p Spalva: Blizgi balta Matmenys: Kaip parodyta paveiksl\u0117lyje Dizainas: Horizontali sienin\u0117 lova 160 x 200 cm \u010diu\u017einiui Eleganti\u0161ka balta \/ blizgi balta apdaila Prakti\u0161kos vidin\u0117s lentynos knygoms ir smulkiems daiktams Pneumatiniai keltuvai ir \u0161velnaus u\u017edarymo sistema Stabilus metalinis r\u0117mas ir groteli\u0173 pagrindas Patalyn\u0117s dir\u017eeliai \u2013 nereikia papildomos vietos antklodei ar pagalv\u0117ms [\u2026]<\/p>","protected":false},"featured_media":248285,"comment_status":"open","ping_status":"open","template":"","meta":[],"product_brand":[],"product_cat":[505,2454,9196],"product_tag":[],"class_list":{"0":"post-248284","1":"product","2":"type-product","3":"status-publish","4":"has-post-thumbnail","6":"product_cat-bedroom-beds","7":"product_cat-lenart","8":"product_cat-furniture-system-bed-concept-lenart","10":"first","11":"instock","12":"purchasable","13":"product-type-simple"},"_links":{"self":[{"href":"https:\/\/baldumarket.lt\/lt\/wp-json\/wp\/v2\/product\/248284","targetHints":{"allow":["GET"]}}],"collection":[{"href":"https:\/\/baldumarket.lt\/lt\/wp-json\/wp\/v2\/product"}],"about":[{"href":"https:\/\/baldumarket.lt\/lt\/wp-json\/wp\/v2\/types\/product"}],"replies":[{"embeddable":true,"href":"https:\/\/baldumarket.lt\/lt\/wp-json\/wp\/v2\/comments?post=248284"}],"wp:featuredmedia":[{"embeddable":true,"href":"https:\/\/baldumarket.lt\/lt\/wp-json\/wp\/v2\/media\/248285"}],"wp:attachment":[{"href":"https:\/\/baldumarket.lt\/lt\/wp-json\/wp\/v2\/media?parent=248284"}],"wp:term":[{"taxonomy":"product_brand","embeddable":true,"href":"https:\/\/baldumarket.lt\/lt\/wp-json\/wp\/v2\/product_brand?post=248284"},{"taxonomy":"product_cat","embeddable":true,"href":"https:\/\/baldumarket.lt\/lt\/wp-json\/wp\/v2\/product_cat?post=248284"},{"taxonomy":"product_tag","embeddable":true,"href":"https:\/\/baldumarket.lt\/lt\/wp-json\/wp\/v2\/product_tag?post=248284"}],"curies":[{"name":"wp","href":"https:\/\/api.w.org\/{rel}","templated":true}]}}