{"id":248268,"date":"2026-01-10T17:52:23","date_gmt":"2026-01-10T14:52:23","guid":{"rendered":"https:\/\/baldumarket.lt\/product\/bed-concept-bc-14-polkotapczan-poziomy-160-szary\/"},"modified":"2026-02-11T18:32:23","modified_gmt":"2026-02-11T15:32:23","slug":"bed-concept-bc-14-polkotapczan-poziomy-160-szary","status":"publish","type":"product","link":"https:\/\/baldumarket.lt\/lt\/product\/bed-concept-bc-14-polkotapczan-poziomy-160-szary\/","title":{"rendered":"Lovos koncepcija BC-14 \u2013 horizontali prie sienos montuojama lova 160 \u2013 pilka"},"content":{"rendered":"<p>Modelis: BC-14<br \/>\nSpalva: pilka<br \/>\nMatmenys: Kaip parodyta paveiksl\u0117lyje<br \/>\nDizainas: horizontali sienin\u0117 lova 160 \u00d7 200 cm \u010diu\u017einiui<br \/>\nEleganti\u0161ka pilka apdaila<br \/>\nPrakti\u0161kos vidin\u0117s lentynos<br \/>\nMetalinis r\u0117mas ir groteli\u0173 pagrindas<br \/>\nPneumatiniai keltuvai ir \u0161velnaus u\u017edarymo sistema<br \/>\nPatalyn\u0117s tvirtinimo dir\u017eeliai<br \/>\nPagaminta i\u0161 laminuotos plok\u0161t\u0117s ir MDF + ABS apvado, rankena nat\u016bralios odos<br \/>\nProduktas naujas, gamykloje supakuotas, surinkamas savaranki\u0161kai<\/p>\n<p>\u201eLenart BED CONCEPT BC-14\u201c \u2013 horizontali sienin\u0117 lova 160 cm \u010diu\u017einiui, pilkos spalvos. \u201eLenart\u201c suk\u016br\u0117 \u0161\u012f model\u012f tiems, kurie nori suderinti kasdienio miego komfort\u0105 su modernia i\u0161vaizda ir maksimaliu erdv\u0117s i\u0161naudojimu. D\u0117l savo dizaino BC-14 puikiai tinka ma\u017eiems butams, jaunimo kambariams, studijos tipo apartamentams ar sve\u010di\u0173 kambariams. Lova turi prakti\u0161kas vidines lentynas, puikiai tinkan\u010dias knygoms, dekoracijoms ar kasdieniams daiktams laikyti. Tvirtas metalinis r\u0117mas ir groteli\u0173 r\u0117mas u\u017etikrina komfort\u0105 ir ilgaam\u017ei\u0161kum\u0105, o pneumatiniai keltuvai leid\u017eia lengvai ir saugiai atidaryti. Sienin\u0117 lova taip pat apr\u016bpinta \u0161velnaus u\u017edarymo sistema, u\u017etikrinan\u010dia tyl\u0173 ir skland\u0173 u\u017edarym\u0105. Dir\u017eai, tvirtinantys patalyn\u0119, leid\u017eia sulankstyti lov\u0105 su antklode ir pagalv\u0117mis, tod\u0117l nereikia papildomos vietos daiktams laikyti. Baldai pagaminti i\u0161 laminuotos ir MDF plok\u0161t\u0117s, atsparios pa\u017eeidimams ir dr\u0117gmei. Priekin\u0117s dalys ir karkasai apsaugoti ABS apvadais, o rankena pagaminta i\u0161 nat\u016bralios odos. Pilka spalva daro bald\u0105 universal\u0173 ir tinkant\u012f \u012fvairiems interjerams \u2013 tiek moderniems, tiek klasikiniams. J\u012f taip pat galima i\u0161pl\u0117sti naudojant prailginimus ir LED ap\u0161vietim\u0105, kad dar labiau pritaikytum\u0117te savo poreikiams.<\/p>","protected":false},"excerpt":{"rendered":"<p>Modelis: BC-14 Spalva: Pilka Matmenys: Kaip parodyta paveiksl\u0117lyje Dizainas: Horizontali sienin\u0117 lova 160\u00d7200 cm \u010diu\u017einiui Eleganti\u0161ka pilka apdaila Prakti\u0161kos vidin\u0117s lentynos Metalinis r\u0117mas ir groteli\u0173 pagrindas Pneumatiniai keltuvai ir \u0161velnaus u\u017edarymo sistema Patal\u0173 tvirtinimo dir\u017eeliai Pagaminta i\u0161 laminuotos plok\u0161t\u0117s ir MDF + ABS kra\u0161to, nat\u016bralios odos rankena Produktas naujas, gamykloje supakuotas, surenkamas savaranki\u0161kai Lenart LOVA [\u2026]<\/p>","protected":false},"featured_media":248269,"comment_status":"open","ping_status":"open","template":"","meta":[],"product_brand":[],"product_cat":[505,2454,9196],"product_tag":[],"class_list":{"0":"post-248268","1":"product","2":"type-product","3":"status-publish","4":"has-post-thumbnail","6":"product_cat-bedroom-beds","7":"product_cat-lenart","8":"product_cat-furniture-system-bed-concept-lenart","10":"first","11":"instock","12":"purchasable","13":"product-type-simple"},"_links":{"self":[{"href":"https:\/\/baldumarket.lt\/lt\/wp-json\/wp\/v2\/product\/248268","targetHints":{"allow":["GET"]}}],"collection":[{"href":"https:\/\/baldumarket.lt\/lt\/wp-json\/wp\/v2\/product"}],"about":[{"href":"https:\/\/baldumarket.lt\/lt\/wp-json\/wp\/v2\/types\/product"}],"replies":[{"embeddable":true,"href":"https:\/\/baldumarket.lt\/lt\/wp-json\/wp\/v2\/comments?post=248268"}],"wp:featuredmedia":[{"embeddable":true,"href":"https:\/\/baldumarket.lt\/lt\/wp-json\/wp\/v2\/media\/248269"}],"wp:attachment":[{"href":"https:\/\/baldumarket.lt\/lt\/wp-json\/wp\/v2\/media?parent=248268"}],"wp:term":[{"taxonomy":"product_brand","embeddable":true,"href":"https:\/\/baldumarket.lt\/lt\/wp-json\/wp\/v2\/product_brand?post=248268"},{"taxonomy":"product_cat","embeddable":true,"href":"https:\/\/baldumarket.lt\/lt\/wp-json\/wp\/v2\/product_cat?post=248268"},{"taxonomy":"product_tag","embeddable":true,"href":"https:\/\/baldumarket.lt\/lt\/wp-json\/wp\/v2\/product_tag?post=248268"}],"curies":[{"name":"wp","href":"https:\/\/api.w.org\/{rel}","templated":true}]}}