{"id":248252,"date":"2026-01-10T17:52:16","date_gmt":"2026-01-10T14:52:16","guid":{"rendered":"https:\/\/baldumarket.lt\/product\/bed-concept-bc-03p-polkotapczan-pionowy-90-bialy-polysk\/"},"modified":"2026-04-07T15:38:47","modified_gmt":"2026-04-07T12:38:47","slug":"bed-concept-bc-03p-polkotapczan-pionowy-90-bialy-polysk","status":"publish","type":"product","link":"https:\/\/baldumarket.lt\/lt\/product\/bed-concept-bc-03p-polkotapczan-pionowy-90-bialy-polysk\/","title":{"rendered":"Lovos koncepcija BC-03p \u2013 vertikali sienin\u0117 lova 90 \u2013 balta blizgi"},"content":{"rendered":"<p>Modelis: BC-03p<br \/>\nSpalva: Blizgi balta<br \/>\nMatmenys: Kaip parodyta paveiksl\u0117lyje<br \/>\nPagaminta i\u0161: Korpusas ir priekin\u0117 dalis pagaminti i\u0161 auk\u0161tos kokyb\u0117s laminuotos plok\u0161t\u0117s ir MDF.<br \/>\nPavir\u0161ius atsparus pa\u017eeidimams, dr\u0117gmei ir auk\u0161tai temperat\u016brai.<br \/>\nPatvari ABS kra\u0161t\u0173 apsauga.<br \/>\nMetalinis lovos r\u0117mas didesniam stabilumui.<br \/>\nMedinis groteli\u0173 r\u0117mas patogiam miegui.<br \/>\nPneumatiniai keltuvai lengvam ir saugiam atidarymui.<br \/>\n\u0160velnaus u\u017edarymo mechanizmas tyliam u\u017edarymui.<br \/>\nDir\u017eai pritvirtina patalyn\u0119, tod\u0117l nereikia papildomos vietos daiktams laikyti.<br \/>\nOdin\u0117 rankena lengvam valdymui.<br \/>\nProduktas yra naujas, gamykloje supakuotas ir reikalauja savaranki\u0161ko surinkimo.<\/p>","protected":false},"excerpt":{"rendered":"<p>Modelis: BC-03p Spalva: Blizgi balta Matmenys: Kaip parodyta paveiksl\u0117lyje Pagaminta i\u0161: Korpusas ir priekin\u0117 dalis pagaminti i\u0161 auk\u0161tos kokyb\u0117s laminuotos plok\u0161t\u0117s ir MDF. Pavir\u0161ius atsparus pa\u017eeidimams, dr\u0117gmei ir auk\u0161tai temperat\u016brai. Patvari ABS kra\u0161t\u0173 apsauga. Metalinis lovos r\u0117mas didesniam stabilumui. Medinis groteli\u0173 r\u0117mas patogiam miegui. Pneumatiniai keltuvai lengvam ir saugiam atidarymui. \u0160velnaus u\u017edarymo mechanizmas tyliam [\u2026]<\/p>","protected":false},"featured_media":248253,"comment_status":"open","ping_status":"open","template":"","meta":[],"product_brand":[],"product_cat":[505,2454,9196],"product_tag":[],"class_list":{"0":"post-248252","1":"product","2":"type-product","3":"status-publish","4":"has-post-thumbnail","6":"product_cat-bedroom-beds","7":"product_cat-lenart","8":"product_cat-furniture-system-bed-concept-lenart","10":"first","11":"instock","12":"purchasable","13":"product-type-simple"},"_links":{"self":[{"href":"https:\/\/baldumarket.lt\/lt\/wp-json\/wp\/v2\/product\/248252","targetHints":{"allow":["GET"]}}],"collection":[{"href":"https:\/\/baldumarket.lt\/lt\/wp-json\/wp\/v2\/product"}],"about":[{"href":"https:\/\/baldumarket.lt\/lt\/wp-json\/wp\/v2\/types\/product"}],"replies":[{"embeddable":true,"href":"https:\/\/baldumarket.lt\/lt\/wp-json\/wp\/v2\/comments?post=248252"}],"wp:featuredmedia":[{"embeddable":true,"href":"https:\/\/baldumarket.lt\/lt\/wp-json\/wp\/v2\/media\/248253"}],"wp:attachment":[{"href":"https:\/\/baldumarket.lt\/lt\/wp-json\/wp\/v2\/media?parent=248252"}],"wp:term":[{"taxonomy":"product_brand","embeddable":true,"href":"https:\/\/baldumarket.lt\/lt\/wp-json\/wp\/v2\/product_brand?post=248252"},{"taxonomy":"product_cat","embeddable":true,"href":"https:\/\/baldumarket.lt\/lt\/wp-json\/wp\/v2\/product_cat?post=248252"},{"taxonomy":"product_tag","embeddable":true,"href":"https:\/\/baldumarket.lt\/lt\/wp-json\/wp\/v2\/product_tag?post=248252"}],"curies":[{"name":"wp","href":"https:\/\/api.w.org\/{rel}","templated":true}]}}