{"id":248220,"date":"2026-01-10T17:52:04","date_gmt":"2026-01-10T14:52:04","guid":{"rendered":"https:\/\/baldumarket.lt\/product\/bed-concept-bc-06-polkotapczan-poziomy-90-szary\/"},"modified":"2026-02-11T18:32:23","modified_gmt":"2026-02-11T15:32:23","slug":"bed-concept-bc-06-polkotapczan-poziomy-90-szary","status":"publish","type":"product","link":"https:\/\/baldumarket.lt\/lt\/product\/bed-concept-bc-06-polkotapczan-poziomy-90-szary\/","title":{"rendered":"Lovos koncepcija BC-06 \u2013 horizontali prie sienos montuojama lova 90 \u2013 pilka"},"content":{"rendered":"<p>Modelis: BC-06<br \/>\nSpalva: pilka<br \/>\nMatmenys: Kaip parodyta paveiksl\u0117lyje<br \/>\nMed\u017eiaga: Korpusas ir priekin\u0117 dalis pagaminti i\u0161 \u012fbr\u0117\u017eimams ir dr\u0117gmei atsparios laminuotos plok\u0161t\u0117s ir MDF<br \/>\nKra\u0161tai apsaugoti patvariu ABS plastiku<br \/>\nTvirtas metalinis r\u0117mas ir atramos mechanizmas<br \/>\nMedinis groteli\u0173 r\u0117mas patogiam miegui<br \/>\nPneumatiniai keltuvai lengvam ir saugiam naudojimui<br \/>\n\u0160velnaus u\u017edarymo sistema tyliam u\u017edarymui<br \/>\nPridedama odin\u0117 rankena<br \/>\nStandarti\u0161kai pridedami patalyn\u0117s dir\u017eeliai<br \/>\nGalimyb\u0117 prid\u0117ti prailginimus ir LED ap\u0161vietim\u0105 (pvz., po lentyna montuojam\u0105 LEDBC5)<br \/>\nNaujas produktas, gamykloje u\u017eplombuotas, skirtas savaranki\u0161kam surinkimui<\/p>\n<p>\u201eLenart BED CONCEPT BC-06\u201c \u2013 tai 90\u00b0 horizontali pilka sienin\u0117 lova, sukurta atsi\u017evelgiant \u012f modern\u0173 interjer\u0105 ir erdv\u0119 taupan\u010dias savybes. Tai puikus sprendimas ma\u017eiems butams, jaunimo kambariams ar studijos tipo apartamentams, kur svarbus kiekvienas kvadratinis metras. \u201eLenart BED CONCEPT BC-06\u201c sujungia tradicin\u0117s lovos patogum\u0105 su baldo funkcionalumu, kuris akimirksniu paver\u010dia svetain\u0119 patogiu miegamuoju. Sukurta 90 cm plo\u010dio \u010diu\u017einiui, tai puikus pasirinkimas vaikui, paaugliui ar vienam asmeniui. \u012emontuotos lentynos leid\u017eia laikyti knygas, dekoracijas ar kasdienius daiktus, pavyzd\u017eiui, telefon\u0105. Pneumatiniai keltuvai, \u0161velnaus u\u017edarymo sistema ir patalyn\u0117s dir\u017eeliai leid\u017eia baldu naudotis paprastai, saugiai ir patogiai. Tvirta konstrukcija, metalinis r\u0117mas, groteli\u0173 r\u0117mas ir tvirtinimas prie sienos garantuoja stabilum\u0105 ir ilgaam\u017ei\u0161kum\u0105. Pilka spalva suteikia bet kokiam interjerui modernaus ir neutralaus charakterio, tod\u0117l lova der\u0117s prie \u012fvairi\u0173 dekoro element\u0173. 2019 m. Poznan\u0117s tarptautin\u0117s mug\u0117s aukso medalis patvirtina, kad tai auk\u0161\u010diausios kokyb\u0117s produktas, pateisinantis net ir reikliausi\u0173 vartotoj\u0173 l\u016bkes\u010dius.<\/p>","protected":false},"excerpt":{"rendered":"<p>Modelis: BC-06 Spalva: Pilka Matmenys: Kaip parodyta paveiksl\u0117lyje Med\u017eiaga: Korpusas ir priekin\u0117 dalis pagaminti i\u0161 \u012fbr\u0117\u017eimams ir dr\u0117gmei atsparios laminuotos plok\u0161t\u0117s ir MDF Kra\u0161tai apsaugoti patvariu ABS Tvirtas metalinis r\u0117mas ir atramos mechanizmas Medinis groteli\u0173 r\u0117mas patogiam miegui Pneumatiniai keltuvai lengvam ir saugiam naudojimui \u0160velnaus u\u017edarymo sistema tyliam u\u017edarymui Pridedama odin\u0117 rankena Patalyn\u0117s dir\u017eeliai [\u2026]<\/p>","protected":false},"featured_media":248221,"comment_status":"open","ping_status":"open","template":"","meta":[],"product_brand":[],"product_cat":[505,2454,9196],"product_tag":[],"class_list":{"0":"post-248220","1":"product","2":"type-product","3":"status-publish","4":"has-post-thumbnail","6":"product_cat-bedroom-beds","7":"product_cat-lenart","8":"product_cat-furniture-system-bed-concept-lenart","10":"first","11":"instock","12":"purchasable","13":"product-type-simple"},"_links":{"self":[{"href":"https:\/\/baldumarket.lt\/lt\/wp-json\/wp\/v2\/product\/248220","targetHints":{"allow":["GET"]}}],"collection":[{"href":"https:\/\/baldumarket.lt\/lt\/wp-json\/wp\/v2\/product"}],"about":[{"href":"https:\/\/baldumarket.lt\/lt\/wp-json\/wp\/v2\/types\/product"}],"replies":[{"embeddable":true,"href":"https:\/\/baldumarket.lt\/lt\/wp-json\/wp\/v2\/comments?post=248220"}],"wp:featuredmedia":[{"embeddable":true,"href":"https:\/\/baldumarket.lt\/lt\/wp-json\/wp\/v2\/media\/248221"}],"wp:attachment":[{"href":"https:\/\/baldumarket.lt\/lt\/wp-json\/wp\/v2\/media?parent=248220"}],"wp:term":[{"taxonomy":"product_brand","embeddable":true,"href":"https:\/\/baldumarket.lt\/lt\/wp-json\/wp\/v2\/product_brand?post=248220"},{"taxonomy":"product_cat","embeddable":true,"href":"https:\/\/baldumarket.lt\/lt\/wp-json\/wp\/v2\/product_cat?post=248220"},{"taxonomy":"product_tag","embeddable":true,"href":"https:\/\/baldumarket.lt\/lt\/wp-json\/wp\/v2\/product_tag?post=248220"}],"curies":[{"name":"wp","href":"https:\/\/api.w.org\/{rel}","templated":true}]}}